{"id":5531157,"date":"2026-01-29T22:02:35","date_gmt":"2026-01-29T21:02:35","guid":{"rendered":"https:\/\/stoic-curie.212-227-153-4.plesk.page\/product\/muetze-helly-hansen-svolvaer-gelb-groesse-l\/"},"modified":"2026-02-24T23:35:07","modified_gmt":"2026-02-24T23:35:07","slug":"muetze-helly-hansen-svolvaer-gelb-groesse-l","status":"publish","type":"product","link":"https:\/\/stoic-curie.212-227-153-4.plesk.page\/de\/product\/muetze-helly-hansen-svolvaer-gelb-groesse-l\/","title":{"rendered":"M\u00fctze Helly Hansen Svolvaer Gelb &#8211; Gr\u00f6\u00dfe L"},"content":{"rendered":"<p>M\u00fctze Helly Hansen Svolvaer Gelb &#8211; Gr\u00f6\u00dfe L &#8211; <\/p>\n<p>Die Helly Hansen Svolvaer-M\u00fctze besteht aus einem PU-beschichteten Polyesterstoff mit einem Gewicht von 410 g\/m2 und ist ideal, um Sie beim Angeln oder bei anderen Aktivit\u00e4ten an Bord oder auf dem Deck vor Wasser zu sch\u00fctzen. Sie verf\u00fcgt \u00fcber eine Innenausstattung, Ohrenschutzklappen und einen Kinnriemen.<\/p>\n","protected":false},"excerpt":{"rendered":"<p>M\u00fctze Helly Hansen Svolvaer Gelb &#8211; Gr\u00f6\u00dfe L &#8211; Die Helly Hansen Svolvaer-M\u00fctze besteht aus einem PU-beschichteten Polyesterstoff mit einem<\/p>\n","protected":false},"featured_media":5944596,"comment_status":"open","ping_status":"closed","template":"","meta":[],"product_brand":[3000],"product_cat":[1570],"product_tag":[],"class_list":{"0":"post-5531157","1":"product","2":"type-product","3":"status-publish","4":"has-post-thumbnail","6":"product_brand-helly-hansen-de","7":"product_cat-nautische-bekleidung-helly-hansen","9":"first","10":"instock","11":"shipping-taxable","12":"purchasable","13":"product-type-simple"},"_links":{"self":[{"href":"https:\/\/stoic-curie.212-227-153-4.plesk.page\/de\/wp-json\/wp\/v2\/product\/5531157","targetHints":{"allow":["GET"]}}],"collection":[{"href":"https:\/\/stoic-curie.212-227-153-4.plesk.page\/de\/wp-json\/wp\/v2\/product"}],"about":[{"href":"https:\/\/stoic-curie.212-227-153-4.plesk.page\/de\/wp-json\/wp\/v2\/types\/product"}],"replies":[{"embeddable":true,"href":"https:\/\/stoic-curie.212-227-153-4.plesk.page\/de\/wp-json\/wp\/v2\/comments?post=5531157"}],"version-history":[{"count":0,"href":"https:\/\/stoic-curie.212-227-153-4.plesk.page\/de\/wp-json\/wp\/v2\/product\/5531157\/revisions"}],"wp:featuredmedia":[{"embeddable":true,"href":"https:\/\/stoic-curie.212-227-153-4.plesk.page\/de\/wp-json\/wp\/v2\/media\/5944596"}],"wp:attachment":[{"href":"https:\/\/stoic-curie.212-227-153-4.plesk.page\/de\/wp-json\/wp\/v2\/media?parent=5531157"}],"wp:term":[{"taxonomy":"product_brand","embeddable":true,"href":"https:\/\/stoic-curie.212-227-153-4.plesk.page\/de\/wp-json\/wp\/v2\/product_brand?post=5531157"},{"taxonomy":"product_cat","embeddable":true,"href":"https:\/\/stoic-curie.212-227-153-4.plesk.page\/de\/wp-json\/wp\/v2\/product_cat?post=5531157"},{"taxonomy":"product_tag","embeddable":true,"href":"https:\/\/stoic-curie.212-227-153-4.plesk.page\/de\/wp-json\/wp\/v2\/product_tag?post=5531157"}],"curies":[{"name":"wp","href":"https:\/\/api.w.org\/{rel}","templated":true}]}}