{"id":5531172,"date":"2026-01-29T22:03:22","date_gmt":"2026-01-29T21:03:22","guid":{"rendered":"https:\/\/stoic-curie.212-227-153-4.plesk.page\/product\/einfacher-kettenmarker-fuer-6-kette-o-mm-orange-14-stueck\/"},"modified":"2026-02-24T23:35:26","modified_gmt":"2026-02-24T23:35:26","slug":"einfacher-kettenmarker-fuer-6-kette-o-mm-orange-14-stueck","status":"publish","type":"product","link":"https:\/\/stoic-curie.212-227-153-4.plesk.page\/de\/product\/einfacher-kettenmarker-fuer-6-kette-o-mm-orange-14-stueck\/","title":{"rendered":"Einfacher Kettenmarker f\u00fcr 6 Kette \u00d8 mm &#8211; Orange &#8211; 14 St\u00fcck"},"content":{"rendered":"<p>Einfacher Kettenmarker f\u00fcr 6 Kette \u00d8 mm &#8211; Orange &#8211; 14 St\u00fcck &#8211; <\/p>\n<p>Farbenfrohe Kunststoff-Kettenmarker, die in Kettenglieder eingesetzt werden, um die L\u00e4nge leicht anzuzeigen.<\/p>\n","protected":false},"excerpt":{"rendered":"<p>Einfacher Kettenmarker f\u00fcr 6 Kette \u00d8 mm &#8211; Orange &#8211; 14 St\u00fcck &#8211; Farbenfrohe Kunststoff-Kettenmarker, die in Kettenglieder eingesetzt werden,<\/p>\n","protected":false},"featured_media":5949249,"comment_status":"open","ping_status":"closed","template":"","meta":[],"product_brand":[3205],"product_cat":[1333,1332],"product_tag":[],"class_list":{"0":"post-5531172","1":"product","2":"type-product","3":"status-publish","4":"has-post-thumbnail","6":"product_brand-nova-argonautica-de","7":"product_cat-kalibrierte-edelstahlkette","8":"product_cat-kalibrierte-kette-verzinkt","10":"first","11":"instock","12":"shipping-taxable","13":"purchasable","14":"product-type-simple"},"_links":{"self":[{"href":"https:\/\/stoic-curie.212-227-153-4.plesk.page\/de\/wp-json\/wp\/v2\/product\/5531172","targetHints":{"allow":["GET"]}}],"collection":[{"href":"https:\/\/stoic-curie.212-227-153-4.plesk.page\/de\/wp-json\/wp\/v2\/product"}],"about":[{"href":"https:\/\/stoic-curie.212-227-153-4.plesk.page\/de\/wp-json\/wp\/v2\/types\/product"}],"replies":[{"embeddable":true,"href":"https:\/\/stoic-curie.212-227-153-4.plesk.page\/de\/wp-json\/wp\/v2\/comments?post=5531172"}],"version-history":[{"count":0,"href":"https:\/\/stoic-curie.212-227-153-4.plesk.page\/de\/wp-json\/wp\/v2\/product\/5531172\/revisions"}],"wp:featuredmedia":[{"embeddable":true,"href":"https:\/\/stoic-curie.212-227-153-4.plesk.page\/de\/wp-json\/wp\/v2\/media\/5949249"}],"wp:attachment":[{"href":"https:\/\/stoic-curie.212-227-153-4.plesk.page\/de\/wp-json\/wp\/v2\/media?parent=5531172"}],"wp:term":[{"taxonomy":"product_brand","embeddable":true,"href":"https:\/\/stoic-curie.212-227-153-4.plesk.page\/de\/wp-json\/wp\/v2\/product_brand?post=5531172"},{"taxonomy":"product_cat","embeddable":true,"href":"https:\/\/stoic-curie.212-227-153-4.plesk.page\/de\/wp-json\/wp\/v2\/product_cat?post=5531172"},{"taxonomy":"product_tag","embeddable":true,"href":"https:\/\/stoic-curie.212-227-153-4.plesk.page\/de\/wp-json\/wp\/v2\/product_tag?post=5531172"}],"curies":[{"name":"wp","href":"https:\/\/api.w.org\/{rel}","templated":true}]}}