{"id":5531185,"date":"2026-01-29T22:03:39","date_gmt":"2026-01-29T21:03:39","guid":{"rendered":"https:\/\/stoic-curie.212-227-153-4.plesk.page\/product\/einfache-kettenmarkierung-fuer-12-ketten-o-mm-blau-8-stk\/"},"modified":"2026-02-24T23:35:26","modified_gmt":"2026-02-24T23:35:26","slug":"einfache-kettenmarkierung-fuer-12-ketten-o-mm-blau-8-stk","status":"publish","type":"product","link":"https:\/\/stoic-curie.212-227-153-4.plesk.page\/de\/product\/einfache-kettenmarkierung-fuer-12-ketten-o-mm-blau-8-stk\/","title":{"rendered":"Einfache Kettenmarkierung f\u00fcr 12 Ketten \u00d8 mm &#8211; Blau (8 Stk.)"},"content":{"rendered":"<p>Einfache Kettenmarkierung f\u00fcr 12 Ketten \u00d8 mm &#8211; Blau (8 Stk.) &#8211; <\/p>\n<p>Farbenfrohe Kunststoffkettenmarkierungen, die in Kettenglieder eingesetzt werden k\u00f6nnen, um die L\u00e4nge anzuzeigen.<\/p>\n","protected":false},"excerpt":{"rendered":"<p>Einfache Kettenmarkierung f\u00fcr 12 Ketten \u00d8 mm &#8211; Blau (8 Stk.) &#8211; Farbenfrohe Kunststoffkettenmarkierungen, die in Kettenglieder eingesetzt werden k\u00f6nnen,<\/p>\n","protected":false},"featured_media":5949249,"comment_status":"open","ping_status":"closed","template":"","meta":[],"product_brand":[3085],"product_cat":[1333,1332],"product_tag":[],"class_list":{"0":"post-5531185","1":"product","2":"type-product","3":"status-publish","4":"has-post-thumbnail","6":"product_brand-maggigroup-de","7":"product_cat-kalibrierte-edelstahlkette","8":"product_cat-kalibrierte-kette-verzinkt","10":"first","11":"instock","12":"shipping-taxable","13":"purchasable","14":"product-type-simple"},"_links":{"self":[{"href":"https:\/\/stoic-curie.212-227-153-4.plesk.page\/de\/wp-json\/wp\/v2\/product\/5531185","targetHints":{"allow":["GET"]}}],"collection":[{"href":"https:\/\/stoic-curie.212-227-153-4.plesk.page\/de\/wp-json\/wp\/v2\/product"}],"about":[{"href":"https:\/\/stoic-curie.212-227-153-4.plesk.page\/de\/wp-json\/wp\/v2\/types\/product"}],"replies":[{"embeddable":true,"href":"https:\/\/stoic-curie.212-227-153-4.plesk.page\/de\/wp-json\/wp\/v2\/comments?post=5531185"}],"version-history":[{"count":0,"href":"https:\/\/stoic-curie.212-227-153-4.plesk.page\/de\/wp-json\/wp\/v2\/product\/5531185\/revisions"}],"wp:featuredmedia":[{"embeddable":true,"href":"https:\/\/stoic-curie.212-227-153-4.plesk.page\/de\/wp-json\/wp\/v2\/media\/5949249"}],"wp:attachment":[{"href":"https:\/\/stoic-curie.212-227-153-4.plesk.page\/de\/wp-json\/wp\/v2\/media?parent=5531185"}],"wp:term":[{"taxonomy":"product_brand","embeddable":true,"href":"https:\/\/stoic-curie.212-227-153-4.plesk.page\/de\/wp-json\/wp\/v2\/product_brand?post=5531185"},{"taxonomy":"product_cat","embeddable":true,"href":"https:\/\/stoic-curie.212-227-153-4.plesk.page\/de\/wp-json\/wp\/v2\/product_cat?post=5531185"},{"taxonomy":"product_tag","embeddable":true,"href":"https:\/\/stoic-curie.212-227-153-4.plesk.page\/de\/wp-json\/wp\/v2\/product_tag?post=5531185"}],"curies":[{"name":"wp","href":"https:\/\/api.w.org\/{rel}","templated":true}]}}