{"id":5531192,"date":"2026-01-29T22:03:45","date_gmt":"2026-01-29T21:03:45","guid":{"rendered":"https:\/\/stoic-curie.212-227-153-4.plesk.page\/product\/verzinkter-klampen-380mm\/"},"modified":"2026-02-24T23:35:26","modified_gmt":"2026-02-24T23:35:26","slug":"verzinkter-klampen-380mm","status":"publish","type":"product","link":"https:\/\/stoic-curie.212-227-153-4.plesk.page\/de\/product\/verzinkter-klampen-380mm\/","title":{"rendered":"Verzinkter Klampen 380mm"},"content":{"rendered":"<p>Verzinkter Klampen 380mm &#8211; Dieser hochwertige galvanisierte Stahl-Dock cleat ist auf Haltbarkeit und St\u00e4rke ausgelegt und bietet einen zuverl\u00e4ssigen Festmachpunkt f\u00fcr Boote und Wasserfahrzeuge.<\/p>\n","protected":false},"excerpt":{"rendered":"<p>Verzinkter Klampen 380mm &#8211; Dieser hochwertige galvanisierte Stahl-Dock cleat ist auf Haltbarkeit und St\u00e4rke ausgelegt und bietet einen zuverl\u00e4ssigen Festmachpunkt<\/p>\n","protected":false},"featured_media":5949252,"comment_status":"open","ping_status":"closed","template":"","meta":[],"product_brand":[3085],"product_cat":[1417],"product_tag":[],"class_list":{"0":"post-5531192","1":"product","2":"type-product","3":"status-publish","4":"has-post-thumbnail","6":"product_brand-maggigroup-de","7":"product_cat-deckklampen","9":"first","10":"instock","11":"shipping-taxable","12":"purchasable","13":"product-type-simple"},"_links":{"self":[{"href":"https:\/\/stoic-curie.212-227-153-4.plesk.page\/de\/wp-json\/wp\/v2\/product\/5531192","targetHints":{"allow":["GET"]}}],"collection":[{"href":"https:\/\/stoic-curie.212-227-153-4.plesk.page\/de\/wp-json\/wp\/v2\/product"}],"about":[{"href":"https:\/\/stoic-curie.212-227-153-4.plesk.page\/de\/wp-json\/wp\/v2\/types\/product"}],"replies":[{"embeddable":true,"href":"https:\/\/stoic-curie.212-227-153-4.plesk.page\/de\/wp-json\/wp\/v2\/comments?post=5531192"}],"version-history":[{"count":0,"href":"https:\/\/stoic-curie.212-227-153-4.plesk.page\/de\/wp-json\/wp\/v2\/product\/5531192\/revisions"}],"wp:featuredmedia":[{"embeddable":true,"href":"https:\/\/stoic-curie.212-227-153-4.plesk.page\/de\/wp-json\/wp\/v2\/media\/5949252"}],"wp:attachment":[{"href":"https:\/\/stoic-curie.212-227-153-4.plesk.page\/de\/wp-json\/wp\/v2\/media?parent=5531192"}],"wp:term":[{"taxonomy":"product_brand","embeddable":true,"href":"https:\/\/stoic-curie.212-227-153-4.plesk.page\/de\/wp-json\/wp\/v2\/product_brand?post=5531192"},{"taxonomy":"product_cat","embeddable":true,"href":"https:\/\/stoic-curie.212-227-153-4.plesk.page\/de\/wp-json\/wp\/v2\/product_cat?post=5531192"},{"taxonomy":"product_tag","embeddable":true,"href":"https:\/\/stoic-curie.212-227-153-4.plesk.page\/de\/wp-json\/wp\/v2\/product_tag?post=5531192"}],"curies":[{"name":"wp","href":"https:\/\/api.w.org\/{rel}","templated":true}]}}