{"id":5531211,"date":"2026-01-29T22:04:04","date_gmt":"2026-01-29T21:04:04","guid":{"rendered":"https:\/\/stoic-curie.212-227-153-4.plesk.page\/product\/22-mm-rohrschelle-fuer-suchscheinwerfer\/"},"modified":"2026-02-24T23:35:39","modified_gmt":"2026-02-24T23:35:39","slug":"22-mm-rohrschelle-fuer-suchscheinwerfer","status":"publish","type":"product","link":"https:\/\/stoic-curie.212-227-153-4.plesk.page\/de\/product\/22-mm-rohrschelle-fuer-suchscheinwerfer\/","title":{"rendered":"22 mm Rohrschelle f\u00fcr Suchscheinwerfer"},"content":{"rendered":"<p>22 mm Rohrschelle f\u00fcr Suchscheinwerfer &#8211; <\/p>\n<p>Verstellbarer, wasserdichter Halogenstrahler mit Griff und Reglern. Verf\u00fcgt \u00fcber einen verchromten Messingfu\u00df mit einem abnehmbaren Stift. Stromversorgung mit 1,5 m verl\u00e4ngerbarem Kabel, einschlie\u00dflich Stecker und 12V-Steckdose. Hebelschalter f\u00fcr Flut- oder konzentrierte Lichtaktivierung. Optionale Klammer zur Verbindung mit 22 mm Rohr. Der Lampengeh\u00e4usedurchmesser betr\u00e4gt 150 mm, die Gesamth\u00f6he betr\u00e4gt 240 mm auf dem Fu\u00df.<\/p>\n","protected":false},"excerpt":{"rendered":"<p>22 mm Rohrschelle f\u00fcr Suchscheinwerfer &#8211; Verstellbarer, wasserdichter Halogenstrahler mit Griff und Reglern. Verf\u00fcgt \u00fcber einen verchromten Messingfu\u00df mit einem<\/p>\n","protected":false},"featured_media":5947864,"comment_status":"open","ping_status":"closed","template":"","meta":[],"product_brand":[3235],"product_cat":[1447],"product_tag":[],"class_list":{"0":"post-5531211","1":"product","2":"type-product","3":"status-publish","4":"has-post-thumbnail","6":"product_brand-osculati-de","7":"product_cat-suchscheinwerfer-und-spotlights","9":"first","10":"instock","11":"shipping-taxable","12":"purchasable","13":"product-type-simple"},"_links":{"self":[{"href":"https:\/\/stoic-curie.212-227-153-4.plesk.page\/de\/wp-json\/wp\/v2\/product\/5531211","targetHints":{"allow":["GET"]}}],"collection":[{"href":"https:\/\/stoic-curie.212-227-153-4.plesk.page\/de\/wp-json\/wp\/v2\/product"}],"about":[{"href":"https:\/\/stoic-curie.212-227-153-4.plesk.page\/de\/wp-json\/wp\/v2\/types\/product"}],"replies":[{"embeddable":true,"href":"https:\/\/stoic-curie.212-227-153-4.plesk.page\/de\/wp-json\/wp\/v2\/comments?post=5531211"}],"version-history":[{"count":0,"href":"https:\/\/stoic-curie.212-227-153-4.plesk.page\/de\/wp-json\/wp\/v2\/product\/5531211\/revisions"}],"wp:featuredmedia":[{"embeddable":true,"href":"https:\/\/stoic-curie.212-227-153-4.plesk.page\/de\/wp-json\/wp\/v2\/media\/5947864"}],"wp:attachment":[{"href":"https:\/\/stoic-curie.212-227-153-4.plesk.page\/de\/wp-json\/wp\/v2\/media?parent=5531211"}],"wp:term":[{"taxonomy":"product_brand","embeddable":true,"href":"https:\/\/stoic-curie.212-227-153-4.plesk.page\/de\/wp-json\/wp\/v2\/product_brand?post=5531211"},{"taxonomy":"product_cat","embeddable":true,"href":"https:\/\/stoic-curie.212-227-153-4.plesk.page\/de\/wp-json\/wp\/v2\/product_cat?post=5531211"},{"taxonomy":"product_tag","embeddable":true,"href":"https:\/\/stoic-curie.212-227-153-4.plesk.page\/de\/wp-json\/wp\/v2\/product_tag?post=5531211"}],"curies":[{"name":"wp","href":"https:\/\/api.w.org\/{rel}","templated":true}]}}