{"id":5531214,"date":"2026-01-29T22:04:07","date_gmt":"2026-01-29T21:04:07","guid":{"rendered":"https:\/\/stoic-curie.212-227-153-4.plesk.page\/product\/garmin-echomap-uhd2-52cv-2\/"},"modified":"2026-02-24T23:35:39","modified_gmt":"2026-02-24T23:35:39","slug":"garmin-echomap-uhd2-52cv-2","status":"publish","type":"product","link":"https:\/\/stoic-curie.212-227-153-4.plesk.page\/de\/product\/garmin-echomap-uhd2-52cv-2\/","title":{"rendered":"Garmin echoMAP UHD2 52CV"},"content":{"rendered":"<p>Garmin echoMAP UHD2 52CV &#8211; <\/p>\n<p>Der Garmin echoMAP UHD2 52CV ist ein vielseitiger Kartenplotter und Fischfinder mit einem 5&#8243; Touchscreen-Display und einer Aufl\u00f6sung von 800&#215;480 Pixel. Er verf\u00fcgt \u00fcber eine integrierte Tastatur und einen internen GPS-Empf\u00e4nger. Ausgestattet mit einem leistungsstarken 500W CHIRP, ClearVu und UHD-Modul bietet er au\u00dfergew\u00f6hnliche Leistung. Dieses Ger\u00e4t ist mit allen Garmin BlueChart und Garmin Navionics+ Kartografien kompatibel und bietet integrierte drahtlose Konnektivit\u00e4t sowie NMEA0183\/2000 und Fusion-Link Unterst\u00fctzung. Das Ger\u00e4t integriert sich nahtlos in alle Bordnetzsysteme und enth\u00e4lt alle wesentlichen Garmin-Funktionen wie Auto Guidance, Active Captain, Sail Assist und Quickdraw Contours. Es wird komplett mit einer verstellbaren Halterung und einem Strom-\/Datenkabel geliefert. Zudem ist es kompatibel mit herk\u00f6mmlichen, All-in-One und UHD-Transducern, die \u00fcber einen 4-Pin-Anschluss verf\u00fcgen. F\u00fcr 8-Pin-Transducer muss das Adapterkabel separat erworben werden.<br \/>TD = Transducer<\/p>\n","protected":false},"excerpt":{"rendered":"<p>Garmin echoMAP UHD2 52CV &#8211; Der Garmin echoMAP UHD2 52CV ist ein vielseitiger Kartenplotter und Fischfinder mit einem 5&#8243; Touchscreen-Display<\/p>\n","protected":false},"featured_media":5949325,"comment_status":"open","ping_status":"closed","template":"","meta":[],"product_brand":[2970],"product_cat":[1457],"product_tag":[],"class_list":{"0":"post-5531214","1":"product","2":"type-product","3":"status-publish","4":"has-post-thumbnail","6":"product_brand-garmin-de","7":"product_cat-bootelektronik","9":"first","10":"instock","11":"shipping-taxable","12":"purchasable","13":"product-type-simple"},"_links":{"self":[{"href":"https:\/\/stoic-curie.212-227-153-4.plesk.page\/de\/wp-json\/wp\/v2\/product\/5531214","targetHints":{"allow":["GET"]}}],"collection":[{"href":"https:\/\/stoic-curie.212-227-153-4.plesk.page\/de\/wp-json\/wp\/v2\/product"}],"about":[{"href":"https:\/\/stoic-curie.212-227-153-4.plesk.page\/de\/wp-json\/wp\/v2\/types\/product"}],"replies":[{"embeddable":true,"href":"https:\/\/stoic-curie.212-227-153-4.plesk.page\/de\/wp-json\/wp\/v2\/comments?post=5531214"}],"version-history":[{"count":0,"href":"https:\/\/stoic-curie.212-227-153-4.plesk.page\/de\/wp-json\/wp\/v2\/product\/5531214\/revisions"}],"wp:featuredmedia":[{"embeddable":true,"href":"https:\/\/stoic-curie.212-227-153-4.plesk.page\/de\/wp-json\/wp\/v2\/media\/5949325"}],"wp:attachment":[{"href":"https:\/\/stoic-curie.212-227-153-4.plesk.page\/de\/wp-json\/wp\/v2\/media?parent=5531214"}],"wp:term":[{"taxonomy":"product_brand","embeddable":true,"href":"https:\/\/stoic-curie.212-227-153-4.plesk.page\/de\/wp-json\/wp\/v2\/product_brand?post=5531214"},{"taxonomy":"product_cat","embeddable":true,"href":"https:\/\/stoic-curie.212-227-153-4.plesk.page\/de\/wp-json\/wp\/v2\/product_cat?post=5531214"},{"taxonomy":"product_tag","embeddable":true,"href":"https:\/\/stoic-curie.212-227-153-4.plesk.page\/de\/wp-json\/wp\/v2\/product_tag?post=5531214"}],"curies":[{"name":"wp","href":"https:\/\/api.w.org\/{rel}","templated":true}]}}