{"id":5531217,"date":"2026-01-29T22:04:10","date_gmt":"2026-01-29T21:04:10","guid":{"rendered":"https:\/\/stoic-curie.212-227-153-4.plesk.page\/product\/clarion-cmm-30-usb-bt-marine-stereo\/"},"modified":"2026-02-24T23:35:45","modified_gmt":"2026-02-24T23:35:45","slug":"clarion-cmm-30-usb-bt-marine-stereo","status":"publish","type":"product","link":"https:\/\/stoic-curie.212-227-153-4.plesk.page\/de\/product\/clarion-cmm-30-usb-bt-marine-stereo\/","title":{"rendered":"Clarion CMM-30 USB BT Marine Stereo"},"content":{"rendered":"<p>Clarion CMM-30 USB BT Marine Stereo &#8211; <\/p>\n<p>Das Clarion CMM-30 Stereo-Ger\u00e4t verf\u00fcgt \u00fcber ein 3,5&#8243; Farb-LCD-Display und beleuchtete Tasten. Es ist AM\/FM Radio DAB+ bereit mit RDS, hat einen USB-Port sowie zwei AUX-Eing\u00e4nge auf der R\u00fcckseite. Genie\u00dfen Sie Ihre Lieblingsmusik mit dem MP3\/WMA-Player, der \u00fcber integriertes Bluetooth f\u00fcr nahtloses Audio-Streaming von Ihrem Smartphone verf\u00fcgt. F\u00fcr die Einbau-Installation konzipiert, bietet es ein IP66 wasserdichtes Geh\u00e4use. Im Lieferumfang sind Anschlusskabel, ein Rahmen f\u00fcr die Befestigung und Schrauben enthalten.<\/p>\n","protected":false},"excerpt":{"rendered":"<p>Clarion CMM-30 USB BT Marine Stereo &#8211; Das Clarion CMM-30 Stereo-Ger\u00e4t verf\u00fcgt \u00fcber ein 3,5&#8243; Farb-LCD-Display und beleuchtete Tasten. Es<\/p>\n","protected":false},"featured_media":5949358,"comment_status":"open","ping_status":"closed","template":"","meta":[],"product_brand":[3205],"product_cat":[1446],"product_tag":[],"class_list":{"0":"post-5531217","1":"product","2":"type-product","3":"status-publish","4":"has-post-thumbnail","6":"product_brand-nova-argonautica-de","7":"product_cat-stereoanlage-und-lautsprecher","9":"first","10":"outofstock","11":"shipping-taxable","12":"purchasable","13":"product-type-simple"},"_links":{"self":[{"href":"https:\/\/stoic-curie.212-227-153-4.plesk.page\/de\/wp-json\/wp\/v2\/product\/5531217","targetHints":{"allow":["GET"]}}],"collection":[{"href":"https:\/\/stoic-curie.212-227-153-4.plesk.page\/de\/wp-json\/wp\/v2\/product"}],"about":[{"href":"https:\/\/stoic-curie.212-227-153-4.plesk.page\/de\/wp-json\/wp\/v2\/types\/product"}],"replies":[{"embeddable":true,"href":"https:\/\/stoic-curie.212-227-153-4.plesk.page\/de\/wp-json\/wp\/v2\/comments?post=5531217"}],"version-history":[{"count":0,"href":"https:\/\/stoic-curie.212-227-153-4.plesk.page\/de\/wp-json\/wp\/v2\/product\/5531217\/revisions"}],"wp:featuredmedia":[{"embeddable":true,"href":"https:\/\/stoic-curie.212-227-153-4.plesk.page\/de\/wp-json\/wp\/v2\/media\/5949358"}],"wp:attachment":[{"href":"https:\/\/stoic-curie.212-227-153-4.plesk.page\/de\/wp-json\/wp\/v2\/media?parent=5531217"}],"wp:term":[{"taxonomy":"product_brand","embeddable":true,"href":"https:\/\/stoic-curie.212-227-153-4.plesk.page\/de\/wp-json\/wp\/v2\/product_brand?post=5531217"},{"taxonomy":"product_cat","embeddable":true,"href":"https:\/\/stoic-curie.212-227-153-4.plesk.page\/de\/wp-json\/wp\/v2\/product_cat?post=5531217"},{"taxonomy":"product_tag","embeddable":true,"href":"https:\/\/stoic-curie.212-227-153-4.plesk.page\/de\/wp-json\/wp\/v2\/product_tag?post=5531217"}],"curies":[{"name":"wp","href":"https:\/\/api.w.org\/{rel}","templated":true}]}}