{"id":5531220,"date":"2026-01-29T22:04:12","date_gmt":"2026-01-29T21:04:12","guid":{"rendered":"https:\/\/stoic-curie.212-227-153-4.plesk.page\/product\/jobe-sup-board-aero-lite-varna-11-0-paket\/"},"modified":"2026-02-24T23:35:45","modified_gmt":"2026-02-24T23:35:45","slug":"jobe-sup-board-aero-lite-varna-11-0-paket","status":"publish","type":"product","link":"https:\/\/stoic-curie.212-227-153-4.plesk.page\/de\/product\/jobe-sup-board-aero-lite-varna-11-0-paket\/","title":{"rendered":"Jobe SUP Board Aero Lite Varna 11.0 Paket"},"content":{"rendered":"<p>Jobe SUP Board Aero Lite Varna 11.0 Paket &#8211; <\/p>\n<p>Erleben Sie ultimative Leichtigkeit mit dem Jobe aufblasbaren SUP Board. Hergestellt mit Heat Bonded-Technologie und strapazierf\u00e4higem gewebtem Nylonstoff sowie PVC, verf\u00fcgt dieses Board \u00fcber verst\u00e4rkte Kanten f\u00fcr erh\u00f6hte Haltbarkeit. Es kommt mit einer flexiblen stabilisierenden Finne, einem rutschfesten EVA-Traktionsdeck, D-Ring-Verbindern an Spitze und Heck sowie einem Halkey-Inflationsventil. Dieses Komplettpaket umfasst eine Doppelhubpumpe, einen 3 Meter langen Sicherheitsgurt, ein verstellbares Aluminium 3-teilige Paddel und einen wasserdichten Rucksack. Profitieren Sie von 3 Jahren Garantie nach Registrierung auf der Jobe-Website.<\/p>\n","protected":false},"excerpt":{"rendered":"<p>Jobe SUP Board Aero Lite Varna 11.0 Paket &#8211; Erleben Sie ultimative Leichtigkeit mit dem Jobe aufblasbaren SUP Board. Hergestellt<\/p>\n","protected":false},"featured_media":5949376,"comment_status":"open","ping_status":"closed","template":"","meta":[],"product_brand":[3040],"product_cat":[1558],"product_tag":[],"class_list":{"0":"post-5531220","1":"product","2":"type-product","3":"status-publish","4":"has-post-thumbnail","6":"product_brand-jobe-sports-de","7":"product_cat-stand-up-paddle","9":"first","10":"instock","11":"shipping-taxable","12":"purchasable","13":"product-type-simple"},"_links":{"self":[{"href":"https:\/\/stoic-curie.212-227-153-4.plesk.page\/de\/wp-json\/wp\/v2\/product\/5531220","targetHints":{"allow":["GET"]}}],"collection":[{"href":"https:\/\/stoic-curie.212-227-153-4.plesk.page\/de\/wp-json\/wp\/v2\/product"}],"about":[{"href":"https:\/\/stoic-curie.212-227-153-4.plesk.page\/de\/wp-json\/wp\/v2\/types\/product"}],"replies":[{"embeddable":true,"href":"https:\/\/stoic-curie.212-227-153-4.plesk.page\/de\/wp-json\/wp\/v2\/comments?post=5531220"}],"version-history":[{"count":0,"href":"https:\/\/stoic-curie.212-227-153-4.plesk.page\/de\/wp-json\/wp\/v2\/product\/5531220\/revisions"}],"wp:featuredmedia":[{"embeddable":true,"href":"https:\/\/stoic-curie.212-227-153-4.plesk.page\/de\/wp-json\/wp\/v2\/media\/5949376"}],"wp:attachment":[{"href":"https:\/\/stoic-curie.212-227-153-4.plesk.page\/de\/wp-json\/wp\/v2\/media?parent=5531220"}],"wp:term":[{"taxonomy":"product_brand","embeddable":true,"href":"https:\/\/stoic-curie.212-227-153-4.plesk.page\/de\/wp-json\/wp\/v2\/product_brand?post=5531220"},{"taxonomy":"product_cat","embeddable":true,"href":"https:\/\/stoic-curie.212-227-153-4.plesk.page\/de\/wp-json\/wp\/v2\/product_cat?post=5531220"},{"taxonomy":"product_tag","embeddable":true,"href":"https:\/\/stoic-curie.212-227-153-4.plesk.page\/de\/wp-json\/wp\/v2\/product_tag?post=5531220"}],"curies":[{"name":"wp","href":"https:\/\/api.w.org\/{rel}","templated":true}]}}