{"id":5531221,"date":"2026-01-29T22:04:13","date_gmt":"2026-01-29T21:04:13","guid":{"rendered":"https:\/\/stoic-curie.212-227-153-4.plesk.page\/product\/elektrischer-inflator-ge-24-mit-wiederaufladbarem-akku\/"},"modified":"2026-02-24T23:35:45","modified_gmt":"2026-02-24T23:35:45","slug":"elektrischer-inflator-ge-24-mit-wiederaufladbarem-akku","status":"publish","type":"product","link":"https:\/\/stoic-curie.212-227-153-4.plesk.page\/de\/product\/elektrischer-inflator-ge-24-mit-wiederaufladbarem-akku\/","title":{"rendered":"Elektrischer Inflator GE 24 mit Wiederaufladbarem Akku"},"content":{"rendered":"<p>Elektrischer Inflator GE 24 mit Wiederaufladbarem Akku &#8211; Dieser leistungsstarke elektrische Inflator arbeitet mit 150 mbar, hat eine F\u00f6rdermenge von 600 Litern pro Minute und einen maximalen Druck von 150 mbar. Er verf\u00fcgt \u00fcber einen wiederaufladbaren Akku f\u00fcr Bequemlichkeit und Mobilit\u00e4t.<\/p>\n","protected":false},"excerpt":{"rendered":"<p>Elektrischer Inflator GE 24 mit Wiederaufladbarem Akku &#8211; Dieser leistungsstarke elektrische Inflator arbeitet mit 150 mbar, hat eine F\u00f6rdermenge von<\/p>\n","protected":false},"featured_media":5949380,"comment_status":"open","ping_status":"closed","template":"","meta":[],"product_brand":[2850],"product_cat":[1548],"product_tag":[],"class_list":{"0":"post-5531221","1":"product","2":"type-product","3":"status-publish","4":"has-post-thumbnail","6":"product_brand-bravo-scoprega-de","7":"product_cat-schlauchboot-luftpumpen","9":"first","10":"instock","11":"shipping-taxable","12":"purchasable","13":"product-type-simple"},"_links":{"self":[{"href":"https:\/\/stoic-curie.212-227-153-4.plesk.page\/de\/wp-json\/wp\/v2\/product\/5531221","targetHints":{"allow":["GET"]}}],"collection":[{"href":"https:\/\/stoic-curie.212-227-153-4.plesk.page\/de\/wp-json\/wp\/v2\/product"}],"about":[{"href":"https:\/\/stoic-curie.212-227-153-4.plesk.page\/de\/wp-json\/wp\/v2\/types\/product"}],"replies":[{"embeddable":true,"href":"https:\/\/stoic-curie.212-227-153-4.plesk.page\/de\/wp-json\/wp\/v2\/comments?post=5531221"}],"version-history":[{"count":0,"href":"https:\/\/stoic-curie.212-227-153-4.plesk.page\/de\/wp-json\/wp\/v2\/product\/5531221\/revisions"}],"wp:featuredmedia":[{"embeddable":true,"href":"https:\/\/stoic-curie.212-227-153-4.plesk.page\/de\/wp-json\/wp\/v2\/media\/5949380"}],"wp:attachment":[{"href":"https:\/\/stoic-curie.212-227-153-4.plesk.page\/de\/wp-json\/wp\/v2\/media?parent=5531221"}],"wp:term":[{"taxonomy":"product_brand","embeddable":true,"href":"https:\/\/stoic-curie.212-227-153-4.plesk.page\/de\/wp-json\/wp\/v2\/product_brand?post=5531221"},{"taxonomy":"product_cat","embeddable":true,"href":"https:\/\/stoic-curie.212-227-153-4.plesk.page\/de\/wp-json\/wp\/v2\/product_cat?post=5531221"},{"taxonomy":"product_tag","embeddable":true,"href":"https:\/\/stoic-curie.212-227-153-4.plesk.page\/de\/wp-json\/wp\/v2\/product_tag?post=5531221"}],"curies":[{"name":"wp","href":"https:\/\/api.w.org\/{rel}","templated":true}]}}