{"id":5531222,"date":"2026-01-29T22:04:14","date_gmt":"2026-01-29T21:04:14","guid":{"rendered":"https:\/\/stoic-curie.212-227-153-4.plesk.page\/product\/jobe-tragbare-elektrische-pumpe-mit-tasche\/"},"modified":"2026-02-24T23:35:45","modified_gmt":"2026-02-24T23:35:45","slug":"jobe-tragbare-elektrische-pumpe-mit-tasche","status":"publish","type":"product","link":"https:\/\/stoic-curie.212-227-153-4.plesk.page\/de\/product\/jobe-tragbare-elektrische-pumpe-mit-tasche\/","title":{"rendered":"Jobe tragbare elektrische Pumpe mit Tasche"},"content":{"rendered":"<p>Jobe tragbare elektrische Pumpe mit Tasche &#8211; <\/p>\n<p>Die Jobe tragbare elektrische Pumpe wird mit einer praktischen Tragetasche mit komfortablem Griff geliefert. Sie bl\u00e4st effektiv auf und l\u00e4sst sich entleeren und erreicht bis zu 20 psi und schaltet automatisch ab, sobald der gew\u00fcnschte psi erreicht ist. Ausgestattet mit einer Halkey Roberts D\u00fcse, passt sie auf alle Jobe SUP Ventile. Die Pumpe funktioniert mit einem Zigarettenanz\u00fcnderstecker oder einem separaten Akku (im Lieferumfang enthalten). Gewicht: 4,2 kg. Pumpma\u00dfe: 23 x 18 x H16 cm. Batteriema\u00dfe: 15,6 x 9,6 x H14,6 cm.<\/p>\n","protected":false},"excerpt":{"rendered":"<p>Jobe tragbare elektrische Pumpe mit Tasche &#8211; Die Jobe tragbare elektrische Pumpe wird mit einer praktischen Tragetasche mit komfortablem Griff<\/p>\n","protected":false},"featured_media":5949382,"comment_status":"open","ping_status":"closed","template":"","meta":[],"product_brand":[3040],"product_cat":[1558,1559],"product_tag":[],"class_list":{"0":"post-5531222","1":"product","2":"type-product","3":"status-publish","4":"has-post-thumbnail","6":"product_brand-jobe-sports-de","7":"product_cat-stand-up-paddle","8":"product_cat-wasserski-zubehoer","10":"first","11":"instock","12":"shipping-taxable","13":"purchasable","14":"product-type-simple"},"_links":{"self":[{"href":"https:\/\/stoic-curie.212-227-153-4.plesk.page\/de\/wp-json\/wp\/v2\/product\/5531222","targetHints":{"allow":["GET"]}}],"collection":[{"href":"https:\/\/stoic-curie.212-227-153-4.plesk.page\/de\/wp-json\/wp\/v2\/product"}],"about":[{"href":"https:\/\/stoic-curie.212-227-153-4.plesk.page\/de\/wp-json\/wp\/v2\/types\/product"}],"replies":[{"embeddable":true,"href":"https:\/\/stoic-curie.212-227-153-4.plesk.page\/de\/wp-json\/wp\/v2\/comments?post=5531222"}],"version-history":[{"count":0,"href":"https:\/\/stoic-curie.212-227-153-4.plesk.page\/de\/wp-json\/wp\/v2\/product\/5531222\/revisions"}],"wp:featuredmedia":[{"embeddable":true,"href":"https:\/\/stoic-curie.212-227-153-4.plesk.page\/de\/wp-json\/wp\/v2\/media\/5949382"}],"wp:attachment":[{"href":"https:\/\/stoic-curie.212-227-153-4.plesk.page\/de\/wp-json\/wp\/v2\/media?parent=5531222"}],"wp:term":[{"taxonomy":"product_brand","embeddable":true,"href":"https:\/\/stoic-curie.212-227-153-4.plesk.page\/de\/wp-json\/wp\/v2\/product_brand?post=5531222"},{"taxonomy":"product_cat","embeddable":true,"href":"https:\/\/stoic-curie.212-227-153-4.plesk.page\/de\/wp-json\/wp\/v2\/product_cat?post=5531222"},{"taxonomy":"product_tag","embeddable":true,"href":"https:\/\/stoic-curie.212-227-153-4.plesk.page\/de\/wp-json\/wp\/v2\/product_tag?post=5531222"}],"curies":[{"name":"wp","href":"https:\/\/api.w.org\/{rel}","templated":true}]}}