{"id":5531223,"date":"2026-01-29T22:04:15","date_gmt":"2026-01-29T21:04:15","guid":{"rendered":"https:\/\/stoic-curie.212-227-153-4.plesk.page\/product\/musto-br3-offshore-jacke-gr-s-blau\/"},"modified":"2026-02-24T23:35:53","modified_gmt":"2026-02-24T23:35:53","slug":"musto-br3-offshore-jacke-gr-s-blau","status":"publish","type":"product","link":"https:\/\/stoic-curie.212-227-153-4.plesk.page\/de\/product\/musto-br3-offshore-jacke-gr-s-blau\/","title":{"rendered":"Musto BR3 Offshore-Jacke Gr. S &#8211; Blau"},"content":{"rendered":"<p>Musto BR3 Offshore-Jacke Gr. S &#8211; Blau &#8211; <\/p>\n<p>Die Musto-Jacke ist darauf ausgelegt, w\u00e4hrend anspruchsvoller Offshore-Segelei optimalen Schutz und Komfort zu bieten. Hergestellt aus 3-lagigem Pertex\u00ae Shield-Gewebe, ist sie bis zu 20.000 mm wasserdicht und atmungsaktiv, mit einer PFC-freien DWR-Behandlung. Sie verf\u00fcgt \u00fcber einen hohen Kragen mit einer neonfarbenen, verstellbaren und verstaubaren Kapuze, vorgeformte \u00c4rmel, einen YKK\u00ae AquaGuard\u00ae Zwei-Wege-Rei\u00dfverschluss und Taschen mit Ablaufl\u00f6chern. Reflektierende Details an Schultern, Brust und Manschetten erh\u00f6hen die Sichtbarkeit. Zertifiziert nach bluesign\u00ae, normale Passform. <a href='#'>Klicken Sie hier, um die genaue Gr\u00f6\u00dfe zu \u00fcberpr\u00fcfen.<\/a><\/p>\n","protected":false},"excerpt":{"rendered":"<p>Musto BR3 Offshore-Jacke Gr. S &#8211; Blau &#8211; Die Musto-Jacke ist darauf ausgelegt, w\u00e4hrend anspruchsvoller Offshore-Segelei optimalen Schutz und Komfort<\/p>\n","protected":false},"featured_media":5949514,"comment_status":"open","ping_status":"closed","template":"","meta":[],"product_brand":[3155],"product_cat":[1567],"product_tag":[],"class_list":{"0":"post-5531223","1":"product","2":"type-product","3":"status-publish","4":"has-post-thumbnail","6":"product_brand-musto-de","7":"product_cat-segelbekleidung-musto","9":"first","10":"instock","11":"shipping-taxable","12":"purchasable","13":"product-type-simple"},"_links":{"self":[{"href":"https:\/\/stoic-curie.212-227-153-4.plesk.page\/de\/wp-json\/wp\/v2\/product\/5531223","targetHints":{"allow":["GET"]}}],"collection":[{"href":"https:\/\/stoic-curie.212-227-153-4.plesk.page\/de\/wp-json\/wp\/v2\/product"}],"about":[{"href":"https:\/\/stoic-curie.212-227-153-4.plesk.page\/de\/wp-json\/wp\/v2\/types\/product"}],"replies":[{"embeddable":true,"href":"https:\/\/stoic-curie.212-227-153-4.plesk.page\/de\/wp-json\/wp\/v2\/comments?post=5531223"}],"version-history":[{"count":0,"href":"https:\/\/stoic-curie.212-227-153-4.plesk.page\/de\/wp-json\/wp\/v2\/product\/5531223\/revisions"}],"wp:featuredmedia":[{"embeddable":true,"href":"https:\/\/stoic-curie.212-227-153-4.plesk.page\/de\/wp-json\/wp\/v2\/media\/5949514"}],"wp:attachment":[{"href":"https:\/\/stoic-curie.212-227-153-4.plesk.page\/de\/wp-json\/wp\/v2\/media?parent=5531223"}],"wp:term":[{"taxonomy":"product_brand","embeddable":true,"href":"https:\/\/stoic-curie.212-227-153-4.plesk.page\/de\/wp-json\/wp\/v2\/product_brand?post=5531223"},{"taxonomy":"product_cat","embeddable":true,"href":"https:\/\/stoic-curie.212-227-153-4.plesk.page\/de\/wp-json\/wp\/v2\/product_cat?post=5531223"},{"taxonomy":"product_tag","embeddable":true,"href":"https:\/\/stoic-curie.212-227-153-4.plesk.page\/de\/wp-json\/wp\/v2\/product_tag?post=5531223"}],"curies":[{"name":"wp","href":"https:\/\/api.w.org\/{rel}","templated":true}]}}