{"id":5531225,"date":"2026-01-29T22:04:17","date_gmt":"2026-01-29T21:04:17","guid":{"rendered":"https:\/\/stoic-curie.212-227-153-4.plesk.page\/product\/musto-br3-offshore-jacke-groesse-l-blau\/"},"modified":"2026-02-24T23:35:53","modified_gmt":"2026-02-24T23:35:53","slug":"musto-br3-offshore-jacke-groesse-l-blau","status":"publish","type":"product","link":"https:\/\/stoic-curie.212-227-153-4.plesk.page\/de\/product\/musto-br3-offshore-jacke-groesse-l-blau\/","title":{"rendered":"Musto BR3 Offshore Jacke &#8211; Gr\u00f6\u00dfe L &#8211; Blau"},"content":{"rendered":"<p>Musto BR3 Offshore Jacke &#8211; Gr\u00f6\u00dfe L &#8211; Blau &#8211; <\/p>\n<p>Die Musto-Jacke ist sorgf\u00e4ltig gefertigt, um Schutz und Komfort bei herausforderndem Offshore-Segeln zu bieten. Sie besteht aus wasserdichtem 3-Lagen Pertex\u00ae Shield-Material, das bis zu 20.000 mm wasserdicht und atmungsaktiv ist, mit einer PFC-freien DWR-Behandlung. Die Jacke verf\u00fcgt \u00fcber einen hohen Kragen mit einer neonfarbenen, verstellbaren und verstaubaren Kapuze, vorgeformte \u00c4rmel, einen YKK\u00ae AquaGuard\u00ae Zwei-Wege-Rei\u00dfverschluss und Taschen mit Ablaufl\u00f6chern. Reflektierende Details an Schultern, Brust und Manschetten verbessern die Sichtbarkeit. Zertifiziert nach bluesign\u00ae, mit normaler Passform.<br \/>Hier klicken, um die genaue Gr\u00f6\u00dfe zu \u00fcberpr\u00fcfen:<\/p>\n","protected":false},"excerpt":{"rendered":"<p>Musto BR3 Offshore Jacke &#8211; Gr\u00f6\u00dfe L &#8211; Blau &#8211; Die Musto-Jacke ist sorgf\u00e4ltig gefertigt, um Schutz und Komfort bei<\/p>\n","protected":false},"featured_media":5949514,"comment_status":"open","ping_status":"closed","template":"","meta":[],"product_brand":[3155],"product_cat":[1567],"product_tag":[],"class_list":{"0":"post-5531225","1":"product","2":"type-product","3":"status-publish","4":"has-post-thumbnail","6":"product_brand-musto-de","7":"product_cat-segelbekleidung-musto","9":"first","10":"instock","11":"shipping-taxable","12":"purchasable","13":"product-type-simple"},"_links":{"self":[{"href":"https:\/\/stoic-curie.212-227-153-4.plesk.page\/de\/wp-json\/wp\/v2\/product\/5531225","targetHints":{"allow":["GET"]}}],"collection":[{"href":"https:\/\/stoic-curie.212-227-153-4.plesk.page\/de\/wp-json\/wp\/v2\/product"}],"about":[{"href":"https:\/\/stoic-curie.212-227-153-4.plesk.page\/de\/wp-json\/wp\/v2\/types\/product"}],"replies":[{"embeddable":true,"href":"https:\/\/stoic-curie.212-227-153-4.plesk.page\/de\/wp-json\/wp\/v2\/comments?post=5531225"}],"version-history":[{"count":0,"href":"https:\/\/stoic-curie.212-227-153-4.plesk.page\/de\/wp-json\/wp\/v2\/product\/5531225\/revisions"}],"wp:featuredmedia":[{"embeddable":true,"href":"https:\/\/stoic-curie.212-227-153-4.plesk.page\/de\/wp-json\/wp\/v2\/media\/5949514"}],"wp:attachment":[{"href":"https:\/\/stoic-curie.212-227-153-4.plesk.page\/de\/wp-json\/wp\/v2\/media?parent=5531225"}],"wp:term":[{"taxonomy":"product_brand","embeddable":true,"href":"https:\/\/stoic-curie.212-227-153-4.plesk.page\/de\/wp-json\/wp\/v2\/product_brand?post=5531225"},{"taxonomy":"product_cat","embeddable":true,"href":"https:\/\/stoic-curie.212-227-153-4.plesk.page\/de\/wp-json\/wp\/v2\/product_cat?post=5531225"},{"taxonomy":"product_tag","embeddable":true,"href":"https:\/\/stoic-curie.212-227-153-4.plesk.page\/de\/wp-json\/wp\/v2\/product_tag?post=5531225"}],"curies":[{"name":"wp","href":"https:\/\/api.w.org\/{rel}","templated":true}]}}