{"id":5531228,"date":"2026-01-29T22:04:20","date_gmt":"2026-01-29T21:04:20","guid":{"rendered":"https:\/\/stoic-curie.212-227-153-4.plesk.page\/product\/musto-br3-offshore-jacke-groesse-s-rot\/"},"modified":"2026-02-24T23:35:53","modified_gmt":"2026-02-24T23:35:53","slug":"musto-br3-offshore-jacke-groesse-s-rot","status":"publish","type":"product","link":"https:\/\/stoic-curie.212-227-153-4.plesk.page\/de\/product\/musto-br3-offshore-jacke-groesse-s-rot\/","title":{"rendered":"Musto BR3 Offshore Jacke Gr\u00f6\u00dfe S &#8211; Rot"},"content":{"rendered":"<p>Musto BR3 Offshore Jacke Gr\u00f6\u00dfe S &#8211; Rot &#8211; <\/p>\n<p>Die Musto-Jacke ist professionell gestaltet, um au\u00dfergew\u00f6hnlichen Schutz und Komfort w\u00e4hrend intensiver Offshore-Segeleins\u00e4tze zu bieten. Sie besteht aus 3-lagigem Pertex\u00ae Shield-Gewebe, das bis zu 20.000 mm wasserdicht und gleichzeitig atmungsaktiv ist und mit einer PFC-freien DWR-Behandlung ausgestattet ist. Zu den Hauptmerkmalen geh\u00f6ren ein hoher Kragen mit einer verstellbaren und verstaubaren neonfarbenen Kapuze, artikulierte \u00c4rmel f\u00fcr verbesserte Beweglichkeit, ein YKK\u00ae AquaGuard\u00ae 2-Wege-Rei\u00dfverschluss und Taschen mit Entw\u00e4sserungsl\u00f6chern. Reflektierende Elemente an Schultern, Brust und B\u00fcndchen sorgen f\u00fcr bessere Sichtbarkeit bei schlechten Lichtverh\u00e4ltnissen. Diese Jacke ist bluesign\u00ae-zertifiziert und bietet eine normale Passform. <a href=\"#\">Klicken Sie hier, um die genaue Gr\u00f6\u00dfe zu \u00fcberpr\u00fcfen.<\/a><\/p>\n","protected":false},"excerpt":{"rendered":"<p>Musto BR3 Offshore Jacke Gr\u00f6\u00dfe S &#8211; Rot &#8211; Die Musto-Jacke ist professionell gestaltet, um au\u00dfergew\u00f6hnlichen Schutz und Komfort w\u00e4hrend<\/p>\n","protected":false},"featured_media":5949514,"comment_status":"open","ping_status":"closed","template":"","meta":[],"product_brand":[3155],"product_cat":[1567],"product_tag":[],"class_list":{"0":"post-5531228","1":"product","2":"type-product","3":"status-publish","4":"has-post-thumbnail","6":"product_brand-musto-de","7":"product_cat-segelbekleidung-musto","9":"first","10":"instock","11":"shipping-taxable","12":"purchasable","13":"product-type-simple"},"_links":{"self":[{"href":"https:\/\/stoic-curie.212-227-153-4.plesk.page\/de\/wp-json\/wp\/v2\/product\/5531228","targetHints":{"allow":["GET"]}}],"collection":[{"href":"https:\/\/stoic-curie.212-227-153-4.plesk.page\/de\/wp-json\/wp\/v2\/product"}],"about":[{"href":"https:\/\/stoic-curie.212-227-153-4.plesk.page\/de\/wp-json\/wp\/v2\/types\/product"}],"replies":[{"embeddable":true,"href":"https:\/\/stoic-curie.212-227-153-4.plesk.page\/de\/wp-json\/wp\/v2\/comments?post=5531228"}],"version-history":[{"count":0,"href":"https:\/\/stoic-curie.212-227-153-4.plesk.page\/de\/wp-json\/wp\/v2\/product\/5531228\/revisions"}],"wp:featuredmedia":[{"embeddable":true,"href":"https:\/\/stoic-curie.212-227-153-4.plesk.page\/de\/wp-json\/wp\/v2\/media\/5949514"}],"wp:attachment":[{"href":"https:\/\/stoic-curie.212-227-153-4.plesk.page\/de\/wp-json\/wp\/v2\/media?parent=5531228"}],"wp:term":[{"taxonomy":"product_brand","embeddable":true,"href":"https:\/\/stoic-curie.212-227-153-4.plesk.page\/de\/wp-json\/wp\/v2\/product_brand?post=5531228"},{"taxonomy":"product_cat","embeddable":true,"href":"https:\/\/stoic-curie.212-227-153-4.plesk.page\/de\/wp-json\/wp\/v2\/product_cat?post=5531228"},{"taxonomy":"product_tag","embeddable":true,"href":"https:\/\/stoic-curie.212-227-153-4.plesk.page\/de\/wp-json\/wp\/v2\/product_tag?post=5531228"}],"curies":[{"name":"wp","href":"https:\/\/api.w.org\/{rel}","templated":true}]}}