{"id":5531230,"date":"2026-01-29T22:04:21","date_gmt":"2026-01-29T21:04:21","guid":{"rendered":"https:\/\/stoic-curie.212-227-153-4.plesk.page\/product\/musto-br3-offshore-jacke-groesse-l-rot\/"},"modified":"2026-02-24T23:35:53","modified_gmt":"2026-02-24T23:35:53","slug":"musto-br3-offshore-jacke-groesse-l-rot","status":"publish","type":"product","link":"https:\/\/stoic-curie.212-227-153-4.plesk.page\/de\/product\/musto-br3-offshore-jacke-groesse-l-rot\/","title":{"rendered":"Musto BR3 Offshore Jacke Gr\u00f6\u00dfe L Rot"},"content":{"rendered":"<p>Musto BR3 Offshore Jacke Gr\u00f6\u00dfe L Rot &#8211; <\/p>\n<p>Die Musto-Jacke ist daf\u00fcr konzipiert, Schutz und Komfort w\u00e4hrend anspruchsvoller Offshore-Segelreisen zu bieten. Sie besteht aus einem 3-lagigen Pertex\u00ae Shield-Gewebe, das bis zu 20.000 mm wasserdicht und atmungsaktiv ist, erg\u00e4nzt durch eine PFC-freie DWR-Behandlung. Zu den wichtigsten Merkmalen geh\u00f6ren ein hoher Kragen mit einer neongelben verstellbaren und verstaubaren Kapuze, elastische \u00c4rmel, ein YKK\u00ae AquaGuard\u00ae Zwei-Wege-Rei\u00dfverschluss und Taschen mit Ablaufl\u00f6chern. Reflektierende Details an Schultern, Brust und Manschetten erh\u00f6hen die Sichtbarkeit. Diese Jacke ist gem\u00e4\u00df bluesign\u00ae zertifiziert und hat eine normale Passform.<br \/>Klicken Sie hier, um die genaue Gr\u00f6\u00dfe zu \u00fcberpr\u00fcfen:<\/p>\n","protected":false},"excerpt":{"rendered":"<p>Musto BR3 Offshore Jacke Gr\u00f6\u00dfe L Rot &#8211; Die Musto-Jacke ist daf\u00fcr konzipiert, Schutz und Komfort w\u00e4hrend anspruchsvoller Offshore-Segelreisen zu<\/p>\n","protected":false},"featured_media":5949514,"comment_status":"open","ping_status":"closed","template":"","meta":[],"product_brand":[3155],"product_cat":[1567],"product_tag":[],"class_list":{"0":"post-5531230","1":"product","2":"type-product","3":"status-publish","4":"has-post-thumbnail","6":"product_brand-musto-de","7":"product_cat-segelbekleidung-musto","9":"first","10":"instock","11":"shipping-taxable","12":"purchasable","13":"product-type-simple"},"_links":{"self":[{"href":"https:\/\/stoic-curie.212-227-153-4.plesk.page\/de\/wp-json\/wp\/v2\/product\/5531230","targetHints":{"allow":["GET"]}}],"collection":[{"href":"https:\/\/stoic-curie.212-227-153-4.plesk.page\/de\/wp-json\/wp\/v2\/product"}],"about":[{"href":"https:\/\/stoic-curie.212-227-153-4.plesk.page\/de\/wp-json\/wp\/v2\/types\/product"}],"replies":[{"embeddable":true,"href":"https:\/\/stoic-curie.212-227-153-4.plesk.page\/de\/wp-json\/wp\/v2\/comments?post=5531230"}],"version-history":[{"count":0,"href":"https:\/\/stoic-curie.212-227-153-4.plesk.page\/de\/wp-json\/wp\/v2\/product\/5531230\/revisions"}],"wp:featuredmedia":[{"embeddable":true,"href":"https:\/\/stoic-curie.212-227-153-4.plesk.page\/de\/wp-json\/wp\/v2\/media\/5949514"}],"wp:attachment":[{"href":"https:\/\/stoic-curie.212-227-153-4.plesk.page\/de\/wp-json\/wp\/v2\/media?parent=5531230"}],"wp:term":[{"taxonomy":"product_brand","embeddable":true,"href":"https:\/\/stoic-curie.212-227-153-4.plesk.page\/de\/wp-json\/wp\/v2\/product_brand?post=5531230"},{"taxonomy":"product_cat","embeddable":true,"href":"https:\/\/stoic-curie.212-227-153-4.plesk.page\/de\/wp-json\/wp\/v2\/product_cat?post=5531230"},{"taxonomy":"product_tag","embeddable":true,"href":"https:\/\/stoic-curie.212-227-153-4.plesk.page\/de\/wp-json\/wp\/v2\/product_tag?post=5531230"}],"curies":[{"name":"wp","href":"https:\/\/api.w.org\/{rel}","templated":true}]}}