{"id":5531231,"date":"2026-01-29T22:04:22","date_gmt":"2026-01-29T21:04:22","guid":{"rendered":"https:\/\/stoic-curie.212-227-153-4.plesk.page\/product\/musto-br3-offshore-jacke-groesse-xl-rot\/"},"modified":"2026-02-24T23:35:53","modified_gmt":"2026-02-24T23:35:53","slug":"musto-br3-offshore-jacke-groesse-xl-rot","status":"publish","type":"product","link":"https:\/\/stoic-curie.212-227-153-4.plesk.page\/de\/product\/musto-br3-offshore-jacke-groesse-xl-rot\/","title":{"rendered":"Musto BR3 Offshore Jacke Gr\u00f6\u00dfe XL &#8211; Rot"},"content":{"rendered":"<p>Musto BR3 Offshore Jacke Gr\u00f6\u00dfe XL &#8211; Rot &#8211; <\/p>\n<p>Die Musto-Jacke wurde entwickelt, um Schutz und Komfort bei anspruchsvollem Offshore-Segeln zu bieten. Sie besteht aus 3-lagigem Pertex\u00ae Shield-Material, das bis zu 20.000 mm wasserdicht und atmungsaktiv ist, mit einer PFC-freien DWR-Behandlung. Diese Jacke verf\u00fcgt \u00fcber einen hohen Kragen mit einer neonfarbenen, verstellbaren und verstaubaren Kapuze, vorgeformten \u00c4rmeln, einem YKK\u00ae AquaGuard\u00ae Zwei-Wege-Rei\u00dfverschluss und Taschen mit Entw\u00e4sserungsl\u00f6chern. Reflektierende Details auf Schultern, Brust und Manschetten verbessern die Sichtbarkeit. Bluesign\u00ae zertifiziert, mit normaler Passform. <a href='#'>Klicken Sie hier, um die genaue Gr\u00f6\u00dfe zu \u00fcberpr\u00fcfen.<\/a><\/p>\n","protected":false},"excerpt":{"rendered":"<p>Musto BR3 Offshore Jacke Gr\u00f6\u00dfe XL &#8211; Rot &#8211; Die Musto-Jacke wurde entwickelt, um Schutz und Komfort bei anspruchsvollem Offshore-Segeln<\/p>\n","protected":false},"featured_media":5949514,"comment_status":"open","ping_status":"closed","template":"","meta":[],"product_brand":[3155],"product_cat":[1567],"product_tag":[],"class_list":{"0":"post-5531231","1":"product","2":"type-product","3":"status-publish","4":"has-post-thumbnail","6":"product_brand-musto-de","7":"product_cat-segelbekleidung-musto","9":"first","10":"instock","11":"shipping-taxable","12":"purchasable","13":"product-type-simple"},"_links":{"self":[{"href":"https:\/\/stoic-curie.212-227-153-4.plesk.page\/de\/wp-json\/wp\/v2\/product\/5531231","targetHints":{"allow":["GET"]}}],"collection":[{"href":"https:\/\/stoic-curie.212-227-153-4.plesk.page\/de\/wp-json\/wp\/v2\/product"}],"about":[{"href":"https:\/\/stoic-curie.212-227-153-4.plesk.page\/de\/wp-json\/wp\/v2\/types\/product"}],"replies":[{"embeddable":true,"href":"https:\/\/stoic-curie.212-227-153-4.plesk.page\/de\/wp-json\/wp\/v2\/comments?post=5531231"}],"version-history":[{"count":0,"href":"https:\/\/stoic-curie.212-227-153-4.plesk.page\/de\/wp-json\/wp\/v2\/product\/5531231\/revisions"}],"wp:featuredmedia":[{"embeddable":true,"href":"https:\/\/stoic-curie.212-227-153-4.plesk.page\/de\/wp-json\/wp\/v2\/media\/5949514"}],"wp:attachment":[{"href":"https:\/\/stoic-curie.212-227-153-4.plesk.page\/de\/wp-json\/wp\/v2\/media?parent=5531231"}],"wp:term":[{"taxonomy":"product_brand","embeddable":true,"href":"https:\/\/stoic-curie.212-227-153-4.plesk.page\/de\/wp-json\/wp\/v2\/product_brand?post=5531231"},{"taxonomy":"product_cat","embeddable":true,"href":"https:\/\/stoic-curie.212-227-153-4.plesk.page\/de\/wp-json\/wp\/v2\/product_cat?post=5531231"},{"taxonomy":"product_tag","embeddable":true,"href":"https:\/\/stoic-curie.212-227-153-4.plesk.page\/de\/wp-json\/wp\/v2\/product_tag?post=5531231"}],"curies":[{"name":"wp","href":"https:\/\/api.w.org\/{rel}","templated":true}]}}