{"id":5531233,"date":"2026-01-29T22:04:24","date_gmt":"2026-01-29T21:04:24","guid":{"rendered":"https:\/\/stoic-curie.212-227-153-4.plesk.page\/product\/musto-br3-offshore-salopette-groesse-m-farbe-schwarz\/"},"modified":"2026-02-24T23:35:53","modified_gmt":"2026-02-24T23:35:53","slug":"musto-br3-offshore-salopette-groesse-m-farbe-schwarz","status":"publish","type":"product","link":"https:\/\/stoic-curie.212-227-153-4.plesk.page\/de\/product\/musto-br3-offshore-salopette-groesse-m-farbe-schwarz\/","title":{"rendered":"Musto BR3 Offshore Salopette Gr\u00f6\u00dfe M Farbe Schwarz"},"content":{"rendered":"<p>Musto BR3 Offshore Salopette Gr\u00f6\u00dfe M Farbe Schwarz &#8211; <\/p>\n<p>Die Musto Salopette ist fachm\u00e4nnisch f\u00fcr Offshore-Segeln konzipiert. Sie besteht aus einem 3-lagigen Pertex\u00ae Shield-Material, das sowohl wasserdicht als auch atmungsaktiv ist. Die PFC-freie, wasserabweisende Behandlung und die vollst\u00e4ndig getapeten N\u00e4hte verbessern die Haltbarkeit. Verst\u00e4rkungen an Knien, Ges\u00e4\u00df und Saum sorgen f\u00fcr zus\u00e4tzliche Stabilit\u00e4t, w\u00e4hrend die verstellbaren Tr\u00e4ger und die anatomisch geformten Knie maximale Bewegungsfreiheit gew\u00e4hrleisten. Die Salopette verf\u00fcgt \u00fcber tiefe Taschen mit Abflussl\u00f6chern, einen Multifunktionsriemen und reflektierende Details f\u00fcr verbesserte Sichtbarkeit. Es ist ein zertifiziertes bluesign\u00ae Produkt und bietet eine regul\u00e4re Passform.<br \/>Klicken Sie hier, um die genaue Gr\u00f6\u00dfe zu \u00fcberpr\u00fcfen:<\/p>\n","protected":false},"excerpt":{"rendered":"<p>Musto BR3 Offshore Salopette Gr\u00f6\u00dfe M Farbe Schwarz &#8211; Die Musto Salopette ist fachm\u00e4nnisch f\u00fcr Offshore-Segeln konzipiert. Sie besteht aus<\/p>\n","protected":false},"featured_media":5949521,"comment_status":"open","ping_status":"closed","template":"","meta":[],"product_brand":[3155],"product_cat":[1567],"product_tag":[],"class_list":{"0":"post-5531233","1":"product","2":"type-product","3":"status-publish","4":"has-post-thumbnail","6":"product_brand-musto-de","7":"product_cat-segelbekleidung-musto","9":"first","10":"instock","11":"shipping-taxable","12":"purchasable","13":"product-type-simple"},"_links":{"self":[{"href":"https:\/\/stoic-curie.212-227-153-4.plesk.page\/de\/wp-json\/wp\/v2\/product\/5531233","targetHints":{"allow":["GET"]}}],"collection":[{"href":"https:\/\/stoic-curie.212-227-153-4.plesk.page\/de\/wp-json\/wp\/v2\/product"}],"about":[{"href":"https:\/\/stoic-curie.212-227-153-4.plesk.page\/de\/wp-json\/wp\/v2\/types\/product"}],"replies":[{"embeddable":true,"href":"https:\/\/stoic-curie.212-227-153-4.plesk.page\/de\/wp-json\/wp\/v2\/comments?post=5531233"}],"version-history":[{"count":0,"href":"https:\/\/stoic-curie.212-227-153-4.plesk.page\/de\/wp-json\/wp\/v2\/product\/5531233\/revisions"}],"wp:featuredmedia":[{"embeddable":true,"href":"https:\/\/stoic-curie.212-227-153-4.plesk.page\/de\/wp-json\/wp\/v2\/media\/5949521"}],"wp:attachment":[{"href":"https:\/\/stoic-curie.212-227-153-4.plesk.page\/de\/wp-json\/wp\/v2\/media?parent=5531233"}],"wp:term":[{"taxonomy":"product_brand","embeddable":true,"href":"https:\/\/stoic-curie.212-227-153-4.plesk.page\/de\/wp-json\/wp\/v2\/product_brand?post=5531233"},{"taxonomy":"product_cat","embeddable":true,"href":"https:\/\/stoic-curie.212-227-153-4.plesk.page\/de\/wp-json\/wp\/v2\/product_cat?post=5531233"},{"taxonomy":"product_tag","embeddable":true,"href":"https:\/\/stoic-curie.212-227-153-4.plesk.page\/de\/wp-json\/wp\/v2\/product_tag?post=5531233"}],"curies":[{"name":"wp","href":"https:\/\/api.w.org\/{rel}","templated":true}]}}