{"id":5531234,"date":"2026-01-29T22:04:25","date_gmt":"2026-01-29T21:04:25","guid":{"rendered":"https:\/\/stoic-curie.212-227-153-4.plesk.page\/product\/musto-br3-offshore-salopette-groesse-l-schwarz\/"},"modified":"2026-02-24T23:35:53","modified_gmt":"2026-02-24T23:35:53","slug":"musto-br3-offshore-salopette-groesse-l-schwarz","status":"publish","type":"product","link":"https:\/\/stoic-curie.212-227-153-4.plesk.page\/de\/product\/musto-br3-offshore-salopette-groesse-l-schwarz\/","title":{"rendered":"Musto BR3 Offshore Salopette Gr\u00f6\u00dfe L &#8211; Schwarz"},"content":{"rendered":"<p>Musto BR3 Offshore Salopette Gr\u00f6\u00dfe L &#8211; Schwarz &#8211; <\/p>\n<p>Die Musto Salopette ist f\u00fcr das Offshore-Segeln konzipiert und besteht aus einem 3-lagigen Pertex\u00c2\u00ae Shield-Gewebe, das wasserdicht und atmungsaktiv ist. Sie verf\u00fcgt \u00fcber eine PFC-freie wasserabweisende Behandlung und vollst\u00e4ndig versiegelte N\u00e4hte. Verst\u00e4rkungen an den Knien, dem Ges\u00e4\u00df und dem Saum erh\u00f6hen die Haltbarkeit. Diese Salopette bietet maximale Bewegungsfreiheit mit verstellbaren Tr\u00e4gern und vorgeformten Knien. Sie ist mit tiefen Taschen mit Ablaufl\u00f6chern, einem Multitool-Riemen und reflektierenden Details f\u00fcr erh\u00f6hte Sichtbarkeit ausgestattet. Dieses Produkt ist bluesign\u00c2\u00ae-zertifiziert und hat eine normale Passform. <a href='#'>Klicken Sie hier, um die genaue Gr\u00f6\u00dfe zu \u00fcberpr\u00fcfen.<\/a><\/p>\n","protected":false},"excerpt":{"rendered":"<p>Musto BR3 Offshore Salopette Gr\u00f6\u00dfe L &#8211; Schwarz &#8211; Die Musto Salopette ist f\u00fcr das Offshore-Segeln konzipiert und besteht aus<\/p>\n","protected":false},"featured_media":5949521,"comment_status":"open","ping_status":"closed","template":"","meta":[],"product_brand":[3155],"product_cat":[1567],"product_tag":[],"class_list":{"0":"post-5531234","1":"product","2":"type-product","3":"status-publish","4":"has-post-thumbnail","6":"product_brand-musto-de","7":"product_cat-segelbekleidung-musto","9":"first","10":"instock","11":"shipping-taxable","12":"purchasable","13":"product-type-simple"},"_links":{"self":[{"href":"https:\/\/stoic-curie.212-227-153-4.plesk.page\/de\/wp-json\/wp\/v2\/product\/5531234","targetHints":{"allow":["GET"]}}],"collection":[{"href":"https:\/\/stoic-curie.212-227-153-4.plesk.page\/de\/wp-json\/wp\/v2\/product"}],"about":[{"href":"https:\/\/stoic-curie.212-227-153-4.plesk.page\/de\/wp-json\/wp\/v2\/types\/product"}],"replies":[{"embeddable":true,"href":"https:\/\/stoic-curie.212-227-153-4.plesk.page\/de\/wp-json\/wp\/v2\/comments?post=5531234"}],"version-history":[{"count":0,"href":"https:\/\/stoic-curie.212-227-153-4.plesk.page\/de\/wp-json\/wp\/v2\/product\/5531234\/revisions"}],"wp:featuredmedia":[{"embeddable":true,"href":"https:\/\/stoic-curie.212-227-153-4.plesk.page\/de\/wp-json\/wp\/v2\/media\/5949521"}],"wp:attachment":[{"href":"https:\/\/stoic-curie.212-227-153-4.plesk.page\/de\/wp-json\/wp\/v2\/media?parent=5531234"}],"wp:term":[{"taxonomy":"product_brand","embeddable":true,"href":"https:\/\/stoic-curie.212-227-153-4.plesk.page\/de\/wp-json\/wp\/v2\/product_brand?post=5531234"},{"taxonomy":"product_cat","embeddable":true,"href":"https:\/\/stoic-curie.212-227-153-4.plesk.page\/de\/wp-json\/wp\/v2\/product_cat?post=5531234"},{"taxonomy":"product_tag","embeddable":true,"href":"https:\/\/stoic-curie.212-227-153-4.plesk.page\/de\/wp-json\/wp\/v2\/product_tag?post=5531234"}],"curies":[{"name":"wp","href":"https:\/\/api.w.org\/{rel}","templated":true}]}}