{"id":5531235,"date":"2026-01-29T22:04:26","date_gmt":"2026-01-29T21:04:26","guid":{"rendered":"https:\/\/stoic-curie.212-227-153-4.plesk.page\/product\/musto-br3-offshore-salopette-groesse-xl-schwarz\/"},"modified":"2026-02-24T23:35:53","modified_gmt":"2026-02-24T23:35:53","slug":"musto-br3-offshore-salopette-groesse-xl-schwarz","status":"publish","type":"product","link":"https:\/\/stoic-curie.212-227-153-4.plesk.page\/de\/product\/musto-br3-offshore-salopette-groesse-xl-schwarz\/","title":{"rendered":"Musto BR3 Offshore-Salopette &#8211; Gr\u00f6\u00dfe XL &#8211; Schwarz"},"content":{"rendered":"<p>Musto BR3 Offshore-Salopette &#8211; Gr\u00f6\u00dfe XL &#8211; Schwarz &#8211; <\/p>\n<p>Die Musto-Salopette ist speziell f\u00fcr das Offshore-Segeln konzipiert und besteht aus einem 3-lagigen Pertex\u00ae Shield-Gewebe, das sowohl wasserdicht als auch atmungsaktiv ist. Sie verf\u00fcgt \u00fcber eine PFC-freie wasserabweisende Behandlung und volltapierte N\u00e4hte f\u00fcr zus\u00e4tzlichen Schutz. Zur Erh\u00f6hung der Haltbarkeit ist die Salopette an den Knien, dem Ges\u00e4\u00df und dem Saum verst\u00e4rkt. Maximale Bewegungsfreiheit wird durch einstellbare Tr\u00e4ger und artikulierte Knie gew\u00e4hrleistet. Zu den weiteren Funktionen geh\u00f6ren tiefe Taschen mit Ablaufl\u00f6chern, ein Mehrzweckgurt und reflektierende Details f\u00fcr verbesserte Sichtbarkeit. Dieses Produkt ist bluesign\u00ae-zertifiziert und hat eine normale Passform. <a href='#'>Klicken Sie hier, um die genaue Gr\u00f6\u00dfe zu \u00fcberpr\u00fcfen.<\/a><\/p>\n","protected":false},"excerpt":{"rendered":"<p>Musto BR3 Offshore-Salopette &#8211; Gr\u00f6\u00dfe XL &#8211; Schwarz &#8211; Die Musto-Salopette ist speziell f\u00fcr das Offshore-Segeln konzipiert und besteht aus<\/p>\n","protected":false},"featured_media":5949521,"comment_status":"open","ping_status":"closed","template":"","meta":[],"product_brand":[3155],"product_cat":[1567],"product_tag":[],"class_list":{"0":"post-5531235","1":"product","2":"type-product","3":"status-publish","4":"has-post-thumbnail","6":"product_brand-musto-de","7":"product_cat-segelbekleidung-musto","9":"first","10":"instock","11":"shipping-taxable","12":"purchasable","13":"product-type-simple"},"_links":{"self":[{"href":"https:\/\/stoic-curie.212-227-153-4.plesk.page\/de\/wp-json\/wp\/v2\/product\/5531235","targetHints":{"allow":["GET"]}}],"collection":[{"href":"https:\/\/stoic-curie.212-227-153-4.plesk.page\/de\/wp-json\/wp\/v2\/product"}],"about":[{"href":"https:\/\/stoic-curie.212-227-153-4.plesk.page\/de\/wp-json\/wp\/v2\/types\/product"}],"replies":[{"embeddable":true,"href":"https:\/\/stoic-curie.212-227-153-4.plesk.page\/de\/wp-json\/wp\/v2\/comments?post=5531235"}],"version-history":[{"count":0,"href":"https:\/\/stoic-curie.212-227-153-4.plesk.page\/de\/wp-json\/wp\/v2\/product\/5531235\/revisions"}],"wp:featuredmedia":[{"embeddable":true,"href":"https:\/\/stoic-curie.212-227-153-4.plesk.page\/de\/wp-json\/wp\/v2\/media\/5949521"}],"wp:attachment":[{"href":"https:\/\/stoic-curie.212-227-153-4.plesk.page\/de\/wp-json\/wp\/v2\/media?parent=5531235"}],"wp:term":[{"taxonomy":"product_brand","embeddable":true,"href":"https:\/\/stoic-curie.212-227-153-4.plesk.page\/de\/wp-json\/wp\/v2\/product_brand?post=5531235"},{"taxonomy":"product_cat","embeddable":true,"href":"https:\/\/stoic-curie.212-227-153-4.plesk.page\/de\/wp-json\/wp\/v2\/product_cat?post=5531235"},{"taxonomy":"product_tag","embeddable":true,"href":"https:\/\/stoic-curie.212-227-153-4.plesk.page\/de\/wp-json\/wp\/v2\/product_tag?post=5531235"}],"curies":[{"name":"wp","href":"https:\/\/api.w.org\/{rel}","templated":true}]}}