{"id":5531236,"date":"2026-01-29T22:04:27","date_gmt":"2026-01-29T21:04:27","guid":{"rendered":"https:\/\/stoic-curie.212-227-153-4.plesk.page\/product\/musto-br3-offshore-salopette-groesse-2xl-schwarz\/"},"modified":"2026-02-24T23:35:53","modified_gmt":"2026-02-24T23:35:53","slug":"musto-br3-offshore-salopette-groesse-2xl-schwarz","status":"publish","type":"product","link":"https:\/\/stoic-curie.212-227-153-4.plesk.page\/de\/product\/musto-br3-offshore-salopette-groesse-2xl-schwarz\/","title":{"rendered":"Musto BR3 Offshore Salopette Gr\u00f6\u00dfe 2XL &#8211; Schwarz"},"content":{"rendered":"<p>Musto BR3 Offshore Salopette Gr\u00f6\u00dfe 2XL &#8211; Schwarz &#8211; <\/p>\n<p>Die Musto Salopette wurde speziell f\u00fcr den Offshore-Segelsport entwickelt. Sie besteht aus einem 3-lagigen Pertex\u00ae Shield Gewebe, das wasserdicht und atmungsaktiv ist. Mit einer PFC-freien wasserabweisenden Behandlung und voll verklebten N\u00e4hten bietet diese Salopette optimalen Schutz vor den Elementen. Verst\u00e4rkt an den Knien, dem Ges\u00e4\u00df und dem Saum sorgt sie f\u00fcr h\u00f6here Langlebigkeit. Sie erm\u00f6glicht maximale Bewegungsfreiheit dank der verstellbaren Tr\u00e4ger und der anatomisch geformten Knie. Weitere Merkmale sind tiefe Taschen mit Ablaufl\u00f6chern, ein Multi-Tool-Riemen und reflektierende Details zur Verbesserung der Sichtbarkeit. Dieses Produkt ist nach bluesign\u00ae zertifiziert und hat eine normale Passform. Klicken Sie hier, um die genaue Gr\u00f6\u00dfe zu \u00fcberpr\u00fcfen:<\/p>\n","protected":false},"excerpt":{"rendered":"<p>Musto BR3 Offshore Salopette Gr\u00f6\u00dfe 2XL &#8211; Schwarz &#8211; Die Musto Salopette wurde speziell f\u00fcr den Offshore-Segelsport entwickelt. Sie besteht<\/p>\n","protected":false},"featured_media":5949521,"comment_status":"open","ping_status":"closed","template":"","meta":[],"product_brand":[3155],"product_cat":[1567],"product_tag":[],"class_list":{"0":"post-5531236","1":"product","2":"type-product","3":"status-publish","4":"has-post-thumbnail","6":"product_brand-musto-de","7":"product_cat-segelbekleidung-musto","9":"first","10":"instock","11":"shipping-taxable","12":"purchasable","13":"product-type-simple"},"_links":{"self":[{"href":"https:\/\/stoic-curie.212-227-153-4.plesk.page\/de\/wp-json\/wp\/v2\/product\/5531236","targetHints":{"allow":["GET"]}}],"collection":[{"href":"https:\/\/stoic-curie.212-227-153-4.plesk.page\/de\/wp-json\/wp\/v2\/product"}],"about":[{"href":"https:\/\/stoic-curie.212-227-153-4.plesk.page\/de\/wp-json\/wp\/v2\/types\/product"}],"replies":[{"embeddable":true,"href":"https:\/\/stoic-curie.212-227-153-4.plesk.page\/de\/wp-json\/wp\/v2\/comments?post=5531236"}],"version-history":[{"count":0,"href":"https:\/\/stoic-curie.212-227-153-4.plesk.page\/de\/wp-json\/wp\/v2\/product\/5531236\/revisions"}],"wp:featuredmedia":[{"embeddable":true,"href":"https:\/\/stoic-curie.212-227-153-4.plesk.page\/de\/wp-json\/wp\/v2\/media\/5949521"}],"wp:attachment":[{"href":"https:\/\/stoic-curie.212-227-153-4.plesk.page\/de\/wp-json\/wp\/v2\/media?parent=5531236"}],"wp:term":[{"taxonomy":"product_brand","embeddable":true,"href":"https:\/\/stoic-curie.212-227-153-4.plesk.page\/de\/wp-json\/wp\/v2\/product_brand?post=5531236"},{"taxonomy":"product_cat","embeddable":true,"href":"https:\/\/stoic-curie.212-227-153-4.plesk.page\/de\/wp-json\/wp\/v2\/product_cat?post=5531236"},{"taxonomy":"product_tag","embeddable":true,"href":"https:\/\/stoic-curie.212-227-153-4.plesk.page\/de\/wp-json\/wp\/v2\/product_tag?post=5531236"}],"curies":[{"name":"wp","href":"https:\/\/api.w.org\/{rel}","templated":true}]}}