{"id":5531238,"date":"2026-01-29T22:04:28","date_gmt":"2026-01-29T21:04:28","guid":{"rendered":"https:\/\/stoic-curie.212-227-153-4.plesk.page\/product\/technodrive-tmc60p-2-45\/"},"modified":"2026-02-24T23:36:15","modified_gmt":"2026-02-24T23:36:15","slug":"technodrive-tmc60p-2-45","status":"publish","type":"product","link":"https:\/\/stoic-curie.212-227-153-4.plesk.page\/de\/product\/technodrive-tmc60p-2-45\/","title":{"rendered":"Technodrive TMC60P 2.45"},"content":{"rendered":"<p>Technodrive TMC60P 2.45 &#8211; <\/p>\n<p>Mechanisches Getriebe f\u00fcr Marine-Motoren, ausgestattet mit konischen Kupplungen und ger\u00e4uscharmen Zahnr\u00e4dern f\u00fcr einen sanften Betrieb.<\/p>\n","protected":false},"excerpt":{"rendered":"<p>Technodrive TMC60P 2.45 &#8211; Mechanisches Getriebe f\u00fcr Marine-Motoren, ausgestattet mit konischen Kupplungen und ger\u00e4uscharmen Zahnr\u00e4dern f\u00fcr einen sanften Betrieb.<\/p>\n","protected":false},"featured_media":5943463,"comment_status":"open","ping_status":"closed","template":"","meta":[],"product_brand":[3465],"product_cat":[1518],"product_tag":[],"class_list":{"0":"post-5531238","1":"product","2":"type-product","3":"status-publish","4":"has-post-thumbnail","6":"product_brand-technodrive-de","7":"product_cat-getriebe-von-technodrive","9":"first","10":"outofstock","11":"shipping-taxable","12":"purchasable","13":"product-type-simple"},"_links":{"self":[{"href":"https:\/\/stoic-curie.212-227-153-4.plesk.page\/de\/wp-json\/wp\/v2\/product\/5531238","targetHints":{"allow":["GET"]}}],"collection":[{"href":"https:\/\/stoic-curie.212-227-153-4.plesk.page\/de\/wp-json\/wp\/v2\/product"}],"about":[{"href":"https:\/\/stoic-curie.212-227-153-4.plesk.page\/de\/wp-json\/wp\/v2\/types\/product"}],"replies":[{"embeddable":true,"href":"https:\/\/stoic-curie.212-227-153-4.plesk.page\/de\/wp-json\/wp\/v2\/comments?post=5531238"}],"version-history":[{"count":0,"href":"https:\/\/stoic-curie.212-227-153-4.plesk.page\/de\/wp-json\/wp\/v2\/product\/5531238\/revisions"}],"wp:featuredmedia":[{"embeddable":true,"href":"https:\/\/stoic-curie.212-227-153-4.plesk.page\/de\/wp-json\/wp\/v2\/media\/5943463"}],"wp:attachment":[{"href":"https:\/\/stoic-curie.212-227-153-4.plesk.page\/de\/wp-json\/wp\/v2\/media?parent=5531238"}],"wp:term":[{"taxonomy":"product_brand","embeddable":true,"href":"https:\/\/stoic-curie.212-227-153-4.plesk.page\/de\/wp-json\/wp\/v2\/product_brand?post=5531238"},{"taxonomy":"product_cat","embeddable":true,"href":"https:\/\/stoic-curie.212-227-153-4.plesk.page\/de\/wp-json\/wp\/v2\/product_cat?post=5531238"},{"taxonomy":"product_tag","embeddable":true,"href":"https:\/\/stoic-curie.212-227-153-4.plesk.page\/de\/wp-json\/wp\/v2\/product_tag?post=5531238"}],"curies":[{"name":"wp","href":"https:\/\/api.w.org\/{rel}","templated":true}]}}