{"id":5531239,"date":"2026-01-29T22:04:29","date_gmt":"2026-01-29T21:04:29","guid":{"rendered":"https:\/\/stoic-curie.212-227-153-4.plesk.page\/product\/konversionskit-aquat-standard-electric-spx-81-47442-01\/"},"modified":"2026-02-24T23:36:22","modified_gmt":"2026-02-24T23:36:22","slug":"konversionskit-aquat-standard-electric-spx-81-47442-01","status":"publish","type":"product","link":"https:\/\/stoic-curie.212-227-153-4.plesk.page\/de\/product\/konversionskit-aquat-standard-electric-spx-81-47442-01\/","title":{"rendered":"Konversionskit Aquat Standard Electric SPX 81-47442-01"},"content":{"rendered":"<p>Konversionskit Aquat Standard Electric SPX 81-47442-01 &#8211; <\/p>\n<p>Das Standard Electric Konversionskit dient als Ersatzkit f\u00fcr Compact- oder Comfort-Gr\u00f6\u00dfenschalen. Es erm\u00f6glicht Ihnen, ein manuelles Modell in ein elektrisches umzuwandeln oder ein bestehendes elektrisches System durch ein praktisches &#8216;Ein-Tasten&#8217;-Sp\u00fcl- und Entsorgungssystem zu ersetzen. Im Lieferumfang sind eine Pumpe, eine Basis, ein Schlauch, Fittings und das Ein-Tasten-Steuerpaneel enthalten. Es passt zu allen AquaTTM Standard Electric Modellen.<\/p>\n","protected":false},"excerpt":{"rendered":"<p>Konversionskit Aquat Standard Electric SPX 81-47442-01 &#8211; Das Standard Electric Konversionskit dient als Ersatzkit f\u00fcr Compact- oder Comfort-Gr\u00f6\u00dfenschalen. Es erm\u00f6glicht<\/p>\n","protected":false},"featured_media":5949720,"comment_status":"open","ping_status":"closed","template":"","meta":[],"product_brand":[3045],"product_cat":[1388],"product_tag":[],"class_list":{"0":"post-5531239","1":"product","2":"type-product","3":"status-publish","4":"has-post-thumbnail","6":"product_brand-johnson-marine-de","7":"product_cat-marine-wcs","9":"first","10":"instock","11":"shipping-taxable","12":"purchasable","13":"product-type-simple"},"_links":{"self":[{"href":"https:\/\/stoic-curie.212-227-153-4.plesk.page\/de\/wp-json\/wp\/v2\/product\/5531239","targetHints":{"allow":["GET"]}}],"collection":[{"href":"https:\/\/stoic-curie.212-227-153-4.plesk.page\/de\/wp-json\/wp\/v2\/product"}],"about":[{"href":"https:\/\/stoic-curie.212-227-153-4.plesk.page\/de\/wp-json\/wp\/v2\/types\/product"}],"replies":[{"embeddable":true,"href":"https:\/\/stoic-curie.212-227-153-4.plesk.page\/de\/wp-json\/wp\/v2\/comments?post=5531239"}],"version-history":[{"count":0,"href":"https:\/\/stoic-curie.212-227-153-4.plesk.page\/de\/wp-json\/wp\/v2\/product\/5531239\/revisions"}],"wp:featuredmedia":[{"embeddable":true,"href":"https:\/\/stoic-curie.212-227-153-4.plesk.page\/de\/wp-json\/wp\/v2\/media\/5949720"}],"wp:attachment":[{"href":"https:\/\/stoic-curie.212-227-153-4.plesk.page\/de\/wp-json\/wp\/v2\/media?parent=5531239"}],"wp:term":[{"taxonomy":"product_brand","embeddable":true,"href":"https:\/\/stoic-curie.212-227-153-4.plesk.page\/de\/wp-json\/wp\/v2\/product_brand?post=5531239"},{"taxonomy":"product_cat","embeddable":true,"href":"https:\/\/stoic-curie.212-227-153-4.plesk.page\/de\/wp-json\/wp\/v2\/product_cat?post=5531239"},{"taxonomy":"product_tag","embeddable":true,"href":"https:\/\/stoic-curie.212-227-153-4.plesk.page\/de\/wp-json\/wp\/v2\/product_tag?post=5531239"}],"curies":[{"name":"wp","href":"https:\/\/api.w.org\/{rel}","templated":true}]}}