{"id":5531240,"date":"2026-01-29T22:04:30","date_gmt":"2026-01-29T21:04:30","guid":{"rendered":"https:\/\/stoic-curie.212-227-153-4.plesk.page\/product\/umbaukit-aquat-standard-electric-spx-81-47442-02\/"},"modified":"2026-02-24T23:36:22","modified_gmt":"2026-02-24T23:36:22","slug":"umbaukit-aquat-standard-electric-spx-81-47442-02","status":"publish","type":"product","link":"https:\/\/stoic-curie.212-227-153-4.plesk.page\/de\/product\/umbaukit-aquat-standard-electric-spx-81-47442-02\/","title":{"rendered":"Umbaukit Aquat Standard Electric SPX 81-47442-02"},"content":{"rendered":"<p>Umbaukit Aquat Standard Electric SPX 81-47442-02 &#8211; <\/p>\n<p>Umbaukit\/ Ersatzkit f\u00fcr Compact oder Comfort-Modelle. Dieses Kit erm\u00f6glicht die Umr\u00fcstung eines manuellen Modells auf elektrisch oder den Austausch eines bestehenden elektrischen Systems mit einem &#8220;Ein-Tasten&#8221; Sp\u00fcl- und Entsorgungssystem. Es enth\u00e4lt eine Pumpe, Basis, Schlauch, Fittings und ein Ein-Tasten-Kontrollpanel. Kompatibel mit allen AquaT\u2122 Standard Electric Modellen.<\/p>\n","protected":false},"excerpt":{"rendered":"<p>Umbaukit Aquat Standard Electric SPX 81-47442-02 &#8211; Umbaukit\/ Ersatzkit f\u00fcr Compact oder Comfort-Modelle. Dieses Kit erm\u00f6glicht die Umr\u00fcstung eines manuellen<\/p>\n","protected":false},"featured_media":5949720,"comment_status":"open","ping_status":"closed","template":"","meta":[],"product_brand":[3045],"product_cat":[1388],"product_tag":[],"class_list":{"0":"post-5531240","1":"product","2":"type-product","3":"status-publish","4":"has-post-thumbnail","6":"product_brand-johnson-marine-de","7":"product_cat-marine-wcs","9":"first","10":"instock","11":"shipping-taxable","12":"purchasable","13":"product-type-simple"},"_links":{"self":[{"href":"https:\/\/stoic-curie.212-227-153-4.plesk.page\/de\/wp-json\/wp\/v2\/product\/5531240","targetHints":{"allow":["GET"]}}],"collection":[{"href":"https:\/\/stoic-curie.212-227-153-4.plesk.page\/de\/wp-json\/wp\/v2\/product"}],"about":[{"href":"https:\/\/stoic-curie.212-227-153-4.plesk.page\/de\/wp-json\/wp\/v2\/types\/product"}],"replies":[{"embeddable":true,"href":"https:\/\/stoic-curie.212-227-153-4.plesk.page\/de\/wp-json\/wp\/v2\/comments?post=5531240"}],"version-history":[{"count":0,"href":"https:\/\/stoic-curie.212-227-153-4.plesk.page\/de\/wp-json\/wp\/v2\/product\/5531240\/revisions"}],"wp:featuredmedia":[{"embeddable":true,"href":"https:\/\/stoic-curie.212-227-153-4.plesk.page\/de\/wp-json\/wp\/v2\/media\/5949720"}],"wp:attachment":[{"href":"https:\/\/stoic-curie.212-227-153-4.plesk.page\/de\/wp-json\/wp\/v2\/media?parent=5531240"}],"wp:term":[{"taxonomy":"product_brand","embeddable":true,"href":"https:\/\/stoic-curie.212-227-153-4.plesk.page\/de\/wp-json\/wp\/v2\/product_brand?post=5531240"},{"taxonomy":"product_cat","embeddable":true,"href":"https:\/\/stoic-curie.212-227-153-4.plesk.page\/de\/wp-json\/wp\/v2\/product_cat?post=5531240"},{"taxonomy":"product_tag","embeddable":true,"href":"https:\/\/stoic-curie.212-227-153-4.plesk.page\/de\/wp-json\/wp\/v2\/product_tag?post=5531240"}],"curies":[{"name":"wp","href":"https:\/\/api.w.org\/{rel}","templated":true}]}}