{"id":5531249,"date":"2026-01-29T22:04:38","date_gmt":"2026-01-29T21:04:38","guid":{"rendered":"https:\/\/stoic-curie.212-227-153-4.plesk.page\/product\/pumpen-johnson-f8b-5000-tss-10-13176-99\/"},"modified":"2026-02-24T23:36:22","modified_gmt":"2026-02-24T23:36:22","slug":"pumpen-johnson-f8b-5000-tss-10-13176-99","status":"publish","type":"product","link":"https:\/\/stoic-curie.212-227-153-4.plesk.page\/de\/product\/pumpen-johnson-f8b-5000-tss-10-13176-99\/","title":{"rendered":"Pumpen Johnson F8B-5000 TSS 10-13176-99"},"content":{"rendered":"<p>Pumpen Johnson F8B-5000 TSS 10-13176-99 &#8211; Diese hochmoderne Pumpe verf\u00fcgt \u00fcber eine Magnetkupplung f\u00fcr verbesserte Effizienz und Zuverl\u00e4ssigkeit und ist somit ideal f\u00fcr eine Vielzahl von Anwendungen.<\/p>\n","protected":false},"excerpt":{"rendered":"<p>Pumpen Johnson F8B-5000 TSS 10-13176-99 &#8211; Diese hochmoderne Pumpe verf\u00fcgt \u00fcber eine Magnetkupplung f\u00fcr verbesserte Effizienz und Zuverl\u00e4ssigkeit und ist<\/p>\n","protected":false},"featured_media":5949749,"comment_status":"open","ping_status":"closed","template":"","meta":[],"product_brand":[3045],"product_cat":[1522],"product_tag":[],"class_list":{"0":"post-5531249","1":"product","2":"type-product","3":"status-publish","4":"has-post-thumbnail","6":"product_brand-johnson-marine-de","7":"product_cat-motorkuehlpumpen","9":"first","10":"instock","11":"shipping-taxable","12":"purchasable","13":"product-type-simple"},"_links":{"self":[{"href":"https:\/\/stoic-curie.212-227-153-4.plesk.page\/de\/wp-json\/wp\/v2\/product\/5531249","targetHints":{"allow":["GET"]}}],"collection":[{"href":"https:\/\/stoic-curie.212-227-153-4.plesk.page\/de\/wp-json\/wp\/v2\/product"}],"about":[{"href":"https:\/\/stoic-curie.212-227-153-4.plesk.page\/de\/wp-json\/wp\/v2\/types\/product"}],"replies":[{"embeddable":true,"href":"https:\/\/stoic-curie.212-227-153-4.plesk.page\/de\/wp-json\/wp\/v2\/comments?post=5531249"}],"version-history":[{"count":0,"href":"https:\/\/stoic-curie.212-227-153-4.plesk.page\/de\/wp-json\/wp\/v2\/product\/5531249\/revisions"}],"wp:featuredmedia":[{"embeddable":true,"href":"https:\/\/stoic-curie.212-227-153-4.plesk.page\/de\/wp-json\/wp\/v2\/media\/5949749"}],"wp:attachment":[{"href":"https:\/\/stoic-curie.212-227-153-4.plesk.page\/de\/wp-json\/wp\/v2\/media?parent=5531249"}],"wp:term":[{"taxonomy":"product_brand","embeddable":true,"href":"https:\/\/stoic-curie.212-227-153-4.plesk.page\/de\/wp-json\/wp\/v2\/product_brand?post=5531249"},{"taxonomy":"product_cat","embeddable":true,"href":"https:\/\/stoic-curie.212-227-153-4.plesk.page\/de\/wp-json\/wp\/v2\/product_cat?post=5531249"},{"taxonomy":"product_tag","embeddable":true,"href":"https:\/\/stoic-curie.212-227-153-4.plesk.page\/de\/wp-json\/wp\/v2\/product_tag?post=5531249"}],"curies":[{"name":"wp","href":"https:\/\/api.w.org\/{rel}","templated":true}]}}