{"id":5557556,"date":"2026-01-30T12:39:29","date_gmt":"2026-01-30T11:39:29","guid":{"rendered":"https:\/\/stoic-curie.212-227-153-4.plesk.page\/product\/icom-ic-m25e-vhf-evo\/"},"modified":"2026-02-24T23:35:45","modified_gmt":"2026-02-24T23:35:45","slug":"icom-ic-m25e-vhf-evo","status":"publish","type":"product","link":"https:\/\/stoic-curie.212-227-153-4.plesk.page\/de\/product\/icom-ic-m25e-vhf-evo\/","title":{"rendered":"Icom IC-M25E VHF Evo"},"content":{"rendered":"<p>Icom IC-M25E VHF Evo &#8211; <\/p>\n<p>Das ICOM IC-M25E Evo ist ein wasserdichtiges tragbares VHF-Radio mit IPX7-Bewertung. Es hat ein schwimmendes Design, einen Alarmton und ein rotes LED-Signallicht. Das Radio verf\u00fcgt \u00fcber einen ergonomischen Griff mit LCD-Display und beleuchteten Tasten, ein ger\u00e4uschunterdr\u00fcckendes Mikrofon, Dual-\/Tri-Watch-Funktionen, eine Auto-Scan-Funktion und AquaQuake-Funktionen, um Wasser aus dem Lautsprechergitter zu entfernen. Es hat eine dedizierte Kanal-16-Taste, eine RF-Leistung von 5W und eine beeindruckende Batterielaufzeit von 11 Stunden. Im Lieferumfang enthalten sind ein Li-Ion-Akku, ein Ladeger\u00e4t, ein Micro-USB-Kabel, eine G\u00fcrtelhalterung, eine Antenne, ein Gurt und ein Handbuch. Abmessungen: 57 x 31 x H134 mm.<\/p>\n","protected":false},"excerpt":{"rendered":"<p>Icom IC-M25E VHF Evo &#8211; Das ICOM IC-M25E Evo ist ein wasserdichtiges tragbares VHF-Radio mit IPX7-Bewertung. Es hat ein schwimmendes<\/p>\n","protected":false},"featured_media":5949340,"comment_status":"open","ping_status":"closed","template":"","meta":[],"product_brand":[3010],"product_cat":[1457],"product_tag":[],"class_list":{"0":"post-5557556","1":"product","2":"type-product","3":"status-publish","4":"has-post-thumbnail","6":"product_brand-icom-marine-de","7":"product_cat-bootelektronik","9":"first","10":"instock","11":"shipping-taxable","12":"purchasable","13":"product-type-simple"},"_links":{"self":[{"href":"https:\/\/stoic-curie.212-227-153-4.plesk.page\/de\/wp-json\/wp\/v2\/product\/5557556","targetHints":{"allow":["GET"]}}],"collection":[{"href":"https:\/\/stoic-curie.212-227-153-4.plesk.page\/de\/wp-json\/wp\/v2\/product"}],"about":[{"href":"https:\/\/stoic-curie.212-227-153-4.plesk.page\/de\/wp-json\/wp\/v2\/types\/product"}],"replies":[{"embeddable":true,"href":"https:\/\/stoic-curie.212-227-153-4.plesk.page\/de\/wp-json\/wp\/v2\/comments?post=5557556"}],"version-history":[{"count":0,"href":"https:\/\/stoic-curie.212-227-153-4.plesk.page\/de\/wp-json\/wp\/v2\/product\/5557556\/revisions"}],"wp:featuredmedia":[{"embeddable":true,"href":"https:\/\/stoic-curie.212-227-153-4.plesk.page\/de\/wp-json\/wp\/v2\/media\/5949340"}],"wp:attachment":[{"href":"https:\/\/stoic-curie.212-227-153-4.plesk.page\/de\/wp-json\/wp\/v2\/media?parent=5557556"}],"wp:term":[{"taxonomy":"product_brand","embeddable":true,"href":"https:\/\/stoic-curie.212-227-153-4.plesk.page\/de\/wp-json\/wp\/v2\/product_brand?post=5557556"},{"taxonomy":"product_cat","embeddable":true,"href":"https:\/\/stoic-curie.212-227-153-4.plesk.page\/de\/wp-json\/wp\/v2\/product_cat?post=5557556"},{"taxonomy":"product_tag","embeddable":true,"href":"https:\/\/stoic-curie.212-227-153-4.plesk.page\/de\/wp-json\/wp\/v2\/product_tag?post=5557556"}],"curies":[{"name":"wp","href":"https:\/\/api.w.org\/{rel}","templated":true}]}}