{"id":5557557,"date":"2026-01-30T12:39:30","date_gmt":"2026-01-30T11:39:30","guid":{"rendered":"https:\/\/stoic-curie.212-227-153-4.plesk.page\/product\/clarion-cmsp-651-rgb-sport-premium-lautsprecher\/"},"modified":"2026-02-24T23:35:45","modified_gmt":"2026-02-24T23:35:45","slug":"clarion-cmsp-651-rgb-sport-premium-lautsprecher","status":"publish","type":"product","link":"https:\/\/stoic-curie.212-227-153-4.plesk.page\/de\/product\/clarion-cmsp-651-rgb-sport-premium-lautsprecher\/","title":{"rendered":"Clarion CMSP-651 RGB Sport Premium Lautsprecher"},"content":{"rendered":"<p>Clarion CMSP-651 RGB Sport Premium Lautsprecher &#8211; <\/p>\n<p>Ein Paar Clarion CMSP-651 Zweiweglautsprecher mit RGB-LED-Beleuchtung, gebaut mit marinebest\u00e4ndigen Komponenten, ausgestattet mit Seidendom-Hocht\u00f6nern und spritzgegossenen Polymer-Tieft\u00f6nern mit Hochpassfilter. Enth\u00e4lt zwei austauschbare Gitter in Wei\u00df und Schwarz.<\/p>\n","protected":false},"excerpt":{"rendered":"<p>Clarion CMSP-651 RGB Sport Premium Lautsprecher &#8211; Ein Paar Clarion CMSP-651 Zweiweglautsprecher mit RGB-LED-Beleuchtung, gebaut mit marinebest\u00e4ndigen Komponenten, ausgestattet mit<\/p>\n","protected":false},"featured_media":5949360,"comment_status":"open","ping_status":"closed","template":"","meta":[],"product_brand":[3205],"product_cat":[1446],"product_tag":[],"class_list":{"0":"post-5557557","1":"product","2":"type-product","3":"status-publish","4":"has-post-thumbnail","6":"product_brand-nova-argonautica-de","7":"product_cat-stereoanlage-und-lautsprecher","9":"first","10":"outofstock","11":"shipping-taxable","12":"purchasable","13":"product-type-simple"},"_links":{"self":[{"href":"https:\/\/stoic-curie.212-227-153-4.plesk.page\/de\/wp-json\/wp\/v2\/product\/5557557","targetHints":{"allow":["GET"]}}],"collection":[{"href":"https:\/\/stoic-curie.212-227-153-4.plesk.page\/de\/wp-json\/wp\/v2\/product"}],"about":[{"href":"https:\/\/stoic-curie.212-227-153-4.plesk.page\/de\/wp-json\/wp\/v2\/types\/product"}],"replies":[{"embeddable":true,"href":"https:\/\/stoic-curie.212-227-153-4.plesk.page\/de\/wp-json\/wp\/v2\/comments?post=5557557"}],"version-history":[{"count":0,"href":"https:\/\/stoic-curie.212-227-153-4.plesk.page\/de\/wp-json\/wp\/v2\/product\/5557557\/revisions"}],"wp:featuredmedia":[{"embeddable":true,"href":"https:\/\/stoic-curie.212-227-153-4.plesk.page\/de\/wp-json\/wp\/v2\/media\/5949360"}],"wp:attachment":[{"href":"https:\/\/stoic-curie.212-227-153-4.plesk.page\/de\/wp-json\/wp\/v2\/media?parent=5557557"}],"wp:term":[{"taxonomy":"product_brand","embeddable":true,"href":"https:\/\/stoic-curie.212-227-153-4.plesk.page\/de\/wp-json\/wp\/v2\/product_brand?post=5557557"},{"taxonomy":"product_cat","embeddable":true,"href":"https:\/\/stoic-curie.212-227-153-4.plesk.page\/de\/wp-json\/wp\/v2\/product_cat?post=5557557"},{"taxonomy":"product_tag","embeddable":true,"href":"https:\/\/stoic-curie.212-227-153-4.plesk.page\/de\/wp-json\/wp\/v2\/product_tag?post=5557557"}],"curies":[{"name":"wp","href":"https:\/\/api.w.org\/{rel}","templated":true}]}}