{"id":5557559,"date":"2026-01-30T12:39:32","date_gmt":"2026-01-30T11:39:32","guid":{"rendered":"https:\/\/stoic-curie.212-227-153-4.plesk.page\/product\/jobe-airstream-towable-abmessungen-160-x-154-x-51-cm-maximal-2-fahrer\/"},"modified":"2026-02-24T23:35:45","modified_gmt":"2026-02-24T23:35:45","slug":"jobe-airstream-towable-abmessungen-160-x-154-x-51-cm-maximal-2-fahrer","status":"publish","type":"product","link":"https:\/\/stoic-curie.212-227-153-4.plesk.page\/de\/product\/jobe-airstream-towable-abmessungen-160-x-154-x-51-cm-maximal-2-fahrer\/","title":{"rendered":"Jobe Airstream Towable \u2013 Abmessungen 160 x 154 x 51 cm, Maximal 2 Fahrer"},"content":{"rendered":"<p>Jobe Airstream Towable \u2013 Abmessungen 160 x 154 x 51 cm, Maximal 2 Fahrer &#8211; <\/p>\n<p>Erleben Sie Spa\u00df und Entspannung auf dem Wasser mit dem Jobe Airstream Towable. Diese strapazierf\u00e4hige Couch besteht aus starkem 24G PVC und besitzt einen sch\u00fctzenden 420D Nylonbezug. Sie verf\u00fcgt \u00fcber einen verst\u00e4rkten Zugring, ein Boston-Ventil f\u00fcr einfaches Aufblasen und Entleeren sowie vier gepolsterte Griffe mit Neopren-Schutz f\u00fcr die Kn\u00f6chel. Der bequeme gepolsterte Sitz bietet zudem zwei zus\u00e4tzliche Neopren-Handgriffe f\u00fcr besseren Halt und Unterst\u00fctzung. Genie\u00dfen Sie Sicherheit mit einer 3-j\u00e4hrigen Garantie, die nach der Registrierung auf der Jobe-Website verf\u00fcgbar ist.<\/p>\n","protected":false},"excerpt":{"rendered":"<p>Jobe Airstream Towable \u2013 Abmessungen 160 x 154 x 51 cm, Maximal 2 Fahrer &#8211; Erleben Sie Spa\u00df und Entspannung<\/p>\n","protected":false},"featured_media":5949371,"comment_status":"open","ping_status":"closed","template":"","meta":[],"product_brand":[3040],"product_cat":[1559],"product_tag":[],"class_list":{"0":"post-5557559","1":"product","2":"type-product","3":"status-publish","4":"has-post-thumbnail","6":"product_brand-jobe-sports-de","7":"product_cat-wasserski-zubehoer","9":"first","10":"instock","11":"shipping-taxable","12":"purchasable","13":"product-type-simple"},"_links":{"self":[{"href":"https:\/\/stoic-curie.212-227-153-4.plesk.page\/de\/wp-json\/wp\/v2\/product\/5557559","targetHints":{"allow":["GET"]}}],"collection":[{"href":"https:\/\/stoic-curie.212-227-153-4.plesk.page\/de\/wp-json\/wp\/v2\/product"}],"about":[{"href":"https:\/\/stoic-curie.212-227-153-4.plesk.page\/de\/wp-json\/wp\/v2\/types\/product"}],"replies":[{"embeddable":true,"href":"https:\/\/stoic-curie.212-227-153-4.plesk.page\/de\/wp-json\/wp\/v2\/comments?post=5557559"}],"version-history":[{"count":0,"href":"https:\/\/stoic-curie.212-227-153-4.plesk.page\/de\/wp-json\/wp\/v2\/product\/5557559\/revisions"}],"wp:featuredmedia":[{"embeddable":true,"href":"https:\/\/stoic-curie.212-227-153-4.plesk.page\/de\/wp-json\/wp\/v2\/media\/5949371"}],"wp:attachment":[{"href":"https:\/\/stoic-curie.212-227-153-4.plesk.page\/de\/wp-json\/wp\/v2\/media?parent=5557559"}],"wp:term":[{"taxonomy":"product_brand","embeddable":true,"href":"https:\/\/stoic-curie.212-227-153-4.plesk.page\/de\/wp-json\/wp\/v2\/product_brand?post=5557559"},{"taxonomy":"product_cat","embeddable":true,"href":"https:\/\/stoic-curie.212-227-153-4.plesk.page\/de\/wp-json\/wp\/v2\/product_cat?post=5557559"},{"taxonomy":"product_tag","embeddable":true,"href":"https:\/\/stoic-curie.212-227-153-4.plesk.page\/de\/wp-json\/wp\/v2\/product_tag?post=5557559"}],"curies":[{"name":"wp","href":"https:\/\/api.w.org\/{rel}","templated":true}]}}