{"id":5557560,"date":"2026-01-30T12:39:33","date_gmt":"2026-01-30T11:39:33","guid":{"rendered":"https:\/\/stoic-curie.212-227-153-4.plesk.page\/product\/jobe-sup-board-aero-yarra-10-6-paket\/"},"modified":"2026-02-24T23:35:45","modified_gmt":"2026-02-24T23:35:45","slug":"jobe-sup-board-aero-yarra-10-6-paket","status":"publish","type":"product","link":"https:\/\/stoic-curie.212-227-153-4.plesk.page\/de\/product\/jobe-sup-board-aero-yarra-10-6-paket\/","title":{"rendered":"Jobe SUP Board Aero Yarra 10.6 Paket"},"content":{"rendered":"<p>Jobe SUP Board Aero Yarra 10.6 Paket &#8211; <\/p>\n<p>Dieses extrem leichte und strapazierf\u00e4hige Jobe aufblasbare SUP-Board ist mit Heat Bonded-Technologie aus gewebtem Nylonstoff und PVC gefertigt und verf\u00fcgt \u00fcber verst\u00e4rkte Kanten. Es beinhaltet drei flexible Stabilisationsfinnen, ein rutschfestes EVA-Trittkissen, ein elastisches Staunetz, D-Ring-Verbindungen an beiden Enden sowie ein Halkey-Inflationsventil. Das Paket enth\u00e4lt au\u00dferdem eine Doppelhubpumpe, ein 3 Meter Sicherheitsgurt, ein verstellbares 3-teiliges Fiberglas-Paddel und einen wasserdichten Rucksack. Genie\u00dfen Sie Sicherheit mit einer 3-j\u00e4hrigen Garantie nach Registrierung auf der Jobe-Website.<\/p>\n","protected":false},"excerpt":{"rendered":"<p>Jobe SUP Board Aero Yarra 10.6 Paket &#8211; Dieses extrem leichte und strapazierf\u00e4hige Jobe aufblasbare SUP-Board ist mit Heat Bonded-Technologie<\/p>\n","protected":false},"featured_media":5949378,"comment_status":"open","ping_status":"closed","template":"","meta":[],"product_brand":[3040],"product_cat":[1558],"product_tag":[],"class_list":{"0":"post-5557560","1":"product","2":"type-product","3":"status-publish","4":"has-post-thumbnail","6":"product_brand-jobe-sports-de","7":"product_cat-stand-up-paddle","9":"first","10":"instock","11":"shipping-taxable","12":"purchasable","13":"product-type-simple"},"_links":{"self":[{"href":"https:\/\/stoic-curie.212-227-153-4.plesk.page\/de\/wp-json\/wp\/v2\/product\/5557560","targetHints":{"allow":["GET"]}}],"collection":[{"href":"https:\/\/stoic-curie.212-227-153-4.plesk.page\/de\/wp-json\/wp\/v2\/product"}],"about":[{"href":"https:\/\/stoic-curie.212-227-153-4.plesk.page\/de\/wp-json\/wp\/v2\/types\/product"}],"replies":[{"embeddable":true,"href":"https:\/\/stoic-curie.212-227-153-4.plesk.page\/de\/wp-json\/wp\/v2\/comments?post=5557560"}],"version-history":[{"count":0,"href":"https:\/\/stoic-curie.212-227-153-4.plesk.page\/de\/wp-json\/wp\/v2\/product\/5557560\/revisions"}],"wp:featuredmedia":[{"embeddable":true,"href":"https:\/\/stoic-curie.212-227-153-4.plesk.page\/de\/wp-json\/wp\/v2\/media\/5949378"}],"wp:attachment":[{"href":"https:\/\/stoic-curie.212-227-153-4.plesk.page\/de\/wp-json\/wp\/v2\/media?parent=5557560"}],"wp:term":[{"taxonomy":"product_brand","embeddable":true,"href":"https:\/\/stoic-curie.212-227-153-4.plesk.page\/de\/wp-json\/wp\/v2\/product_brand?post=5557560"},{"taxonomy":"product_cat","embeddable":true,"href":"https:\/\/stoic-curie.212-227-153-4.plesk.page\/de\/wp-json\/wp\/v2\/product_cat?post=5557560"},{"taxonomy":"product_tag","embeddable":true,"href":"https:\/\/stoic-curie.212-227-153-4.plesk.page\/de\/wp-json\/wp\/v2\/product_tag?post=5557560"}],"curies":[{"name":"wp","href":"https:\/\/api.w.org\/{rel}","templated":true}]}}