{"id":5557561,"date":"2026-01-30T12:39:34","date_gmt":"2026-01-30T11:39:34","guid":{"rendered":"https:\/\/stoic-curie.212-227-153-4.plesk.page\/product\/elektrischer-inflator-ge-900aa-220v\/"},"modified":"2026-02-24T23:35:45","modified_gmt":"2026-02-24T23:35:45","slug":"elektrischer-inflator-ge-900aa-220v","status":"publish","type":"product","link":"https:\/\/stoic-curie.212-227-153-4.plesk.page\/de\/product\/elektrischer-inflator-ge-900aa-220v\/","title":{"rendered":"Elektrischer Inflator GE 900AA-220V"},"content":{"rendered":"<p>Elektrischer Inflator GE 900AA-220V &#8211; <\/p>\n<p>Der 220V elektrische Inflator ist daf\u00fcr ausgelegt, jede aufblasbare Struktur schnell zu pressen. Mit einem leistungsstarken 1000W Motor arbeitet er bei einem niedrigen Ger\u00e4uschpegel (maximal 85 dB) und kann sowohl aufblasen als auch Luft ablassen. Das Ger\u00e4t wird mit einem praktischen Schultergurt, zwei 1,5m Schl\u00e4uchen (Durchmesser 25\/40 mm) und Adaptern f\u00fcr alle Ventiltypen geliefert. Abmessungen: 17 x 23 x 22 cm.<\/p>\n","protected":false},"excerpt":{"rendered":"<p>Elektrischer Inflator GE 900AA-220V &#8211; Der 220V elektrische Inflator ist daf\u00fcr ausgelegt, jede aufblasbare Struktur schnell zu pressen. Mit einem<\/p>\n","protected":false},"featured_media":5949381,"comment_status":"open","ping_status":"closed","template":"","meta":[],"product_brand":[2850],"product_cat":[1548],"product_tag":[],"class_list":{"0":"post-5557561","1":"product","2":"type-product","3":"status-publish","4":"has-post-thumbnail","6":"product_brand-bravo-scoprega-de","7":"product_cat-schlauchboot-luftpumpen","9":"first","10":"instock","11":"shipping-taxable","12":"purchasable","13":"product-type-simple"},"_links":{"self":[{"href":"https:\/\/stoic-curie.212-227-153-4.plesk.page\/de\/wp-json\/wp\/v2\/product\/5557561","targetHints":{"allow":["GET"]}}],"collection":[{"href":"https:\/\/stoic-curie.212-227-153-4.plesk.page\/de\/wp-json\/wp\/v2\/product"}],"about":[{"href":"https:\/\/stoic-curie.212-227-153-4.plesk.page\/de\/wp-json\/wp\/v2\/types\/product"}],"replies":[{"embeddable":true,"href":"https:\/\/stoic-curie.212-227-153-4.plesk.page\/de\/wp-json\/wp\/v2\/comments?post=5557561"}],"version-history":[{"count":0,"href":"https:\/\/stoic-curie.212-227-153-4.plesk.page\/de\/wp-json\/wp\/v2\/product\/5557561\/revisions"}],"wp:featuredmedia":[{"embeddable":true,"href":"https:\/\/stoic-curie.212-227-153-4.plesk.page\/de\/wp-json\/wp\/v2\/media\/5949381"}],"wp:attachment":[{"href":"https:\/\/stoic-curie.212-227-153-4.plesk.page\/de\/wp-json\/wp\/v2\/media?parent=5557561"}],"wp:term":[{"taxonomy":"product_brand","embeddable":true,"href":"https:\/\/stoic-curie.212-227-153-4.plesk.page\/de\/wp-json\/wp\/v2\/product_brand?post=5557561"},{"taxonomy":"product_cat","embeddable":true,"href":"https:\/\/stoic-curie.212-227-153-4.plesk.page\/de\/wp-json\/wp\/v2\/product_cat?post=5557561"},{"taxonomy":"product_tag","embeddable":true,"href":"https:\/\/stoic-curie.212-227-153-4.plesk.page\/de\/wp-json\/wp\/v2\/product_tag?post=5557561"}],"curies":[{"name":"wp","href":"https:\/\/api.w.org\/{rel}","templated":true}]}}