{"id":5557562,"date":"2026-01-30T12:39:35","date_gmt":"2026-01-30T11:39:35","guid":{"rendered":"https:\/\/stoic-curie.212-227-153-4.plesk.page\/product\/hh-pier-jacket-4-0-groesse-s-marineblau\/"},"modified":"2026-02-24T23:35:53","modified_gmt":"2026-02-24T23:35:53","slug":"hh-pier-jacket-4-0-groesse-s-marineblau","status":"publish","type":"product","link":"https:\/\/stoic-curie.212-227-153-4.plesk.page\/de\/product\/hh-pier-jacket-4-0-groesse-s-marineblau\/","title":{"rendered":"Hh Pier Jacket 4.0 Gr\u00f6\u00dfe S &#8211; Marineblau"},"content":{"rendered":"<p>Hh Pier Jacket 4.0 Gr\u00f6\u00dfe S &#8211; Marineblau &#8211; <\/p>\n<p>Die Helly Hansen Pier Jacket 4.0 ist ideal f\u00fcr jede K\u00fcsten- oder Bootst\u00e4tigkeit. Sie besteht aus HellyTech Performance-Material, das PFC-frei ist und eine dauerhafte Wasserabweisung (DWR) bietet. Diese Jacke ist wasserdicht, winddicht und atmungsaktiv, hergestellt aus hochwertigem Canvas. Zu den weiteren Merkmalen geh\u00f6ren ein YKK\u00ae Rei\u00dfverschluss, vollst\u00e4ndig versiegelte N\u00e4hte, schnelltrocknendes Mesh-Futter, doppelte Sturmklappen, verstellbare B\u00fcndchen, ein verstellbarer Saum und Taille, Taschen f\u00fcr Handw\u00e4rmer, vorgeformte \u00c4rmel, ein hochsch\u00fctzender Fleecekragen, eine hochsichtbare verstellbare Kapuze und SOLAS-konforme Reflektoren.<br \/>Klicken Sie hier, um die genaue Gr\u00f6\u00dfe zu \u00fcberpr\u00fcfen:<\/p>\n","protected":false},"excerpt":{"rendered":"<p>Hh Pier Jacket 4.0 Gr\u00f6\u00dfe S &#8211; Marineblau &#8211; Die Helly Hansen Pier Jacket 4.0 ist ideal f\u00fcr jede K\u00fcsten-<\/p>\n","protected":false},"featured_media":5949525,"comment_status":"open","ping_status":"closed","template":"","meta":[],"product_brand":[3000],"product_cat":[1570],"product_tag":[],"class_list":{"0":"post-5557562","1":"product","2":"type-product","3":"status-publish","4":"has-post-thumbnail","6":"product_brand-helly-hansen-de","7":"product_cat-nautische-bekleidung-helly-hansen","9":"first","10":"instock","11":"shipping-taxable","12":"purchasable","13":"product-type-simple"},"_links":{"self":[{"href":"https:\/\/stoic-curie.212-227-153-4.plesk.page\/de\/wp-json\/wp\/v2\/product\/5557562","targetHints":{"allow":["GET"]}}],"collection":[{"href":"https:\/\/stoic-curie.212-227-153-4.plesk.page\/de\/wp-json\/wp\/v2\/product"}],"about":[{"href":"https:\/\/stoic-curie.212-227-153-4.plesk.page\/de\/wp-json\/wp\/v2\/types\/product"}],"replies":[{"embeddable":true,"href":"https:\/\/stoic-curie.212-227-153-4.plesk.page\/de\/wp-json\/wp\/v2\/comments?post=5557562"}],"version-history":[{"count":0,"href":"https:\/\/stoic-curie.212-227-153-4.plesk.page\/de\/wp-json\/wp\/v2\/product\/5557562\/revisions"}],"wp:featuredmedia":[{"embeddable":true,"href":"https:\/\/stoic-curie.212-227-153-4.plesk.page\/de\/wp-json\/wp\/v2\/media\/5949525"}],"wp:attachment":[{"href":"https:\/\/stoic-curie.212-227-153-4.plesk.page\/de\/wp-json\/wp\/v2\/media?parent=5557562"}],"wp:term":[{"taxonomy":"product_brand","embeddable":true,"href":"https:\/\/stoic-curie.212-227-153-4.plesk.page\/de\/wp-json\/wp\/v2\/product_brand?post=5557562"},{"taxonomy":"product_cat","embeddable":true,"href":"https:\/\/stoic-curie.212-227-153-4.plesk.page\/de\/wp-json\/wp\/v2\/product_cat?post=5557562"},{"taxonomy":"product_tag","embeddable":true,"href":"https:\/\/stoic-curie.212-227-153-4.plesk.page\/de\/wp-json\/wp\/v2\/product_tag?post=5557562"}],"curies":[{"name":"wp","href":"https:\/\/api.w.org\/{rel}","templated":true}]}}