{"id":5557564,"date":"2026-01-30T12:39:37","date_gmt":"2026-01-30T11:39:37","guid":{"rendered":"https:\/\/stoic-curie.212-227-153-4.plesk.page\/product\/hh-pier-jacke-4-0-groesse-l-farbe-blau-marine\/"},"modified":"2026-02-24T23:35:53","modified_gmt":"2026-02-24T23:35:53","slug":"hh-pier-jacke-4-0-groesse-l-farbe-blau-marine","status":"publish","type":"product","link":"https:\/\/stoic-curie.212-227-153-4.plesk.page\/de\/product\/hh-pier-jacke-4-0-groesse-l-farbe-blau-marine\/","title":{"rendered":"Hh Pier Jacke 4.0 Gr\u00f6\u00dfe L Farbe Blau Marine"},"content":{"rendered":"<p>Hh Pier Jacke 4.0 Gr\u00f6\u00dfe L Farbe Blau Marine &#8211; <\/p>\n<p>Die Helly Hansen Pier Jacke 4.0 ist ideal f\u00fcr alle K\u00fcsten- oder Bootsaktivit\u00e4ten. Sie verf\u00fcgt \u00fcber ein HellyTech Performance Material mit PFC-freier langlebiger Wasserabweisung (DWR), das wasserdicht, winddicht und atmungsaktiv ist. Die Jacke ist mit einem YKK\u00ae Rei\u00dfverschluss, vollst\u00e4ndig versiegelten N\u00e4hten, schnell trocknendem Netzfutter, doppelt verst\u00e4rktem Sturmfl\u00fcgel, doppelt verstellbaren Manschetten, verstellbarem Saum und Taille, W\u00e4rmhandschuh-Taschen, artikulierten \u00c4rmeln, hohem sch\u00fctzenden Fleece-Kragen, hochsichtbarer verstellbarer Kapuze und Solas-konformen Reflexen ausgestattet. <\/p>\n<p>Klicken Sie hier, um die genaue Gr\u00f6\u00dfe zu \u00fcberpr\u00fcfen:<\/p>\n","protected":false},"excerpt":{"rendered":"<p>Hh Pier Jacke 4.0 Gr\u00f6\u00dfe L Farbe Blau Marine &#8211; Die Helly Hansen Pier Jacke 4.0 ist ideal f\u00fcr alle<\/p>\n","protected":false},"featured_media":5949525,"comment_status":"open","ping_status":"closed","template":"","meta":[],"product_brand":[3000],"product_cat":[1570],"product_tag":[],"class_list":{"0":"post-5557564","1":"product","2":"type-product","3":"status-publish","4":"has-post-thumbnail","6":"product_brand-helly-hansen-de","7":"product_cat-nautische-bekleidung-helly-hansen","9":"first","10":"instock","11":"shipping-taxable","12":"purchasable","13":"product-type-simple"},"_links":{"self":[{"href":"https:\/\/stoic-curie.212-227-153-4.plesk.page\/de\/wp-json\/wp\/v2\/product\/5557564","targetHints":{"allow":["GET"]}}],"collection":[{"href":"https:\/\/stoic-curie.212-227-153-4.plesk.page\/de\/wp-json\/wp\/v2\/product"}],"about":[{"href":"https:\/\/stoic-curie.212-227-153-4.plesk.page\/de\/wp-json\/wp\/v2\/types\/product"}],"replies":[{"embeddable":true,"href":"https:\/\/stoic-curie.212-227-153-4.plesk.page\/de\/wp-json\/wp\/v2\/comments?post=5557564"}],"version-history":[{"count":0,"href":"https:\/\/stoic-curie.212-227-153-4.plesk.page\/de\/wp-json\/wp\/v2\/product\/5557564\/revisions"}],"wp:featuredmedia":[{"embeddable":true,"href":"https:\/\/stoic-curie.212-227-153-4.plesk.page\/de\/wp-json\/wp\/v2\/media\/5949525"}],"wp:attachment":[{"href":"https:\/\/stoic-curie.212-227-153-4.plesk.page\/de\/wp-json\/wp\/v2\/media?parent=5557564"}],"wp:term":[{"taxonomy":"product_brand","embeddable":true,"href":"https:\/\/stoic-curie.212-227-153-4.plesk.page\/de\/wp-json\/wp\/v2\/product_brand?post=5557564"},{"taxonomy":"product_cat","embeddable":true,"href":"https:\/\/stoic-curie.212-227-153-4.plesk.page\/de\/wp-json\/wp\/v2\/product_cat?post=5557564"},{"taxonomy":"product_tag","embeddable":true,"href":"https:\/\/stoic-curie.212-227-153-4.plesk.page\/de\/wp-json\/wp\/v2\/product_tag?post=5557564"}],"curies":[{"name":"wp","href":"https:\/\/api.w.org\/{rel}","templated":true}]}}