{"id":5557565,"date":"2026-01-30T12:39:38","date_gmt":"2026-01-30T11:39:38","guid":{"rendered":"https:\/\/stoic-curie.212-227-153-4.plesk.page\/product\/hh-pier-jacke-4-0-groesse-xl-farbe-navy-blau\/"},"modified":"2026-02-24T23:35:53","modified_gmt":"2026-02-24T23:35:53","slug":"hh-pier-jacke-4-0-groesse-xl-farbe-navy-blau","status":"publish","type":"product","link":"https:\/\/stoic-curie.212-227-153-4.plesk.page\/de\/product\/hh-pier-jacke-4-0-groesse-xl-farbe-navy-blau\/","title":{"rendered":"Hh Pier Jacke 4.0 Gr\u00f6\u00dfe XL Farbe Navy Blau"},"content":{"rendered":"<p>Hh Pier Jacke 4.0 Gr\u00f6\u00dfe XL Farbe Navy Blau &#8211; <\/p>\n<p>Die Helly Hansen Pier Jacke 4.0 ist ideal f\u00fcr jede K\u00fcsten- oder Bootsaktivit\u00e4t. Sie besteht aus HellyTech Performance-Material mit PFC-freier langlebiger Wasserabweisung (DWR), was sie wasserdicht, winddicht und atmungsaktiv macht. Die Jacke ist mit einem YKK\u00ae Rei\u00dfverschluss, komplett versiegelten N\u00e4hten, schnell trocknendem Mesh-Futter, doppelt gestaffeltem Sturmklappen, verstellbaren B\u00fcndchen, verstellbarem Saum und Taille, Handw\u00e4rmertaschen, artikulierten \u00c4rmeln, hohem sch\u00fctzendem Fleecekragen, verstellbarer Kapuze mit hoher Sichtbarkeit und Solas-konformen Reflektoren ausgestattet.<\/p>\n","protected":false},"excerpt":{"rendered":"<p>Hh Pier Jacke 4.0 Gr\u00f6\u00dfe XL Farbe Navy Blau &#8211; Die Helly Hansen Pier Jacke 4.0 ist ideal f\u00fcr jede<\/p>\n","protected":false},"featured_media":5949525,"comment_status":"open","ping_status":"closed","template":"","meta":[],"product_brand":[3000],"product_cat":[1570],"product_tag":[],"class_list":{"0":"post-5557565","1":"product","2":"type-product","3":"status-publish","4":"has-post-thumbnail","6":"product_brand-helly-hansen-de","7":"product_cat-nautische-bekleidung-helly-hansen","9":"first","10":"instock","11":"shipping-taxable","12":"purchasable","13":"product-type-simple"},"_links":{"self":[{"href":"https:\/\/stoic-curie.212-227-153-4.plesk.page\/de\/wp-json\/wp\/v2\/product\/5557565","targetHints":{"allow":["GET"]}}],"collection":[{"href":"https:\/\/stoic-curie.212-227-153-4.plesk.page\/de\/wp-json\/wp\/v2\/product"}],"about":[{"href":"https:\/\/stoic-curie.212-227-153-4.plesk.page\/de\/wp-json\/wp\/v2\/types\/product"}],"replies":[{"embeddable":true,"href":"https:\/\/stoic-curie.212-227-153-4.plesk.page\/de\/wp-json\/wp\/v2\/comments?post=5557565"}],"version-history":[{"count":0,"href":"https:\/\/stoic-curie.212-227-153-4.plesk.page\/de\/wp-json\/wp\/v2\/product\/5557565\/revisions"}],"wp:featuredmedia":[{"embeddable":true,"href":"https:\/\/stoic-curie.212-227-153-4.plesk.page\/de\/wp-json\/wp\/v2\/media\/5949525"}],"wp:attachment":[{"href":"https:\/\/stoic-curie.212-227-153-4.plesk.page\/de\/wp-json\/wp\/v2\/media?parent=5557565"}],"wp:term":[{"taxonomy":"product_brand","embeddable":true,"href":"https:\/\/stoic-curie.212-227-153-4.plesk.page\/de\/wp-json\/wp\/v2\/product_brand?post=5557565"},{"taxonomy":"product_cat","embeddable":true,"href":"https:\/\/stoic-curie.212-227-153-4.plesk.page\/de\/wp-json\/wp\/v2\/product_cat?post=5557565"},{"taxonomy":"product_tag","embeddable":true,"href":"https:\/\/stoic-curie.212-227-153-4.plesk.page\/de\/wp-json\/wp\/v2\/product_tag?post=5557565"}],"curies":[{"name":"wp","href":"https:\/\/api.w.org\/{rel}","templated":true}]}}