{"id":5557567,"date":"2026-01-30T12:39:40","date_gmt":"2026-01-30T11:39:40","guid":{"rendered":"https:\/\/stoic-curie.212-227-153-4.plesk.page\/product\/hh-pier-jacke-4-0-groesse-s-rot\/"},"modified":"2026-02-24T23:35:53","modified_gmt":"2026-02-24T23:35:53","slug":"hh-pier-jacke-4-0-groesse-s-rot","status":"publish","type":"product","link":"https:\/\/stoic-curie.212-227-153-4.plesk.page\/de\/product\/hh-pier-jacke-4-0-groesse-s-rot\/","title":{"rendered":"Hh Pier Jacke 4.0 Gr\u00f6\u00dfe S Rot"},"content":{"rendered":"<p>Hh Pier Jacke 4.0 Gr\u00f6\u00dfe S Rot &#8211; <\/p>\n<p>Die Helly Hansen Pier Jacke 4.0 ist ideal f\u00fcr Aktivit\u00e4ten an der K\u00fcste oder beim Bootfahren. Sie bietet HellyTech Performance-Beschichtung mit PFC-freier DWR, die daf\u00fcr sorgt, dass die Jacke wasserdicht, winddicht und atmungsaktiv ist. Zu den weiteren Highlights geh\u00f6ren ein YKK\u00ae Rei\u00dfverschluss, vollst\u00e4ndig versiegelte N\u00e4hte, schnell trocknendes Mesh-Futter, doppelte Sturmklappe, verstellbare B\u00fcndchen, verstellbarer Saum und Taille, Taschen zum W\u00e4rmen der H\u00e4nde, vorgeformte \u00c4rmel, hoher sch\u00fctzender Fleecekragen, hochsichtbare verstellbare Kapuze und nach Solas gepr\u00fcfte Reflektoren.<\/p>\n","protected":false},"excerpt":{"rendered":"<p>Hh Pier Jacke 4.0 Gr\u00f6\u00dfe S Rot &#8211; Die Helly Hansen Pier Jacke 4.0 ist ideal f\u00fcr Aktivit\u00e4ten an der<\/p>\n","protected":false},"featured_media":5949525,"comment_status":"open","ping_status":"closed","template":"","meta":[],"product_brand":[3000],"product_cat":[1570],"product_tag":[],"class_list":{"0":"post-5557567","1":"product","2":"type-product","3":"status-publish","4":"has-post-thumbnail","6":"product_brand-helly-hansen-de","7":"product_cat-nautische-bekleidung-helly-hansen","9":"first","10":"instock","11":"shipping-taxable","12":"purchasable","13":"product-type-simple"},"_links":{"self":[{"href":"https:\/\/stoic-curie.212-227-153-4.plesk.page\/de\/wp-json\/wp\/v2\/product\/5557567","targetHints":{"allow":["GET"]}}],"collection":[{"href":"https:\/\/stoic-curie.212-227-153-4.plesk.page\/de\/wp-json\/wp\/v2\/product"}],"about":[{"href":"https:\/\/stoic-curie.212-227-153-4.plesk.page\/de\/wp-json\/wp\/v2\/types\/product"}],"replies":[{"embeddable":true,"href":"https:\/\/stoic-curie.212-227-153-4.plesk.page\/de\/wp-json\/wp\/v2\/comments?post=5557567"}],"version-history":[{"count":0,"href":"https:\/\/stoic-curie.212-227-153-4.plesk.page\/de\/wp-json\/wp\/v2\/product\/5557567\/revisions"}],"wp:featuredmedia":[{"embeddable":true,"href":"https:\/\/stoic-curie.212-227-153-4.plesk.page\/de\/wp-json\/wp\/v2\/media\/5949525"}],"wp:attachment":[{"href":"https:\/\/stoic-curie.212-227-153-4.plesk.page\/de\/wp-json\/wp\/v2\/media?parent=5557567"}],"wp:term":[{"taxonomy":"product_brand","embeddable":true,"href":"https:\/\/stoic-curie.212-227-153-4.plesk.page\/de\/wp-json\/wp\/v2\/product_brand?post=5557567"},{"taxonomy":"product_cat","embeddable":true,"href":"https:\/\/stoic-curie.212-227-153-4.plesk.page\/de\/wp-json\/wp\/v2\/product_cat?post=5557567"},{"taxonomy":"product_tag","embeddable":true,"href":"https:\/\/stoic-curie.212-227-153-4.plesk.page\/de\/wp-json\/wp\/v2\/product_tag?post=5557567"}],"curies":[{"name":"wp","href":"https:\/\/api.w.org\/{rel}","templated":true}]}}