{"id":5557569,"date":"2026-01-30T12:39:42","date_gmt":"2026-01-30T11:39:42","guid":{"rendered":"https:\/\/stoic-curie.212-227-153-4.plesk.page\/product\/hh-pier-jacket-4-0-groesse-l-rot\/"},"modified":"2026-02-24T23:35:53","modified_gmt":"2026-02-24T23:35:53","slug":"hh-pier-jacket-4-0-groesse-l-rot","status":"publish","type":"product","link":"https:\/\/stoic-curie.212-227-153-4.plesk.page\/de\/product\/hh-pier-jacket-4-0-groesse-l-rot\/","title":{"rendered":"Hh Pier Jacket 4.0 Gr\u00f6\u00dfe L &#8211; Rot"},"content":{"rendered":"<p>Hh Pier Jacket 4.0 Gr\u00f6\u00dfe L &#8211; Rot &#8211; <\/p>\n<p>Die Helly Hansen Pier Jacket 4.0 ist ideal f\u00fcr jede K\u00fcsten- oder Bootsaktivit\u00e4t. Sie verf\u00fcgt \u00fcber die HellyTech Performance-Materialien mit PFC-freier langlebiger Wasserabweisung (DWR), die wasserfest, winddicht und atmungsaktiv ist. Die Jacke hat einen YKK\u00ae Rei\u00dfverschluss, vollst\u00e4ndig versiegelte N\u00e4hte, ein schnell trocknendes Mesh-Futter, eine doppelte Sturmklappe, verstellbare Manschetten, einen verstellbaren Saum und Taille, Handw\u00e4rmertaschen, anatomisch geschnittene \u00c4rmel, einen hochsch\u00fctzenden Fleece-Kragen, eine hochsichtbare verstellbare Kapuze und reflektierende Elemente gem\u00e4\u00df Solas.<\/p>\n","protected":false},"excerpt":{"rendered":"<p>Hh Pier Jacket 4.0 Gr\u00f6\u00dfe L &#8211; Rot &#8211; Die Helly Hansen Pier Jacket 4.0 ist ideal f\u00fcr jede K\u00fcsten-<\/p>\n","protected":false},"featured_media":5949525,"comment_status":"open","ping_status":"closed","template":"","meta":[],"product_brand":[3000],"product_cat":[1570],"product_tag":[],"class_list":{"0":"post-5557569","1":"product","2":"type-product","3":"status-publish","4":"has-post-thumbnail","6":"product_brand-helly-hansen-de","7":"product_cat-nautische-bekleidung-helly-hansen","9":"first","10":"instock","11":"shipping-taxable","12":"purchasable","13":"product-type-simple"},"_links":{"self":[{"href":"https:\/\/stoic-curie.212-227-153-4.plesk.page\/de\/wp-json\/wp\/v2\/product\/5557569","targetHints":{"allow":["GET"]}}],"collection":[{"href":"https:\/\/stoic-curie.212-227-153-4.plesk.page\/de\/wp-json\/wp\/v2\/product"}],"about":[{"href":"https:\/\/stoic-curie.212-227-153-4.plesk.page\/de\/wp-json\/wp\/v2\/types\/product"}],"replies":[{"embeddable":true,"href":"https:\/\/stoic-curie.212-227-153-4.plesk.page\/de\/wp-json\/wp\/v2\/comments?post=5557569"}],"version-history":[{"count":0,"href":"https:\/\/stoic-curie.212-227-153-4.plesk.page\/de\/wp-json\/wp\/v2\/product\/5557569\/revisions"}],"wp:featuredmedia":[{"embeddable":true,"href":"https:\/\/stoic-curie.212-227-153-4.plesk.page\/de\/wp-json\/wp\/v2\/media\/5949525"}],"wp:attachment":[{"href":"https:\/\/stoic-curie.212-227-153-4.plesk.page\/de\/wp-json\/wp\/v2\/media?parent=5557569"}],"wp:term":[{"taxonomy":"product_brand","embeddable":true,"href":"https:\/\/stoic-curie.212-227-153-4.plesk.page\/de\/wp-json\/wp\/v2\/product_brand?post=5557569"},{"taxonomy":"product_cat","embeddable":true,"href":"https:\/\/stoic-curie.212-227-153-4.plesk.page\/de\/wp-json\/wp\/v2\/product_cat?post=5557569"},{"taxonomy":"product_tag","embeddable":true,"href":"https:\/\/stoic-curie.212-227-153-4.plesk.page\/de\/wp-json\/wp\/v2\/product_tag?post=5557569"}],"curies":[{"name":"wp","href":"https:\/\/api.w.org\/{rel}","templated":true}]}}