{"id":5557570,"date":"2026-01-30T12:39:43","date_gmt":"2026-01-30T11:39:43","guid":{"rendered":"https:\/\/stoic-curie.212-227-153-4.plesk.page\/product\/hh-pier-jacket-4-0-groesse-xl-farbe-rot\/"},"modified":"2026-02-24T23:35:53","modified_gmt":"2026-02-24T23:35:53","slug":"hh-pier-jacket-4-0-groesse-xl-farbe-rot","status":"publish","type":"product","link":"https:\/\/stoic-curie.212-227-153-4.plesk.page\/de\/product\/hh-pier-jacket-4-0-groesse-xl-farbe-rot\/","title":{"rendered":"Hh Pier Jacket 4.0 Gr\u00f6\u00dfe XL Farbe Rot"},"content":{"rendered":"<p>Hh Pier Jacket 4.0 Gr\u00f6\u00dfe XL Farbe Rot &#8211; <\/p>\n<p>Die Helly Hansen Pier Jacket 4.0 ist ideal f\u00fcr alle K\u00fcsten- oder Bootsaktivit\u00e4ten. Hergestellt aus HellyTech Performance-Material, bietet sie PFC-freie langlebige Wasserabweisung (DWR), ist wasserdicht, winddicht und atmungsaktiv. Ausgestattet mit einem YKK\u00ae Rei\u00dfverschluss, vollverschwei\u00dften N\u00e4hten, schnelltrocknendem Netzfutter, doppeltem Sturmklappen, doppelt verstellbaren Manschetten, verstellbarem Saum und Taille, Handw\u00e4rmertaschen, angepassten \u00c4rmeln, hohem sch\u00fctzenden Fleecekragen, hochsichtbarer verstellbarer Kapuze und SOLAS-konformen Reflexen.<br \/>Klicken Sie hier, um die exakte Gr\u00f6\u00dfe zu \u00fcberpr\u00fcfen:<\/p>\n","protected":false},"excerpt":{"rendered":"<p>Hh Pier Jacket 4.0 Gr\u00f6\u00dfe XL Farbe Rot &#8211; Die Helly Hansen Pier Jacket 4.0 ist ideal f\u00fcr alle K\u00fcsten-<\/p>\n","protected":false},"featured_media":5949525,"comment_status":"open","ping_status":"closed","template":"","meta":[],"product_brand":[3000],"product_cat":[1570],"product_tag":[],"class_list":{"0":"post-5557570","1":"product","2":"type-product","3":"status-publish","4":"has-post-thumbnail","6":"product_brand-helly-hansen-de","7":"product_cat-nautische-bekleidung-helly-hansen","9":"first","10":"instock","11":"shipping-taxable","12":"purchasable","13":"product-type-simple"},"_links":{"self":[{"href":"https:\/\/stoic-curie.212-227-153-4.plesk.page\/de\/wp-json\/wp\/v2\/product\/5557570","targetHints":{"allow":["GET"]}}],"collection":[{"href":"https:\/\/stoic-curie.212-227-153-4.plesk.page\/de\/wp-json\/wp\/v2\/product"}],"about":[{"href":"https:\/\/stoic-curie.212-227-153-4.plesk.page\/de\/wp-json\/wp\/v2\/types\/product"}],"replies":[{"embeddable":true,"href":"https:\/\/stoic-curie.212-227-153-4.plesk.page\/de\/wp-json\/wp\/v2\/comments?post=5557570"}],"version-history":[{"count":0,"href":"https:\/\/stoic-curie.212-227-153-4.plesk.page\/de\/wp-json\/wp\/v2\/product\/5557570\/revisions"}],"wp:featuredmedia":[{"embeddable":true,"href":"https:\/\/stoic-curie.212-227-153-4.plesk.page\/de\/wp-json\/wp\/v2\/media\/5949525"}],"wp:attachment":[{"href":"https:\/\/stoic-curie.212-227-153-4.plesk.page\/de\/wp-json\/wp\/v2\/media?parent=5557570"}],"wp:term":[{"taxonomy":"product_brand","embeddable":true,"href":"https:\/\/stoic-curie.212-227-153-4.plesk.page\/de\/wp-json\/wp\/v2\/product_brand?post=5557570"},{"taxonomy":"product_cat","embeddable":true,"href":"https:\/\/stoic-curie.212-227-153-4.plesk.page\/de\/wp-json\/wp\/v2\/product_cat?post=5557570"},{"taxonomy":"product_tag","embeddable":true,"href":"https:\/\/stoic-curie.212-227-153-4.plesk.page\/de\/wp-json\/wp\/v2\/product_tag?post=5557570"}],"curies":[{"name":"wp","href":"https:\/\/api.w.org\/{rel}","templated":true}]}}