{"id":5583658,"date":"2026-01-31T15:19:45","date_gmt":"2026-01-31T14:19:45","guid":{"rendered":"https:\/\/stoic-curie.212-227-153-4.plesk.page\/product\/clarion-cmm-10i-usb-bt-marine-stereo\/"},"modified":"2026-02-24T23:35:45","modified_gmt":"2026-02-24T23:35:45","slug":"clarion-cmm-10i-usb-bt-marine-stereo","status":"publish","type":"product","link":"https:\/\/stoic-curie.212-227-153-4.plesk.page\/de\/product\/clarion-cmm-10i-usb-bt-marine-stereo\/","title":{"rendered":"Clarion CMM-10i USB BT Marine Stereo"},"content":{"rendered":"<p>Clarion CMM-10i USB BT Marine Stereo &#8211; <\/p>\n<p>Kompakte Clarion CMM-10i Stereoeinheit mit LCD-Display und beleuchteten Tasten. Dieses AM\/FM-Radio ist DAB+-f\u00e4hig mit RDS, USB-Anschluss und zwei r\u00fcckseitigen AUX-Eing\u00e4ngen. Es verf\u00fcgt au\u00dferdem \u00fcber einen MP3\/WMA-Player mit integriertem Bluetooth zum Audio-Streaming von Ihrem Smartphone. Die Einheit ist f\u00fcr den b\u00fcndigen Einbau konzipiert und hat ein IP66-wasserdichtes Geh\u00e4use. Inklusive Anschlusskabel, Verkleidungsrahmen und Schrauben.<\/p>\n","protected":false},"excerpt":{"rendered":"<p>Clarion CMM-10i USB BT Marine Stereo &#8211; Kompakte Clarion CMM-10i Stereoeinheit mit LCD-Display und beleuchteten Tasten. Dieses AM\/FM-Radio ist DAB+-f\u00e4hig<\/p>\n","protected":false},"featured_media":5949356,"comment_status":"open","ping_status":"closed","template":"","meta":[],"product_brand":[3205],"product_cat":[1446],"product_tag":[],"class_list":{"0":"post-5583658","1":"product","2":"type-product","3":"status-publish","4":"has-post-thumbnail","6":"product_brand-nova-argonautica-de","7":"product_cat-stereoanlage-und-lautsprecher","9":"first","10":"instock","11":"shipping-taxable","12":"purchasable","13":"product-type-simple"},"_links":{"self":[{"href":"https:\/\/stoic-curie.212-227-153-4.plesk.page\/de\/wp-json\/wp\/v2\/product\/5583658","targetHints":{"allow":["GET"]}}],"collection":[{"href":"https:\/\/stoic-curie.212-227-153-4.plesk.page\/de\/wp-json\/wp\/v2\/product"}],"about":[{"href":"https:\/\/stoic-curie.212-227-153-4.plesk.page\/de\/wp-json\/wp\/v2\/types\/product"}],"replies":[{"embeddable":true,"href":"https:\/\/stoic-curie.212-227-153-4.plesk.page\/de\/wp-json\/wp\/v2\/comments?post=5583658"}],"version-history":[{"count":0,"href":"https:\/\/stoic-curie.212-227-153-4.plesk.page\/de\/wp-json\/wp\/v2\/product\/5583658\/revisions"}],"wp:featuredmedia":[{"embeddable":true,"href":"https:\/\/stoic-curie.212-227-153-4.plesk.page\/de\/wp-json\/wp\/v2\/media\/5949356"}],"wp:attachment":[{"href":"https:\/\/stoic-curie.212-227-153-4.plesk.page\/de\/wp-json\/wp\/v2\/media?parent=5583658"}],"wp:term":[{"taxonomy":"product_brand","embeddable":true,"href":"https:\/\/stoic-curie.212-227-153-4.plesk.page\/de\/wp-json\/wp\/v2\/product_brand?post=5583658"},{"taxonomy":"product_cat","embeddable":true,"href":"https:\/\/stoic-curie.212-227-153-4.plesk.page\/de\/wp-json\/wp\/v2\/product_cat?post=5583658"},{"taxonomy":"product_tag","embeddable":true,"href":"https:\/\/stoic-curie.212-227-153-4.plesk.page\/de\/wp-json\/wp\/v2\/product_tag?post=5583658"}],"curies":[{"name":"wp","href":"https:\/\/api.w.org\/{rel}","templated":true}]}}