{"id":5583659,"date":"2026-01-31T15:19:46","date_gmt":"2026-01-31T14:19:46","guid":{"rendered":"https:\/\/stoic-curie.212-227-153-4.plesk.page\/product\/clarion-cmsp-651-rgb-sport-premium-lautsprecher-2\/"},"modified":"2026-02-24T23:35:45","modified_gmt":"2026-02-24T23:35:45","slug":"clarion-cmsp-651-rgb-sport-premium-lautsprecher-2","status":"publish","type":"product","link":"https:\/\/stoic-curie.212-227-153-4.plesk.page\/de\/product\/clarion-cmsp-651-rgb-sport-premium-lautsprecher-2\/","title":{"rendered":"Clarion CMSP-651 RGB Sport Premium Lautsprecher"},"content":{"rendered":"<p>Clarion CMSP-651 RGB Sport Premium Lautsprecher &#8211; <\/p>\n<p>Paar von Clarion CMSP-651 Zwei-Wege-Lautsprechern mit RGB-LED-Beleuchtung. Diese Lautsprecher sind aus maritimen Komponenten gefertigt und verf\u00fcgen \u00fcber Seidenkalotten-Hocht\u00f6ner sowie spritzgegossene Polymer-Tieft\u00f6ner mit Hochpassfilter. Im Lieferumfang sind zwei austauschbare Gitter in Wei\u00df und Schwarz enthalten.<\/p>\n","protected":false},"excerpt":{"rendered":"<p>Clarion CMSP-651 RGB Sport Premium Lautsprecher &#8211; Paar von Clarion CMSP-651 Zwei-Wege-Lautsprechern mit RGB-LED-Beleuchtung. Diese Lautsprecher sind aus maritimen Komponenten<\/p>\n","protected":false},"featured_media":5949360,"comment_status":"open","ping_status":"closed","template":"","meta":[],"product_brand":[3205],"product_cat":[1446],"product_tag":[],"class_list":{"0":"post-5583659","1":"product","2":"type-product","3":"status-publish","4":"has-post-thumbnail","6":"product_brand-nova-argonautica-de","7":"product_cat-stereoanlage-und-lautsprecher","9":"first","10":"instock","11":"shipping-taxable","12":"purchasable","13":"product-type-simple"},"_links":{"self":[{"href":"https:\/\/stoic-curie.212-227-153-4.plesk.page\/de\/wp-json\/wp\/v2\/product\/5583659","targetHints":{"allow":["GET"]}}],"collection":[{"href":"https:\/\/stoic-curie.212-227-153-4.plesk.page\/de\/wp-json\/wp\/v2\/product"}],"about":[{"href":"https:\/\/stoic-curie.212-227-153-4.plesk.page\/de\/wp-json\/wp\/v2\/types\/product"}],"replies":[{"embeddable":true,"href":"https:\/\/stoic-curie.212-227-153-4.plesk.page\/de\/wp-json\/wp\/v2\/comments?post=5583659"}],"version-history":[{"count":0,"href":"https:\/\/stoic-curie.212-227-153-4.plesk.page\/de\/wp-json\/wp\/v2\/product\/5583659\/revisions"}],"wp:featuredmedia":[{"embeddable":true,"href":"https:\/\/stoic-curie.212-227-153-4.plesk.page\/de\/wp-json\/wp\/v2\/media\/5949360"}],"wp:attachment":[{"href":"https:\/\/stoic-curie.212-227-153-4.plesk.page\/de\/wp-json\/wp\/v2\/media?parent=5583659"}],"wp:term":[{"taxonomy":"product_brand","embeddable":true,"href":"https:\/\/stoic-curie.212-227-153-4.plesk.page\/de\/wp-json\/wp\/v2\/product_brand?post=5583659"},{"taxonomy":"product_cat","embeddable":true,"href":"https:\/\/stoic-curie.212-227-153-4.plesk.page\/de\/wp-json\/wp\/v2\/product_cat?post=5583659"},{"taxonomy":"product_tag","embeddable":true,"href":"https:\/\/stoic-curie.212-227-153-4.plesk.page\/de\/wp-json\/wp\/v2\/product_tag?post=5583659"}],"curies":[{"name":"wp","href":"https:\/\/api.w.org\/{rel}","templated":true}]}}