{"id":5583660,"date":"2026-01-31T15:19:47","date_gmt":"2026-01-31T14:19:47","guid":{"rendered":"https:\/\/stoic-curie.212-227-153-4.plesk.page\/product\/clarion-cmsp-101-rgb-subwoofer\/"},"modified":"2026-02-24T23:35:45","modified_gmt":"2026-02-24T23:35:45","slug":"clarion-cmsp-101-rgb-subwoofer","status":"publish","type":"product","link":"https:\/\/stoic-curie.212-227-153-4.plesk.page\/de\/product\/clarion-cmsp-101-rgb-subwoofer\/","title":{"rendered":"Clarion CMSP-101 RGB Subwoofer"},"content":{"rendered":"<p>Clarion CMSP-101 RGB Subwoofer &#8211; <\/p>\n<p>Der Clarion CMSP-101 Subwoofer verf\u00fcgt \u00fcber atemberaubende RGB-LED-Beleuchtung. Er ist aus marinegerechten Komponenten gefertigt und verf\u00fcgt \u00fcber einen langhubigen Infinite Baffle Polymer-Injektions-Woofer-Konus. Das Produkt wird mit Anschl\u00fcssen und Montagematerial geliefert, w\u00e4hrend die Gitter separat erh\u00e4ltlich sind.<\/p>\n","protected":false},"excerpt":{"rendered":"<p>Clarion CMSP-101 RGB Subwoofer &#8211; Der Clarion CMSP-101 Subwoofer verf\u00fcgt \u00fcber atemberaubende RGB-LED-Beleuchtung. Er ist aus marinegerechten Komponenten gefertigt und<\/p>\n","protected":false},"featured_media":5949364,"comment_status":"open","ping_status":"closed","template":"","meta":[],"product_brand":[3205],"product_cat":[1446],"product_tag":[],"class_list":{"0":"post-5583660","1":"product","2":"type-product","3":"status-publish","4":"has-post-thumbnail","6":"product_brand-nova-argonautica-de","7":"product_cat-stereoanlage-und-lautsprecher","9":"first","10":"outofstock","11":"shipping-taxable","12":"purchasable","13":"product-type-simple"},"_links":{"self":[{"href":"https:\/\/stoic-curie.212-227-153-4.plesk.page\/de\/wp-json\/wp\/v2\/product\/5583660","targetHints":{"allow":["GET"]}}],"collection":[{"href":"https:\/\/stoic-curie.212-227-153-4.plesk.page\/de\/wp-json\/wp\/v2\/product"}],"about":[{"href":"https:\/\/stoic-curie.212-227-153-4.plesk.page\/de\/wp-json\/wp\/v2\/types\/product"}],"replies":[{"embeddable":true,"href":"https:\/\/stoic-curie.212-227-153-4.plesk.page\/de\/wp-json\/wp\/v2\/comments?post=5583660"}],"version-history":[{"count":0,"href":"https:\/\/stoic-curie.212-227-153-4.plesk.page\/de\/wp-json\/wp\/v2\/product\/5583660\/revisions"}],"wp:featuredmedia":[{"embeddable":true,"href":"https:\/\/stoic-curie.212-227-153-4.plesk.page\/de\/wp-json\/wp\/v2\/media\/5949364"}],"wp:attachment":[{"href":"https:\/\/stoic-curie.212-227-153-4.plesk.page\/de\/wp-json\/wp\/v2\/media?parent=5583660"}],"wp:term":[{"taxonomy":"product_brand","embeddable":true,"href":"https:\/\/stoic-curie.212-227-153-4.plesk.page\/de\/wp-json\/wp\/v2\/product_brand?post=5583660"},{"taxonomy":"product_cat","embeddable":true,"href":"https:\/\/stoic-curie.212-227-153-4.plesk.page\/de\/wp-json\/wp\/v2\/product_cat?post=5583660"},{"taxonomy":"product_tag","embeddable":true,"href":"https:\/\/stoic-curie.212-227-153-4.plesk.page\/de\/wp-json\/wp\/v2\/product_tag?post=5583660"}],"curies":[{"name":"wp","href":"https:\/\/api.w.org\/{rel}","templated":true}]}}