{"id":5583665,"date":"2026-01-31T15:19:52","date_gmt":"2026-01-31T14:19:52","guid":{"rendered":"https:\/\/stoic-curie.212-227-153-4.plesk.page\/product\/musto-br1-midlayer-jacke-groesse-xl-farbe-marineblau\/"},"modified":"2026-02-24T23:35:53","modified_gmt":"2026-02-24T23:35:53","slug":"musto-br1-midlayer-jacke-groesse-xl-farbe-marineblau","status":"publish","type":"product","link":"https:\/\/stoic-curie.212-227-153-4.plesk.page\/de\/product\/musto-br1-midlayer-jacke-groesse-xl-farbe-marineblau\/","title":{"rendered":"Musto BR1 Midlayer Jacke &#8211; Gr\u00f6\u00dfe XL &#8211; Farbe: Marineblau"},"content":{"rendered":"<p>Musto BR1 Midlayer Jacke &#8211; Gr\u00f6\u00dfe XL &#8211; Farbe: Marineblau &#8211; <\/p>\n<p>Die Musto-Jacke ist geschickt als Midlayer konzipiert und verf\u00fcgt \u00fcber PrimaLoft\u00ae RISE-Isolierung f\u00fcr optimale W\u00e4rme und Bewegungsfreiheit. Sie ist wasserdicht dank vollst\u00e4ndig versiegelter N\u00e4hte und kann daher auch bei milden Bedingungen allein getragen werden. Die Jacke besitzt eine in den Kragen integrierbare Packhaube, einen YKK\u00ae VISLON\u00ae Rei\u00dfverschluss, fleecegef\u00fctterte Taschen und reflektierende Details. Dieses Produkt ist bluesign\u00ae-zertifiziert und aus recycelten Materialien hergestellt.<br \/>Hier klicken, um die genaue Gr\u00f6\u00dfe zu \u00fcberpr\u00fcfen:<\/p>\n","protected":false},"excerpt":{"rendered":"<p>Musto BR1 Midlayer Jacke &#8211; Gr\u00f6\u00dfe XL &#8211; Farbe: Marineblau &#8211; Die Musto-Jacke ist geschickt als Midlayer konzipiert und verf\u00fcgt<\/p>\n","protected":false},"featured_media":5949510,"comment_status":"open","ping_status":"closed","template":"","meta":[],"product_brand":[3155],"product_cat":[1567],"product_tag":[],"class_list":{"0":"post-5583665","1":"product","2":"type-product","3":"status-publish","4":"has-post-thumbnail","6":"product_brand-musto-de","7":"product_cat-segelbekleidung-musto","9":"first","10":"instock","11":"shipping-taxable","12":"purchasable","13":"product-type-simple"},"_links":{"self":[{"href":"https:\/\/stoic-curie.212-227-153-4.plesk.page\/de\/wp-json\/wp\/v2\/product\/5583665","targetHints":{"allow":["GET"]}}],"collection":[{"href":"https:\/\/stoic-curie.212-227-153-4.plesk.page\/de\/wp-json\/wp\/v2\/product"}],"about":[{"href":"https:\/\/stoic-curie.212-227-153-4.plesk.page\/de\/wp-json\/wp\/v2\/types\/product"}],"replies":[{"embeddable":true,"href":"https:\/\/stoic-curie.212-227-153-4.plesk.page\/de\/wp-json\/wp\/v2\/comments?post=5583665"}],"version-history":[{"count":0,"href":"https:\/\/stoic-curie.212-227-153-4.plesk.page\/de\/wp-json\/wp\/v2\/product\/5583665\/revisions"}],"wp:featuredmedia":[{"embeddable":true,"href":"https:\/\/stoic-curie.212-227-153-4.plesk.page\/de\/wp-json\/wp\/v2\/media\/5949510"}],"wp:attachment":[{"href":"https:\/\/stoic-curie.212-227-153-4.plesk.page\/de\/wp-json\/wp\/v2\/media?parent=5583665"}],"wp:term":[{"taxonomy":"product_brand","embeddable":true,"href":"https:\/\/stoic-curie.212-227-153-4.plesk.page\/de\/wp-json\/wp\/v2\/product_brand?post=5583665"},{"taxonomy":"product_cat","embeddable":true,"href":"https:\/\/stoic-curie.212-227-153-4.plesk.page\/de\/wp-json\/wp\/v2\/product_cat?post=5583665"},{"taxonomy":"product_tag","embeddable":true,"href":"https:\/\/stoic-curie.212-227-153-4.plesk.page\/de\/wp-json\/wp\/v2\/product_tag?post=5583665"}],"curies":[{"name":"wp","href":"https:\/\/api.w.org\/{rel}","templated":true}]}}