{"id":5583668,"date":"2026-01-31T15:19:55","date_gmt":"2026-01-31T14:19:55","guid":{"rendered":"https:\/\/stoic-curie.212-227-153-4.plesk.page\/product\/helly-hansen-pier-bib-4-0-groesse-m-marineblau\/"},"modified":"2026-02-24T23:35:53","modified_gmt":"2026-02-24T23:35:53","slug":"helly-hansen-pier-bib-4-0-groesse-m-marineblau","status":"publish","type":"product","link":"https:\/\/stoic-curie.212-227-153-4.plesk.page\/de\/product\/helly-hansen-pier-bib-4-0-groesse-m-marineblau\/","title":{"rendered":"Helly Hansen Pier Bib 4.0 Gr\u00f6\u00dfe M &#8211; Marineblau"},"content":{"rendered":"<p>Helly Hansen Pier Bib 4.0 Gr\u00f6\u00dfe M &#8211; Marineblau &#8211; <\/p>\n<p>Der Helly Hansen Pier Bib 4.0 ist ideal f\u00fcr jede K\u00fcsten- oder Bootsaktivit\u00e4t. Er verf\u00fcgt \u00fcber HellyTech Performance in einem 2-lagigen Stoff mit PFC-freier langlebiger Wasserabweisung (DWR), der ihn wasserdicht, winddicht und atmungsaktiv macht. Das Produkt umfasst vollversiegelte N\u00e4hte, Futter aus schnelltrocknendem Mesh, Verst\u00e4rkungen an Sitz und Knie, einen hohen R\u00fccken mit verstellbaren Tr\u00e4gern, eine verstellbare Taille, einen beidseitigen YKK\u00ae Frontrei\u00dfverschluss, eine Cargo-Tasche, verstellbare Bein\u00f6ffnungen und artikulierte Sitze und Knie sowie SOLAS-konforme Reflektoren.<\/p>\n","protected":false},"excerpt":{"rendered":"<p>Helly Hansen Pier Bib 4.0 Gr\u00f6\u00dfe M &#8211; Marineblau &#8211; Der Helly Hansen Pier Bib 4.0 ist ideal f\u00fcr jede<\/p>\n","protected":false},"featured_media":5949532,"comment_status":"open","ping_status":"closed","template":"","meta":[],"product_brand":[3000],"product_cat":[1570],"product_tag":[],"class_list":{"0":"post-5583668","1":"product","2":"type-product","3":"status-publish","4":"has-post-thumbnail","6":"product_brand-helly-hansen-de","7":"product_cat-nautische-bekleidung-helly-hansen","9":"first","10":"outofstock","11":"shipping-taxable","12":"purchasable","13":"product-type-simple"},"_links":{"self":[{"href":"https:\/\/stoic-curie.212-227-153-4.plesk.page\/de\/wp-json\/wp\/v2\/product\/5583668","targetHints":{"allow":["GET"]}}],"collection":[{"href":"https:\/\/stoic-curie.212-227-153-4.plesk.page\/de\/wp-json\/wp\/v2\/product"}],"about":[{"href":"https:\/\/stoic-curie.212-227-153-4.plesk.page\/de\/wp-json\/wp\/v2\/types\/product"}],"replies":[{"embeddable":true,"href":"https:\/\/stoic-curie.212-227-153-4.plesk.page\/de\/wp-json\/wp\/v2\/comments?post=5583668"}],"version-history":[{"count":0,"href":"https:\/\/stoic-curie.212-227-153-4.plesk.page\/de\/wp-json\/wp\/v2\/product\/5583668\/revisions"}],"wp:featuredmedia":[{"embeddable":true,"href":"https:\/\/stoic-curie.212-227-153-4.plesk.page\/de\/wp-json\/wp\/v2\/media\/5949532"}],"wp:attachment":[{"href":"https:\/\/stoic-curie.212-227-153-4.plesk.page\/de\/wp-json\/wp\/v2\/media?parent=5583668"}],"wp:term":[{"taxonomy":"product_brand","embeddable":true,"href":"https:\/\/stoic-curie.212-227-153-4.plesk.page\/de\/wp-json\/wp\/v2\/product_brand?post=5583668"},{"taxonomy":"product_cat","embeddable":true,"href":"https:\/\/stoic-curie.212-227-153-4.plesk.page\/de\/wp-json\/wp\/v2\/product_cat?post=5583668"},{"taxonomy":"product_tag","embeddable":true,"href":"https:\/\/stoic-curie.212-227-153-4.plesk.page\/de\/wp-json\/wp\/v2\/product_tag?post=5583668"}],"curies":[{"name":"wp","href":"https:\/\/api.w.org\/{rel}","templated":true}]}}