{"id":5583672,"date":"2026-01-31T15:19:58","date_gmt":"2026-01-31T14:19:58","guid":{"rendered":"https:\/\/stoic-curie.212-227-153-4.plesk.page\/product\/hh-pier-bib-4-0-groesse-s-ebenholzgrau\/"},"modified":"2026-02-24T23:35:53","modified_gmt":"2026-02-24T23:35:53","slug":"hh-pier-bib-4-0-groesse-s-ebenholzgrau","status":"publish","type":"product","link":"https:\/\/stoic-curie.212-227-153-4.plesk.page\/de\/product\/hh-pier-bib-4-0-groesse-s-ebenholzgrau\/","title":{"rendered":"Hh Pier Bib 4.0 Gr\u00f6\u00dfe S &#8211; Ebenholzgrau"},"content":{"rendered":"<p>Hh Pier Bib 4.0 Gr\u00f6\u00dfe S &#8211; Ebenholzgrau &#8211; <\/p>\n<p>Die Helly Hansen Pier Bib 4.0 ist ideal f\u00fcr alle K\u00fcsten- oder Bootaktivit\u00e4ten. Sie verf\u00fcgt \u00fcber eine HellyTech Performance 2-lagige Konstruktion, ist PFC-frei und hat eine Durable Water Repellency (DWR) Behandlung, die wasserdicht, winddicht und atmungsaktiv ist. Mit vollst\u00e4ndig versiegelten N\u00e4hten, schnell trocknendem Netzfutter, verst\u00e4rktem Sitz und Knien, hohem R\u00fccken mit verstellbaren Tr\u00e4gern, verstellbarem Bund, zweiwegrei\u00dfverschluss von YKK\u00c2\u00ae, Cargotasche, verstellbaren Bein\u00f6ffnungen und artikuliertem Sitz und Knien enth\u00e4lt sie auch reflektierende Elemente, die den Solas-Standards entsprechen.<\/p>\n","protected":false},"excerpt":{"rendered":"<p>Hh Pier Bib 4.0 Gr\u00f6\u00dfe S &#8211; Ebenholzgrau &#8211; Die Helly Hansen Pier Bib 4.0 ist ideal f\u00fcr alle K\u00fcsten-<\/p>\n","protected":false},"featured_media":5949532,"comment_status":"open","ping_status":"closed","template":"","meta":[],"product_brand":[3000],"product_cat":[1570],"product_tag":[],"class_list":{"0":"post-5583672","1":"product","2":"type-product","3":"status-publish","4":"has-post-thumbnail","6":"product_brand-helly-hansen-de","7":"product_cat-nautische-bekleidung-helly-hansen","9":"first","10":"instock","11":"shipping-taxable","12":"purchasable","13":"product-type-simple"},"_links":{"self":[{"href":"https:\/\/stoic-curie.212-227-153-4.plesk.page\/de\/wp-json\/wp\/v2\/product\/5583672","targetHints":{"allow":["GET"]}}],"collection":[{"href":"https:\/\/stoic-curie.212-227-153-4.plesk.page\/de\/wp-json\/wp\/v2\/product"}],"about":[{"href":"https:\/\/stoic-curie.212-227-153-4.plesk.page\/de\/wp-json\/wp\/v2\/types\/product"}],"replies":[{"embeddable":true,"href":"https:\/\/stoic-curie.212-227-153-4.plesk.page\/de\/wp-json\/wp\/v2\/comments?post=5583672"}],"version-history":[{"count":0,"href":"https:\/\/stoic-curie.212-227-153-4.plesk.page\/de\/wp-json\/wp\/v2\/product\/5583672\/revisions"}],"wp:featuredmedia":[{"embeddable":true,"href":"https:\/\/stoic-curie.212-227-153-4.plesk.page\/de\/wp-json\/wp\/v2\/media\/5949532"}],"wp:attachment":[{"href":"https:\/\/stoic-curie.212-227-153-4.plesk.page\/de\/wp-json\/wp\/v2\/media?parent=5583672"}],"wp:term":[{"taxonomy":"product_brand","embeddable":true,"href":"https:\/\/stoic-curie.212-227-153-4.plesk.page\/de\/wp-json\/wp\/v2\/product_brand?post=5583672"},{"taxonomy":"product_cat","embeddable":true,"href":"https:\/\/stoic-curie.212-227-153-4.plesk.page\/de\/wp-json\/wp\/v2\/product_cat?post=5583672"},{"taxonomy":"product_tag","embeddable":true,"href":"https:\/\/stoic-curie.212-227-153-4.plesk.page\/de\/wp-json\/wp\/v2\/product_tag?post=5583672"}],"curies":[{"name":"wp","href":"https:\/\/api.w.org\/{rel}","templated":true}]}}