{"id":5583673,"date":"2026-01-31T15:19:59","date_gmt":"2026-01-31T14:19:59","guid":{"rendered":"https:\/\/stoic-curie.212-227-153-4.plesk.page\/product\/helly-hansen-pier-bib-4-0-groesse-m-ebony-grey\/"},"modified":"2026-02-24T23:35:53","modified_gmt":"2026-02-24T23:35:53","slug":"helly-hansen-pier-bib-4-0-groesse-m-ebony-grey","status":"publish","type":"product","link":"https:\/\/stoic-curie.212-227-153-4.plesk.page\/de\/product\/helly-hansen-pier-bib-4-0-groesse-m-ebony-grey\/","title":{"rendered":"Helly Hansen Pier Bib 4.0 Gr\u00f6\u00dfe M &#8211; Ebony Grey"},"content":{"rendered":"<p>Helly Hansen Pier Bib 4.0 Gr\u00f6\u00dfe M &#8211; Ebony Grey &#8211; <\/p>\n<p>Der Helly Hansen Pier Bib 4.0 ist ideal f\u00fcr alle K\u00fcsten- oder Bootsaktivit\u00e4ten. Aus HellyTech Performance 2-lagigem Gewebe bietet er PFC-freie Durable Water Repellency (DWR) f\u00fcr wasserdichte, winddichte und atmungsaktive Eigenschaften. Die Hose hat vollst\u00e4ndig versiegelte N\u00e4hte, ein schnell trocknendes Mesh-Futter, verst\u00e4rkte Sitz- und Knief\u00e4chen, einen hohen R\u00fccken mit verstellbaren Tr\u00e4gern, eine verstellbare Taille, einen zweil\u00e4ufigen YKK\u00ae Frontrei\u00dfverschluss, eine Cargotasche, verstellbare Bein\u00f6ffnungen sowie artikulierte Sitz- und Knief\u00e4chen, alles mit SOLAS-konformen Reflektoren.<\/p>\n","protected":false},"excerpt":{"rendered":"<p>Helly Hansen Pier Bib 4.0 Gr\u00f6\u00dfe M &#8211; Ebony Grey &#8211; Der Helly Hansen Pier Bib 4.0 ist ideal f\u00fcr<\/p>\n","protected":false},"featured_media":5949532,"comment_status":"open","ping_status":"closed","template":"","meta":[],"product_brand":[3000],"product_cat":[1570],"product_tag":[],"class_list":{"0":"post-5583673","1":"product","2":"type-product","3":"status-publish","4":"has-post-thumbnail","6":"product_brand-helly-hansen-de","7":"product_cat-nautische-bekleidung-helly-hansen","9":"first","10":"instock","11":"shipping-taxable","12":"purchasable","13":"product-type-simple"},"_links":{"self":[{"href":"https:\/\/stoic-curie.212-227-153-4.plesk.page\/de\/wp-json\/wp\/v2\/product\/5583673","targetHints":{"allow":["GET"]}}],"collection":[{"href":"https:\/\/stoic-curie.212-227-153-4.plesk.page\/de\/wp-json\/wp\/v2\/product"}],"about":[{"href":"https:\/\/stoic-curie.212-227-153-4.plesk.page\/de\/wp-json\/wp\/v2\/types\/product"}],"replies":[{"embeddable":true,"href":"https:\/\/stoic-curie.212-227-153-4.plesk.page\/de\/wp-json\/wp\/v2\/comments?post=5583673"}],"version-history":[{"count":0,"href":"https:\/\/stoic-curie.212-227-153-4.plesk.page\/de\/wp-json\/wp\/v2\/product\/5583673\/revisions"}],"wp:featuredmedia":[{"embeddable":true,"href":"https:\/\/stoic-curie.212-227-153-4.plesk.page\/de\/wp-json\/wp\/v2\/media\/5949532"}],"wp:attachment":[{"href":"https:\/\/stoic-curie.212-227-153-4.plesk.page\/de\/wp-json\/wp\/v2\/media?parent=5583673"}],"wp:term":[{"taxonomy":"product_brand","embeddable":true,"href":"https:\/\/stoic-curie.212-227-153-4.plesk.page\/de\/wp-json\/wp\/v2\/product_brand?post=5583673"},{"taxonomy":"product_cat","embeddable":true,"href":"https:\/\/stoic-curie.212-227-153-4.plesk.page\/de\/wp-json\/wp\/v2\/product_cat?post=5583673"},{"taxonomy":"product_tag","embeddable":true,"href":"https:\/\/stoic-curie.212-227-153-4.plesk.page\/de\/wp-json\/wp\/v2\/product_tag?post=5583673"}],"curies":[{"name":"wp","href":"https:\/\/api.w.org\/{rel}","templated":true}]}}