{"id":5583674,"date":"2026-01-31T15:20:00","date_gmt":"2026-01-31T14:20:00","guid":{"rendered":"https:\/\/stoic-curie.212-227-153-4.plesk.page\/product\/helly-hansen-pier-bib-4-0-groesse-l-ebony-grey\/"},"modified":"2026-02-24T23:35:53","modified_gmt":"2026-02-24T23:35:53","slug":"helly-hansen-pier-bib-4-0-groesse-l-ebony-grey","status":"publish","type":"product","link":"https:\/\/stoic-curie.212-227-153-4.plesk.page\/de\/product\/helly-hansen-pier-bib-4-0-groesse-l-ebony-grey\/","title":{"rendered":"Helly Hansen Pier Bib 4.0 Gr\u00f6\u00dfe L &#8211; Ebony Grey"},"content":{"rendered":"<p>Helly Hansen Pier Bib 4.0 Gr\u00f6\u00dfe L &#8211; Ebony Grey &#8211; <\/p>\n<p>Die Helly Hansen Pier Bib 4.0 ist ideal f\u00fcr alle K\u00fcsten- oder Bootst\u00e4tigkeiten. Sie verf\u00fcgt \u00fcber eine HellyTech Performance 2-lagige Verarbeitung mit PFC-freier langlebiger Wasserabweisung (DWR), die sie wasserdicht, winddicht und atmungsaktiv macht. Ausgestattet mit vollst\u00e4ndig versiegelten N\u00e4hten, schnell trocknendem Mesh-Futter, verst\u00e4rktem Sitz und Knien, einer hohen R\u00fcckenpartie mit verstellbaren Tr\u00e4gern, einer verstellbaren Taille, einem 2-Wege YKK\u00ae Frontrei\u00dfverschluss, einer Cargotasche, verstellbaren Bein\u00f6ffnungen sowie artikulierten Sitzen und Knien und Solas-konformen Reflexen.<\/p>\n","protected":false},"excerpt":{"rendered":"<p>Helly Hansen Pier Bib 4.0 Gr\u00f6\u00dfe L &#8211; Ebony Grey &#8211; Die Helly Hansen Pier Bib 4.0 ist ideal f\u00fcr<\/p>\n","protected":false},"featured_media":5949532,"comment_status":"open","ping_status":"closed","template":"","meta":[],"product_brand":[3000],"product_cat":[1570],"product_tag":[],"class_list":{"0":"post-5583674","1":"product","2":"type-product","3":"status-publish","4":"has-post-thumbnail","6":"product_brand-helly-hansen-de","7":"product_cat-nautische-bekleidung-helly-hansen","9":"first","10":"instock","11":"shipping-taxable","12":"purchasable","13":"product-type-simple"},"_links":{"self":[{"href":"https:\/\/stoic-curie.212-227-153-4.plesk.page\/de\/wp-json\/wp\/v2\/product\/5583674","targetHints":{"allow":["GET"]}}],"collection":[{"href":"https:\/\/stoic-curie.212-227-153-4.plesk.page\/de\/wp-json\/wp\/v2\/product"}],"about":[{"href":"https:\/\/stoic-curie.212-227-153-4.plesk.page\/de\/wp-json\/wp\/v2\/types\/product"}],"replies":[{"embeddable":true,"href":"https:\/\/stoic-curie.212-227-153-4.plesk.page\/de\/wp-json\/wp\/v2\/comments?post=5583674"}],"version-history":[{"count":0,"href":"https:\/\/stoic-curie.212-227-153-4.plesk.page\/de\/wp-json\/wp\/v2\/product\/5583674\/revisions"}],"wp:featuredmedia":[{"embeddable":true,"href":"https:\/\/stoic-curie.212-227-153-4.plesk.page\/de\/wp-json\/wp\/v2\/media\/5949532"}],"wp:attachment":[{"href":"https:\/\/stoic-curie.212-227-153-4.plesk.page\/de\/wp-json\/wp\/v2\/media?parent=5583674"}],"wp:term":[{"taxonomy":"product_brand","embeddable":true,"href":"https:\/\/stoic-curie.212-227-153-4.plesk.page\/de\/wp-json\/wp\/v2\/product_brand?post=5583674"},{"taxonomy":"product_cat","embeddable":true,"href":"https:\/\/stoic-curie.212-227-153-4.plesk.page\/de\/wp-json\/wp\/v2\/product_cat?post=5583674"},{"taxonomy":"product_tag","embeddable":true,"href":"https:\/\/stoic-curie.212-227-153-4.plesk.page\/de\/wp-json\/wp\/v2\/product_tag?post=5583674"}],"curies":[{"name":"wp","href":"https:\/\/api.w.org\/{rel}","templated":true}]}}