{"id":5583684,"date":"2026-01-31T15:20:10","date_gmt":"2026-01-31T14:20:10","guid":{"rendered":"https:\/\/stoic-curie.212-227-153-4.plesk.page\/product\/suzuki-edelstahlpropeller-solas-15-3-4-x-21-plus\/"},"modified":"2026-02-24T23:36:22","modified_gmt":"2026-02-24T23:36:22","slug":"suzuki-edelstahlpropeller-solas-15-3-4-x-21-plus","status":"publish","type":"product","link":"https:\/\/stoic-curie.212-227-153-4.plesk.page\/de\/product\/suzuki-edelstahlpropeller-solas-15-3-4-x-21-plus\/","title":{"rendered":"Suzuki &#8211; Edelstahlpropeller Solas 15 3\/4 x 21 (Plus)"},"content":{"rendered":"<p>Suzuki &#8211; Edelstahlpropeller Solas 15 3\/4 x 21 (Plus) &#8211; <\/p>\n<p>Edelstahl-Solas-Propeller f\u00fcr Au\u00dfenbordmotoren. Das hervorragende Design und die hohe Fertigungsqualit\u00e4t erm\u00f6glichen es, Solas-Propeller problemlos durch Originalpropeller zu ersetzen. Plus = Erh\u00f6hter Blattfl\u00e4chen-Propeller L = Linksl\u00e4ufer-Propeller (gegen den Uhrzeigersinn)<\/p>\n","protected":false},"excerpt":{"rendered":"<p>Suzuki &#8211; Edelstahlpropeller Solas 15 3\/4 x 21 (Plus) &#8211; Edelstahl-Solas-Propeller f\u00fcr Au\u00dfenbordmotoren. Das hervorragende Design und die hohe Fertigungsqualit\u00e4t<\/p>\n","protected":false},"featured_media":5945752,"comment_status":"open","ping_status":"closed","template":"","meta":[],"product_brand":[3410],"product_cat":[1545,1516],"product_tag":[],"class_list":{"0":"post-5583684","1":"product","2":"type-product","3":"status-publish","4":"has-post-thumbnail","6":"product_brand-solas-de","7":"product_cat-marine-ersatzteile-fuer-suzuki","8":"product_cat-propeller-fuer-aussenbordmotoren","10":"first","11":"instock","12":"shipping-taxable","13":"purchasable","14":"product-type-simple"},"_links":{"self":[{"href":"https:\/\/stoic-curie.212-227-153-4.plesk.page\/de\/wp-json\/wp\/v2\/product\/5583684","targetHints":{"allow":["GET"]}}],"collection":[{"href":"https:\/\/stoic-curie.212-227-153-4.plesk.page\/de\/wp-json\/wp\/v2\/product"}],"about":[{"href":"https:\/\/stoic-curie.212-227-153-4.plesk.page\/de\/wp-json\/wp\/v2\/types\/product"}],"replies":[{"embeddable":true,"href":"https:\/\/stoic-curie.212-227-153-4.plesk.page\/de\/wp-json\/wp\/v2\/comments?post=5583684"}],"version-history":[{"count":0,"href":"https:\/\/stoic-curie.212-227-153-4.plesk.page\/de\/wp-json\/wp\/v2\/product\/5583684\/revisions"}],"wp:featuredmedia":[{"embeddable":true,"href":"https:\/\/stoic-curie.212-227-153-4.plesk.page\/de\/wp-json\/wp\/v2\/media\/5945752"}],"wp:attachment":[{"href":"https:\/\/stoic-curie.212-227-153-4.plesk.page\/de\/wp-json\/wp\/v2\/media?parent=5583684"}],"wp:term":[{"taxonomy":"product_brand","embeddable":true,"href":"https:\/\/stoic-curie.212-227-153-4.plesk.page\/de\/wp-json\/wp\/v2\/product_brand?post=5583684"},{"taxonomy":"product_cat","embeddable":true,"href":"https:\/\/stoic-curie.212-227-153-4.plesk.page\/de\/wp-json\/wp\/v2\/product_cat?post=5583684"},{"taxonomy":"product_tag","embeddable":true,"href":"https:\/\/stoic-curie.212-227-153-4.plesk.page\/de\/wp-json\/wp\/v2\/product_tag?post=5583684"}],"curies":[{"name":"wp","href":"https:\/\/api.w.org\/{rel}","templated":true}]}}