{"id":5635672,"date":"2026-02-02T07:25:41","date_gmt":"2026-02-02T06:25:41","guid":{"rendered":"https:\/\/stoic-curie.212-227-153-4.plesk.page\/product\/marco-suesswasser-druckelektronische-pumpen-ref-up2-e\/"},"modified":"2026-02-24T23:35:39","modified_gmt":"2026-02-24T23:35:39","slug":"marco-suesswasser-druckelektronische-pumpen-ref-up2-e","status":"publish","type":"product","link":"https:\/\/stoic-curie.212-227-153-4.plesk.page\/de\/product\/marco-suesswasser-druckelektronische-pumpen-ref-up2-e\/","title":{"rendered":"Marco S\u00fc\u00dfwasser-Druckelektronische Pumpen REF UP2\/E"},"content":{"rendered":"<p>Marco S\u00fc\u00dfwasser-Druckelektronische Pumpen REF UP2\/E &#8211; <\/p>\n<p>Die elektronisch gesteuerten S\u00fc\u00dfwasser-Druckpumpen von Marco liefern bis zu 1,5 m f\u00fcr S\u00fc\u00df- und Salzwasseranwendungen. Diese Pumpen sind mit einem R\u00fcckschlagventil ausgestattet, um eine effiziente Nutzung zu gew\u00e4hrleisten. Die Elektronik stoppt die Pumpe automatisch bei Abwesenheit von Fl\u00fcssigkeit und optimiert den Stromverbrauch. Sie \u00fcberwachen kontinuierlich den Druck ohne den Einsatz von Drucktanks, was zu geringerem Verschlei\u00df der Komponenten und einer l\u00e4ngeren Lebensdauer des Systems f\u00fchrt.<\/p>\n","protected":false},"excerpt":{"rendered":"<p>Marco S\u00fc\u00dfwasser-Druckelektronische Pumpen REF UP2\/E &#8211; Die elektronisch gesteuerten S\u00fc\u00dfwasser-Druckpumpen von Marco liefern bis zu 1,5 m f\u00fcr S\u00fc\u00df- und<\/p>\n","protected":false},"featured_media":5945417,"comment_status":"open","ping_status":"closed","template":"","meta":[],"product_brand":[3095],"product_cat":[1373],"product_tag":[],"class_list":{"0":"post-5635672","1":"product","2":"type-product","3":"status-publish","4":"has-post-thumbnail","6":"product_brand-marco-de","7":"product_cat-wasserdruckpumpen","9":"first","10":"instock","11":"shipping-taxable","12":"purchasable","13":"product-type-simple"},"_links":{"self":[{"href":"https:\/\/stoic-curie.212-227-153-4.plesk.page\/de\/wp-json\/wp\/v2\/product\/5635672","targetHints":{"allow":["GET"]}}],"collection":[{"href":"https:\/\/stoic-curie.212-227-153-4.plesk.page\/de\/wp-json\/wp\/v2\/product"}],"about":[{"href":"https:\/\/stoic-curie.212-227-153-4.plesk.page\/de\/wp-json\/wp\/v2\/types\/product"}],"replies":[{"embeddable":true,"href":"https:\/\/stoic-curie.212-227-153-4.plesk.page\/de\/wp-json\/wp\/v2\/comments?post=5635672"}],"version-history":[{"count":0,"href":"https:\/\/stoic-curie.212-227-153-4.plesk.page\/de\/wp-json\/wp\/v2\/product\/5635672\/revisions"}],"wp:featuredmedia":[{"embeddable":true,"href":"https:\/\/stoic-curie.212-227-153-4.plesk.page\/de\/wp-json\/wp\/v2\/media\/5945417"}],"wp:attachment":[{"href":"https:\/\/stoic-curie.212-227-153-4.plesk.page\/de\/wp-json\/wp\/v2\/media?parent=5635672"}],"wp:term":[{"taxonomy":"product_brand","embeddable":true,"href":"https:\/\/stoic-curie.212-227-153-4.plesk.page\/de\/wp-json\/wp\/v2\/product_brand?post=5635672"},{"taxonomy":"product_cat","embeddable":true,"href":"https:\/\/stoic-curie.212-227-153-4.plesk.page\/de\/wp-json\/wp\/v2\/product_cat?post=5635672"},{"taxonomy":"product_tag","embeddable":true,"href":"https:\/\/stoic-curie.212-227-153-4.plesk.page\/de\/wp-json\/wp\/v2\/product_tag?post=5635672"}],"curies":[{"name":"wp","href":"https:\/\/api.w.org\/{rel}","templated":true}]}}