{"id":5635673,"date":"2026-02-02T07:25:42","date_gmt":"2026-02-02T06:25:42","guid":{"rendered":"https:\/\/stoic-curie.212-227-153-4.plesk.page\/product\/plastimo-mini-contest-kompass-schwarz\/"},"modified":"2026-02-24T23:35:39","modified_gmt":"2026-02-24T23:35:39","slug":"plastimo-mini-contest-kompass-schwarz","status":"publish","type":"product","link":"https:\/\/stoic-curie.212-227-153-4.plesk.page\/de\/product\/plastimo-mini-contest-kompass-schwarz\/","title":{"rendered":"Plastimo Mini Contest Kompass &#8211; Schwarz"},"content":{"rendered":"<p>Plastimo Mini Contest Kompass &#8211; Schwarz &#8211; <\/p>\n<p>Das Plastimo Mini Contest Kompass ist f\u00fcr die fl\u00e4chenb\u00fcndige Montage an vertikalen Schotten konzipiert.  <br \/>\u2022 Kartendurchmesser: 81 mm  <br \/>\u2022 Rote Karte mit wei\u00dfen Graduierungen alle 5\u00b0  <br \/>\u2022 Ideal f\u00fcr Segelboote bis zu 9 Meter L\u00e4nge  <br \/>\u2022 Wird mit Klinometer und Schutzdeckel geliefert  <br \/>\u2022 Ausgestattet mit Standard-LED-Beleuchtung f\u00fcr 12\/24 V (schneiden Sie die Dr\u00e4hte nicht ab, um Besch\u00e4digungen der LED zu vermeiden).<\/p>\n","protected":false},"excerpt":{"rendered":"<p>Plastimo Mini Contest Kompass &#8211; Schwarz &#8211; Das Plastimo Mini Contest Kompass ist f\u00fcr die fl\u00e4chenb\u00fcndige Montage an vertikalen Schotten<\/p>\n","protected":false},"featured_media":5634599,"comment_status":"open","ping_status":"closed","template":"","meta":[],"product_brand":[3205],"product_cat":[1493],"product_tag":[],"class_list":{"0":"post-5635673","1":"product","2":"type-product","3":"status-publish","4":"has-post-thumbnail","6":"product_brand-nova-argonautica-de","7":"product_cat-navigationskompass","9":"first","10":"instock","11":"shipping-taxable","12":"purchasable","13":"product-type-simple"},"_links":{"self":[{"href":"https:\/\/stoic-curie.212-227-153-4.plesk.page\/de\/wp-json\/wp\/v2\/product\/5635673","targetHints":{"allow":["GET"]}}],"collection":[{"href":"https:\/\/stoic-curie.212-227-153-4.plesk.page\/de\/wp-json\/wp\/v2\/product"}],"about":[{"href":"https:\/\/stoic-curie.212-227-153-4.plesk.page\/de\/wp-json\/wp\/v2\/types\/product"}],"replies":[{"embeddable":true,"href":"https:\/\/stoic-curie.212-227-153-4.plesk.page\/de\/wp-json\/wp\/v2\/comments?post=5635673"}],"version-history":[{"count":0,"href":"https:\/\/stoic-curie.212-227-153-4.plesk.page\/de\/wp-json\/wp\/v2\/product\/5635673\/revisions"}],"wp:featuredmedia":[{"embeddable":true,"href":"https:\/\/stoic-curie.212-227-153-4.plesk.page\/de\/wp-json\/wp\/v2\/media\/5634599"}],"wp:attachment":[{"href":"https:\/\/stoic-curie.212-227-153-4.plesk.page\/de\/wp-json\/wp\/v2\/media?parent=5635673"}],"wp:term":[{"taxonomy":"product_brand","embeddable":true,"href":"https:\/\/stoic-curie.212-227-153-4.plesk.page\/de\/wp-json\/wp\/v2\/product_brand?post=5635673"},{"taxonomy":"product_cat","embeddable":true,"href":"https:\/\/stoic-curie.212-227-153-4.plesk.page\/de\/wp-json\/wp\/v2\/product_cat?post=5635673"},{"taxonomy":"product_tag","embeddable":true,"href":"https:\/\/stoic-curie.212-227-153-4.plesk.page\/de\/wp-json\/wp\/v2\/product_tag?post=5635673"}],"curies":[{"name":"wp","href":"https:\/\/api.w.org\/{rel}","templated":true}]}}