{"id":5666724,"date":"2026-02-03T07:39:05","date_gmt":"2026-02-03T06:39:05","guid":{"rendered":"https:\/\/stoic-curie.212-227-153-4.plesk.page\/product\/plastimo-offshore-95-kompass-weiss\/"},"modified":"2026-02-24T23:35:39","modified_gmt":"2026-02-24T23:35:39","slug":"plastimo-offshore-95-kompass-weiss","status":"publish","type":"product","link":"https:\/\/stoic-curie.212-227-153-4.plesk.page\/de\/product\/plastimo-offshore-95-kompass-weiss\/","title":{"rendered":"Plastimo Offshore 95 Kompass &#8211; Wei\u00df"},"content":{"rendered":"<p>Plastimo Offshore 95 Kompass &#8211; Wei\u00df &#8211; <\/p>\n<p>Plastimo Offshore 95 Kompass f\u00fcr den fl\u00e4chenb\u00fcndigen Einbau.<br \/>\u2022 Kartendurchmesser: 81 mm<br \/>\u2022 Konische Karte mit 5\u00b0 Graduierungen, Frontansicht<br \/>\u2022 Geeignet f\u00fcr Motorboote von 6 bis 10 Metern<br \/>\u2022 Standard-LED-Beleuchtung 12\/24 V (schneiden Sie die Kabel nicht, um Sch\u00e4den an der LED zu vermeiden)<\/p>\n","protected":false},"excerpt":{"rendered":"<p>Plastimo Offshore 95 Kompass &#8211; Wei\u00df &#8211; Plastimo Offshore 95 Kompass f\u00fcr den fl\u00e4chenb\u00fcndigen Einbau.\u2022 Kartendurchmesser: 81 mm\u2022 Konische Karte<\/p>\n","protected":false},"featured_media":5665550,"comment_status":"open","ping_status":"closed","template":"","meta":[],"product_brand":[3205],"product_cat":[1493],"product_tag":[],"class_list":{"0":"post-5666724","1":"product","2":"type-product","3":"status-publish","4":"has-post-thumbnail","6":"product_brand-nova-argonautica-de","7":"product_cat-navigationskompass","9":"first","10":"instock","11":"shipping-taxable","12":"purchasable","13":"product-type-simple"},"_links":{"self":[{"href":"https:\/\/stoic-curie.212-227-153-4.plesk.page\/de\/wp-json\/wp\/v2\/product\/5666724","targetHints":{"allow":["GET"]}}],"collection":[{"href":"https:\/\/stoic-curie.212-227-153-4.plesk.page\/de\/wp-json\/wp\/v2\/product"}],"about":[{"href":"https:\/\/stoic-curie.212-227-153-4.plesk.page\/de\/wp-json\/wp\/v2\/types\/product"}],"replies":[{"embeddable":true,"href":"https:\/\/stoic-curie.212-227-153-4.plesk.page\/de\/wp-json\/wp\/v2\/comments?post=5666724"}],"version-history":[{"count":0,"href":"https:\/\/stoic-curie.212-227-153-4.plesk.page\/de\/wp-json\/wp\/v2\/product\/5666724\/revisions"}],"wp:featuredmedia":[{"embeddable":true,"href":"https:\/\/stoic-curie.212-227-153-4.plesk.page\/de\/wp-json\/wp\/v2\/media\/5665550"}],"wp:attachment":[{"href":"https:\/\/stoic-curie.212-227-153-4.plesk.page\/de\/wp-json\/wp\/v2\/media?parent=5666724"}],"wp:term":[{"taxonomy":"product_brand","embeddable":true,"href":"https:\/\/stoic-curie.212-227-153-4.plesk.page\/de\/wp-json\/wp\/v2\/product_brand?post=5666724"},{"taxonomy":"product_cat","embeddable":true,"href":"https:\/\/stoic-curie.212-227-153-4.plesk.page\/de\/wp-json\/wp\/v2\/product_cat?post=5666724"},{"taxonomy":"product_tag","embeddable":true,"href":"https:\/\/stoic-curie.212-227-153-4.plesk.page\/de\/wp-json\/wp\/v2\/product_tag?post=5666724"}],"curies":[{"name":"wp","href":"https:\/\/api.w.org\/{rel}","templated":true}]}}