{"id":5666725,"date":"2026-02-03T07:39:06","date_gmt":"2026-02-03T06:39:06","guid":{"rendered":"https:\/\/stoic-curie.212-227-153-4.plesk.page\/product\/clarion-cmr-20-fernbedienung\/"},"modified":"2026-02-24T23:35:45","modified_gmt":"2026-02-24T23:35:45","slug":"clarion-cmr-20-fernbedienung","status":"publish","type":"product","link":"https:\/\/stoic-curie.212-227-153-4.plesk.page\/de\/product\/clarion-cmr-20-fernbedienung\/","title":{"rendered":"Clarion CMR-20 Fernbedienung"},"content":{"rendered":"<p>Clarion CMR-20 Fernbedienung &#8211; <\/p>\n<p>Pr\u00e4sentation der Clarion CMR-20, einer kabelgebundenen Fernbedienung mit LCD-Display und beleuchteten Tasten. Sie verf\u00fcgt \u00fcber integriertes Bluetooth f\u00fcr unkompliziertes Audio-Streaming von Smartphones. Das IP67-wasserfeste Geh\u00e4use gew\u00e4hrleistet Langlebigkeit unter verschiedenen Bedingungen. Im Lieferumfang sind Verbindungskabel, ein Montagezubeh\u00f6r und Schrauben enthalten. Die Fernbedienung ist kompatibel mit den Clarion CMM-20, CMM-30 und CMM-30BB Radios.<\/p>\n","protected":false},"excerpt":{"rendered":"<p>Clarion CMR-20 Fernbedienung &#8211; Pr\u00e4sentation der Clarion CMR-20, einer kabelgebundenen Fernbedienung mit LCD-Display und beleuchteten Tasten. Sie verf\u00fcgt \u00fcber integriertes<\/p>\n","protected":false},"featured_media":5665595,"comment_status":"open","ping_status":"closed","template":"","meta":[],"product_brand":[3205],"product_cat":[1446],"product_tag":[],"class_list":{"0":"post-5666725","1":"product","2":"type-product","3":"status-publish","4":"has-post-thumbnail","6":"product_brand-nova-argonautica-de","7":"product_cat-stereoanlage-und-lautsprecher","9":"first","10":"outofstock","11":"shipping-taxable","12":"purchasable","13":"product-type-simple"},"_links":{"self":[{"href":"https:\/\/stoic-curie.212-227-153-4.plesk.page\/de\/wp-json\/wp\/v2\/product\/5666725","targetHints":{"allow":["GET"]}}],"collection":[{"href":"https:\/\/stoic-curie.212-227-153-4.plesk.page\/de\/wp-json\/wp\/v2\/product"}],"about":[{"href":"https:\/\/stoic-curie.212-227-153-4.plesk.page\/de\/wp-json\/wp\/v2\/types\/product"}],"replies":[{"embeddable":true,"href":"https:\/\/stoic-curie.212-227-153-4.plesk.page\/de\/wp-json\/wp\/v2\/comments?post=5666725"}],"version-history":[{"count":0,"href":"https:\/\/stoic-curie.212-227-153-4.plesk.page\/de\/wp-json\/wp\/v2\/product\/5666725\/revisions"}],"wp:featuredmedia":[{"embeddable":true,"href":"https:\/\/stoic-curie.212-227-153-4.plesk.page\/de\/wp-json\/wp\/v2\/media\/5665595"}],"wp:attachment":[{"href":"https:\/\/stoic-curie.212-227-153-4.plesk.page\/de\/wp-json\/wp\/v2\/media?parent=5666725"}],"wp:term":[{"taxonomy":"product_brand","embeddable":true,"href":"https:\/\/stoic-curie.212-227-153-4.plesk.page\/de\/wp-json\/wp\/v2\/product_brand?post=5666725"},{"taxonomy":"product_cat","embeddable":true,"href":"https:\/\/stoic-curie.212-227-153-4.plesk.page\/de\/wp-json\/wp\/v2\/product_cat?post=5666725"},{"taxonomy":"product_tag","embeddable":true,"href":"https:\/\/stoic-curie.212-227-153-4.plesk.page\/de\/wp-json\/wp\/v2\/product_tag?post=5666725"}],"curies":[{"name":"wp","href":"https:\/\/api.w.org\/{rel}","templated":true}]}}