{"id":5666726,"date":"2026-02-03T07:39:07","date_gmt":"2026-02-03T06:39:07","guid":{"rendered":"https:\/\/stoic-curie.212-227-153-4.plesk.page\/product\/musto-evo-crew-softshell-jacke-groesse-s-marineblau\/"},"modified":"2026-02-24T23:35:53","modified_gmt":"2026-02-24T23:35:53","slug":"musto-evo-crew-softshell-jacke-groesse-s-marineblau","status":"publish","type":"product","link":"https:\/\/stoic-curie.212-227-153-4.plesk.page\/de\/product\/musto-evo-crew-softshell-jacke-groesse-s-marineblau\/","title":{"rendered":"Musto Evo Crew Softshell-Jacke Gr\u00f6\u00dfe S &#8211; Marineblau"},"content":{"rendered":"<p>Musto Evo Crew Softshell-Jacke Gr\u00f6\u00dfe S &#8211; Marineblau &#8211; <\/p>\n<p>Die Musto Evo Crew Softshell-Jacke besteht aus dehnbarem Softshell-Material, das atmungsaktiv und winddicht ist. Sie verf\u00fcgt \u00fcber eine PFC-freie DWR (Langlebige Wasserabweisende) Behandlung, zwei Seitentaschen mit YKK\u00ae Rei\u00dfverschluss und elastische Kanten am Saum und an den B\u00fcndchen f\u00fcr einen engen Sitz. <br \/>Klicken Sie hier, um die genaue Gr\u00f6\u00dfe zu \u00fcberpr\u00fcfen:<\/p>\n","protected":false},"excerpt":{"rendered":"<p>Musto Evo Crew Softshell-Jacke Gr\u00f6\u00dfe S &#8211; Marineblau &#8211; Die Musto Evo Crew Softshell-Jacke besteht aus dehnbarem Softshell-Material, das atmungsaktiv<\/p>\n","protected":false},"featured_media":5665636,"comment_status":"open","ping_status":"closed","template":"","meta":[],"product_brand":[3155],"product_cat":[1567],"product_tag":[],"class_list":{"0":"post-5666726","1":"product","2":"type-product","3":"status-publish","4":"has-post-thumbnail","6":"product_brand-musto-de","7":"product_cat-segelbekleidung-musto","9":"first","10":"instock","11":"shipping-taxable","12":"purchasable","13":"product-type-simple"},"_links":{"self":[{"href":"https:\/\/stoic-curie.212-227-153-4.plesk.page\/de\/wp-json\/wp\/v2\/product\/5666726","targetHints":{"allow":["GET"]}}],"collection":[{"href":"https:\/\/stoic-curie.212-227-153-4.plesk.page\/de\/wp-json\/wp\/v2\/product"}],"about":[{"href":"https:\/\/stoic-curie.212-227-153-4.plesk.page\/de\/wp-json\/wp\/v2\/types\/product"}],"replies":[{"embeddable":true,"href":"https:\/\/stoic-curie.212-227-153-4.plesk.page\/de\/wp-json\/wp\/v2\/comments?post=5666726"}],"version-history":[{"count":0,"href":"https:\/\/stoic-curie.212-227-153-4.plesk.page\/de\/wp-json\/wp\/v2\/product\/5666726\/revisions"}],"wp:featuredmedia":[{"embeddable":true,"href":"https:\/\/stoic-curie.212-227-153-4.plesk.page\/de\/wp-json\/wp\/v2\/media\/5665636"}],"wp:attachment":[{"href":"https:\/\/stoic-curie.212-227-153-4.plesk.page\/de\/wp-json\/wp\/v2\/media?parent=5666726"}],"wp:term":[{"taxonomy":"product_brand","embeddable":true,"href":"https:\/\/stoic-curie.212-227-153-4.plesk.page\/de\/wp-json\/wp\/v2\/product_brand?post=5666726"},{"taxonomy":"product_cat","embeddable":true,"href":"https:\/\/stoic-curie.212-227-153-4.plesk.page\/de\/wp-json\/wp\/v2\/product_cat?post=5666726"},{"taxonomy":"product_tag","embeddable":true,"href":"https:\/\/stoic-curie.212-227-153-4.plesk.page\/de\/wp-json\/wp\/v2\/product_tag?post=5666726"}],"curies":[{"name":"wp","href":"https:\/\/api.w.org\/{rel}","templated":true}]}}