{"id":5666750,"date":"2026-02-03T07:39:29","date_gmt":"2026-02-03T06:39:29","guid":{"rendered":"https:\/\/stoic-curie.212-227-153-4.plesk.page\/product\/hh-skagen-f-1-offshore-schuhe-groesse-42-85-marineblau\/"},"modified":"2026-02-24T23:35:53","modified_gmt":"2026-02-24T23:35:53","slug":"hh-skagen-f-1-offshore-schuhe-groesse-42-85-marineblau","status":"publish","type":"product","link":"https:\/\/stoic-curie.212-227-153-4.plesk.page\/de\/product\/hh-skagen-f-1-offshore-schuhe-groesse-42-85-marineblau\/","title":{"rendered":"Hh Skagen F-1 Offshore-Schuhe Gr\u00f6\u00dfe 42 (8,5) &#8211; Marineblau"},"content":{"rendered":"<p>Hh Skagen F-1 Offshore-Schuhe Gr\u00f6\u00dfe 42 (8,5) &#8211; Marineblau &#8211; <\/p>\n<p>Entdecken Sie den Hochleistungs-Segelsneaker von Helly Hansen mit atmungsaktivem, flexiblem, nahtlosem, hydrophobem und schnell trocknendem Mesh-Obermaterial. Die Sohle ist so konzipiert, dass sie Ihre F\u00fc\u00dfe vor Deckhardware und Felsen sch\u00fctzt, ausgestattet mit einer geformten, antibakteriellen und herausnehmbaren EVA-Einlage sowie einer Medialposting der 2. Dichte. Die flexible Laufsohle verf\u00fcgt \u00fcber ein multidirektionales Grip-System, Entw\u00e4sserungskan\u00e4le und rutschfestes Gummi f\u00fcr optimalen Halt.<\/p>\n","protected":false},"excerpt":{"rendered":"<p>Hh Skagen F-1 Offshore-Schuhe Gr\u00f6\u00dfe 42 (8,5) &#8211; Marineblau &#8211; Entdecken Sie den Hochleistungs-Segelsneaker von Helly Hansen mit atmungsaktivem, flexiblem,<\/p>\n","protected":false},"featured_media":5665805,"comment_status":"open","ping_status":"closed","template":"","meta":[],"product_brand":[3000],"product_cat":[1573],"product_tag":[],"class_list":{"0":"post-5666750","1":"product","2":"type-product","3":"status-publish","4":"has-post-thumbnail","6":"product_brand-helly-hansen-de","7":"product_cat-nautische-schuhe","9":"first","10":"instock","11":"shipping-taxable","12":"purchasable","13":"product-type-simple"},"_links":{"self":[{"href":"https:\/\/stoic-curie.212-227-153-4.plesk.page\/de\/wp-json\/wp\/v2\/product\/5666750","targetHints":{"allow":["GET"]}}],"collection":[{"href":"https:\/\/stoic-curie.212-227-153-4.plesk.page\/de\/wp-json\/wp\/v2\/product"}],"about":[{"href":"https:\/\/stoic-curie.212-227-153-4.plesk.page\/de\/wp-json\/wp\/v2\/types\/product"}],"replies":[{"embeddable":true,"href":"https:\/\/stoic-curie.212-227-153-4.plesk.page\/de\/wp-json\/wp\/v2\/comments?post=5666750"}],"version-history":[{"count":0,"href":"https:\/\/stoic-curie.212-227-153-4.plesk.page\/de\/wp-json\/wp\/v2\/product\/5666750\/revisions"}],"wp:featuredmedia":[{"embeddable":true,"href":"https:\/\/stoic-curie.212-227-153-4.plesk.page\/de\/wp-json\/wp\/v2\/media\/5665805"}],"wp:attachment":[{"href":"https:\/\/stoic-curie.212-227-153-4.plesk.page\/de\/wp-json\/wp\/v2\/media?parent=5666750"}],"wp:term":[{"taxonomy":"product_brand","embeddable":true,"href":"https:\/\/stoic-curie.212-227-153-4.plesk.page\/de\/wp-json\/wp\/v2\/product_brand?post=5666750"},{"taxonomy":"product_cat","embeddable":true,"href":"https:\/\/stoic-curie.212-227-153-4.plesk.page\/de\/wp-json\/wp\/v2\/product_cat?post=5666750"},{"taxonomy":"product_tag","embeddable":true,"href":"https:\/\/stoic-curie.212-227-153-4.plesk.page\/de\/wp-json\/wp\/v2\/product_tag?post=5666750"}],"curies":[{"name":"wp","href":"https:\/\/api.w.org\/{rel}","templated":true}]}}