{"id":5666755,"date":"2026-02-03T07:39:34","date_gmt":"2026-02-03T06:39:34","guid":{"rendered":"https:\/\/stoic-curie.212-227-153-4.plesk.page\/product\/hh-skagen-f-1-offshore-schuhe-groesse-45-11-navy-blau\/"},"modified":"2026-02-24T23:35:53","modified_gmt":"2026-02-24T23:35:53","slug":"hh-skagen-f-1-offshore-schuhe-groesse-45-11-navy-blau","status":"publish","type":"product","link":"https:\/\/stoic-curie.212-227-153-4.plesk.page\/de\/product\/hh-skagen-f-1-offshore-schuhe-groesse-45-11-navy-blau\/","title":{"rendered":"Hh Skagen F-1 Offshore-Schuhe Gr\u00f6\u00dfe 45 (11) &#8211; Navy Blau"},"content":{"rendered":"<p>Hh Skagen F-1 Offshore-Schuhe Gr\u00f6\u00dfe 45 (11) &#8211; Navy Blau &#8211; <\/p>\n<p>Erleben Sie die Hochleistungs-Sehlschuhe von Helly Hansen, die mit atmungsaktivem, flexiblem, nahtlos und hydrophobem, schnell trocknendem Mesh hergestellt sind. Die Sohle sch\u00fctzt die F\u00fc\u00dfe sowohl vor Deckhardware als auch vor Felsen und ist mit einer geformten, antibakteriellen, herausnehmbaren EVA-Einlegesohle und einer zweiten Dichte medialen St\u00fctze ausgestattet. Die flexible Laufsohle verf\u00fcgt \u00fcber ein multidirektionales Grip-System, Entw\u00e4sserungskan\u00e4le und rutschfeste Gummierung.<\/p>\n","protected":false},"excerpt":{"rendered":"<p>Hh Skagen F-1 Offshore-Schuhe Gr\u00f6\u00dfe 45 (11) &#8211; Navy Blau &#8211; Erleben Sie die Hochleistungs-Sehlschuhe von Helly Hansen, die mit<\/p>\n","protected":false},"featured_media":5665805,"comment_status":"open","ping_status":"closed","template":"","meta":[],"product_brand":[3000],"product_cat":[1573],"product_tag":[],"class_list":{"0":"post-5666755","1":"product","2":"type-product","3":"status-publish","4":"has-post-thumbnail","6":"product_brand-helly-hansen-de","7":"product_cat-nautische-schuhe","9":"first","10":"instock","11":"shipping-taxable","12":"purchasable","13":"product-type-simple"},"_links":{"self":[{"href":"https:\/\/stoic-curie.212-227-153-4.plesk.page\/de\/wp-json\/wp\/v2\/product\/5666755","targetHints":{"allow":["GET"]}}],"collection":[{"href":"https:\/\/stoic-curie.212-227-153-4.plesk.page\/de\/wp-json\/wp\/v2\/product"}],"about":[{"href":"https:\/\/stoic-curie.212-227-153-4.plesk.page\/de\/wp-json\/wp\/v2\/types\/product"}],"replies":[{"embeddable":true,"href":"https:\/\/stoic-curie.212-227-153-4.plesk.page\/de\/wp-json\/wp\/v2\/comments?post=5666755"}],"version-history":[{"count":0,"href":"https:\/\/stoic-curie.212-227-153-4.plesk.page\/de\/wp-json\/wp\/v2\/product\/5666755\/revisions"}],"wp:featuredmedia":[{"embeddable":true,"href":"https:\/\/stoic-curie.212-227-153-4.plesk.page\/de\/wp-json\/wp\/v2\/media\/5665805"}],"wp:attachment":[{"href":"https:\/\/stoic-curie.212-227-153-4.plesk.page\/de\/wp-json\/wp\/v2\/media?parent=5666755"}],"wp:term":[{"taxonomy":"product_brand","embeddable":true,"href":"https:\/\/stoic-curie.212-227-153-4.plesk.page\/de\/wp-json\/wp\/v2\/product_brand?post=5666755"},{"taxonomy":"product_cat","embeddable":true,"href":"https:\/\/stoic-curie.212-227-153-4.plesk.page\/de\/wp-json\/wp\/v2\/product_cat?post=5666755"},{"taxonomy":"product_tag","embeddable":true,"href":"https:\/\/stoic-curie.212-227-153-4.plesk.page\/de\/wp-json\/wp\/v2\/product_tag?post=5666755"}],"curies":[{"name":"wp","href":"https:\/\/api.w.org\/{rel}","templated":true}]}}